{"id":20117,"date":"2026-03-09T16:42:22","date_gmt":"2026-03-09T15:42:22","guid":{"rendered":"https:\/\/www.atlantastretch.com\/?post_type=product&#038;p=20117"},"modified":"2026-03-13T12:47:58","modified_gmt":"2026-03-13T11:47:58","slug":"sipario","status":"publish","type":"product","link":"https:\/\/www.atlantastretch.com\/de\/product\/sipario\/","title":{"rendered":"SIPARIO"},"content":{"rendered":"<h3>Sipario ist das von Atlanta Robotics entwickelte Robotersystem zum automatischen Entfernen von Folie oder Umreifungsband von Paletten.<\/h3>\n<p>Dieser Vorgang wird in den meisten Linien, die \u00fcber ein Depalettierungssystem verf\u00fcgen, noch immer von einem Bediener ausgef\u00fchrt.<\/p>\n<p>Genau in dieser bislang nicht automatisierten Phase kommt Sipario ins Spiel: ein System, das manuellen Eingriff \u00fcberfl\u00fcssig macht und so <strong>Sicherheit, Effizienz und Betriebskontinuit\u00e4t verbessert.<\/strong><\/p>\n<p>Dank seines mit Sensoren ausgestatteten <strong>Multifunktionskopfes<\/strong> erkennt der Roboter die Geometrie der Ladung und schneidet die Schrumpffolie, Stretchfolie oder das Umreifungsband mit h\u00f6chster Pr\u00e4zision zu, wobei er sich dank einer Reihe von Sensoren in Echtzeit an die Form der Paletten anpasst. Dies erm\u00f6glicht die <strong>vollst\u00e4ndig automatische und \u00e4u\u00dferst pr\u00e4zise Abwicklung von Produktionen mit Paletten unterschiedlicher Formen und Gr\u00f6\u00dfen<\/strong>.<\/p>\n<p>Die Folie und das Umreifungsband werden entfernt,<strong> ohne das palettierte Produkt zu belasten<\/strong>, wodurch St\u00fcrze oder Br\u00fcche vermieden werden. Diese Phase am Ende der Produktionslinie wird so optimiert, dass eine <strong>kontinuierliche Produktion<\/strong> gew\u00e4hrleistet und Ausfallzeiten der Anlage auf ein Minimum reduziert werden.<\/p>\n<p>&nbsp;<\/p>\n","protected":false},"excerpt":{"rendered":"<ul>\n<li><strong>Automatische Entfernung von Folie und Umreifungsband<\/strong><\/li>\n<li><strong>Automatische<\/strong> Handhabung von <strong>Paletten unterschiedlicher Gr\u00f6\u00dfe und Form<\/strong><\/li>\n<li><strong>Reduzierung von Stillstandzeiten<\/strong> und h\u00f6here Produktionskontinuit\u00e4t.<\/li>\n<li><strong>Modulares System, geringer Platzbedarf und einfache Implementierung.<\/strong><\/li>\n<li><strong>Erh\u00f6hte Sicherheit<\/strong> f\u00fcr das Bedienpersonal durch den Wegfall risikobehafteter manueller T\u00e4tigkeiten.<\/li>\n<li>Optimierung des Linienendes durch <strong>intelligente Automatisierung.<\/strong><\/li>\n<li><strong>Automatische Entsorgung von Folien- oder Umreifungsbandabf\u00e4llen<\/strong> mittels Zerkleinerungs- und Sammelsystem.<\/li>\n<li>M\u00f6glichkeit der <strong>R\u00fcckgewinnung und Verwertung von Abfallmaterial<\/strong>.<\/li>\n<\/ul>\n","protected":false},"featured_media":20574,"comment_status":"closed","ping_status":"closed","template":"","meta":{"_acf_changed":false,"_et_pb_use_builder":"","_et_pb_old_content":"","_et_gb_content_width":"","_crsspst_to_wwwglobustapecom":false},"tecnologia":[],"product_cat":[442],"product_tag":[],"class_list":{"0":"post-20117","1":"product","2":"type-product","3":"status-publish","4":"has-post-thumbnail","6":"product_cat-sipario-de","8":"first","9":"instock","10":"shipping-taxable","11":"product-type-simple"},"acf":[],"yoast_head":"<!-- This site is optimized with the Yoast SEO plugin v22.9 - https:\/\/yoast.com\/wordpress\/plugins\/seo\/ -->\n<title>SIPARIO - Atlanta Stretch<\/title>\n<meta name=\"description\" content=\"- SIPARIO - Atlanta Stretch %\" \/>\n<meta name=\"robots\" content=\"index, follow, max-snippet:-1, max-image-preview:large, max-video-preview:-1\" \/>\n<link rel=\"canonical\" href=\"https:\/\/www.atlantastretch.com\/de\/product\/sipario\/\" \/>\n<meta property=\"og:locale\" content=\"de_DE\" \/>\n<meta property=\"og:type\" content=\"article\" \/>\n<meta property=\"og:title\" content=\"SIPARIO - Atlanta Stretch\" \/>\n<meta property=\"og:description\" content=\"- SIPARIO - Atlanta Stretch %\" \/>\n<meta property=\"og:site_name\" content=\"Atlanta Stretch\" \/>\n<meta property=\"article:publisher\" content=\"https:\/\/www.facebook.com\/atlantastretchspa\" \/>\n<meta property=\"article:modified_time\" content=\"2026-03-13T11:47:58+00:00\" \/>\n<meta property=\"og:image\" content=\"https:\/\/www.atlantastretch.com\/wp-content\/uploads\/2026\/03\/1080x1080_sipario_tiny.png\" \/>\n\t<meta property=\"og:image:width\" content=\"1080\" \/>\n\t<meta property=\"og:image:height\" content=\"1080\" \/>\n\t<meta property=\"og:image:type\" content=\"image\/png\" \/>\n<meta name=\"twitter:card\" content=\"summary_large_image\" \/>\n<script type=\"application\/ld+json\" class=\"yoast-schema-graph\">{\"@context\":\"https:\/\/schema.org\",\"@graph\":[{\"@type\":\"WebPage\",\"@id\":\"https:\/\/www.atlantastretch.com\/de\/product\/sipario\/\",\"url\":\"https:\/\/www.atlantastretch.com\/de\/product\/sipario\/\",\"name\":\"SIPARIO - Atlanta Stretch\",\"isPartOf\":{\"@id\":\"https:\/\/www.atlantastretch.com\/de\/#website\"},\"primaryImageOfPage\":{\"@id\":\"https:\/\/www.atlantastretch.com\/de\/product\/sipario\/#primaryimage\"},\"image\":{\"@id\":\"https:\/\/www.atlantastretch.com\/de\/product\/sipario\/#primaryimage\"},\"thumbnailUrl\":\"https:\/\/www.atlantastretch.com\/wp-content\/uploads\/2026\/03\/1080x1080_sipario_tiny-1.png\",\"datePublished\":\"2026-03-09T15:42:22+00:00\",\"dateModified\":\"2026-03-13T11:47:58+00:00\",\"description\":\"- SIPARIO - Atlanta Stretch %\",\"breadcrumb\":{\"@id\":\"https:\/\/www.atlantastretch.com\/de\/product\/sipario\/#breadcrumb\"},\"inLanguage\":\"de\",\"potentialAction\":[{\"@type\":\"ReadAction\",\"target\":[\"https:\/\/www.atlantastretch.com\/de\/product\/sipario\/\"]}]},{\"@type\":\"ImageObject\",\"inLanguage\":\"de\",\"@id\":\"https:\/\/www.atlantastretch.com\/de\/product\/sipario\/#primaryimage\",\"url\":\"https:\/\/www.atlantastretch.com\/wp-content\/uploads\/2026\/03\/1080x1080_sipario_tiny-1.png\",\"contentUrl\":\"https:\/\/www.atlantastretch.com\/wp-content\/uploads\/2026\/03\/1080x1080_sipario_tiny-1.png\",\"width\":1080,\"height\":1080},{\"@type\":\"BreadcrumbList\",\"@id\":\"https:\/\/www.atlantastretch.com\/de\/product\/sipario\/#breadcrumb\",\"itemListElement\":[{\"@type\":\"ListItem\",\"position\":1,\"name\":\"Home\",\"item\":\"https:\/\/www.atlantastretch.com\/de\/\"},{\"@type\":\"ListItem\",\"position\":2,\"name\":\"Shop\",\"item\":\"https:\/\/www.atlantastretch.com\/de\/shop\/\"},{\"@type\":\"ListItem\",\"position\":3,\"name\":\"SIPARIO\"}]},{\"@type\":\"WebSite\",\"@id\":\"https:\/\/www.atlantastretch.com\/de\/#website\",\"url\":\"https:\/\/www.atlantastretch.com\/de\/\",\"name\":\"Atlanta Stretch\",\"description\":\"Macchine per imballaggio pallet con film\",\"publisher\":{\"@id\":\"https:\/\/www.atlantastretch.com\/de\/#organization\"},\"alternateName\":\"Atlanta Stretch soluzioni per il finelinea\",\"potentialAction\":[{\"@type\":\"SearchAction\",\"target\":{\"@type\":\"EntryPoint\",\"urlTemplate\":\"https:\/\/www.atlantastretch.com\/de\/?s={search_term_string}\"},\"query-input\":\"required name=search_term_string\"}],\"inLanguage\":\"de\"},{\"@type\":\"Organization\",\"@id\":\"https:\/\/www.atlantastretch.com\/de\/#organization\",\"name\":\"Atlanta Stretch\",\"alternateName\":\"Atlanta Stretch soluzioni per il finelinea\",\"url\":\"https:\/\/www.atlantastretch.com\/de\/\",\"logo\":{\"@type\":\"ImageObject\",\"inLanguage\":\"de\",\"@id\":\"https:\/\/www.atlantastretch.com\/de\/#\/schema\/logo\/image\/\",\"url\":\"https:\/\/www.atlantastretch.com\/wp-content\/uploads\/2024\/01\/cropped-logotipo-rosso.png\",\"contentUrl\":\"https:\/\/www.atlantastretch.com\/wp-content\/uploads\/2024\/01\/cropped-logotipo-rosso.png\",\"width\":512,\"height\":512,\"caption\":\"Atlanta Stretch\"},\"image\":{\"@id\":\"https:\/\/www.atlantastretch.com\/de\/#\/schema\/logo\/image\/\"},\"sameAs\":[\"https:\/\/www.facebook.com\/atlantastretchspa\",\"https:\/\/www.instagram.com\/atlantastretch_official\/\",\"https:\/\/www.linkedin.com\/company\/atlanta-stretch-spa\/\",\"https:\/\/www.youtube.com\/channel\/UCqNtlDqg_fw0AIH20Kfj04Q\"]}]}<\/script>\n<!-- \/ Yoast SEO plugin. -->","yoast_head_json":{"title":"SIPARIO - Atlanta Stretch","description":"- SIPARIO - Atlanta Stretch %","robots":{"index":"index","follow":"follow","max-snippet":"max-snippet:-1","max-image-preview":"max-image-preview:large","max-video-preview":"max-video-preview:-1"},"canonical":"https:\/\/www.atlantastretch.com\/de\/product\/sipario\/","og_locale":"de_DE","og_type":"article","og_title":"SIPARIO - Atlanta Stretch","og_description":"- SIPARIO - Atlanta Stretch %","og_site_name":"Atlanta Stretch","article_publisher":"https:\/\/www.facebook.com\/atlantastretchspa","article_modified_time":"2026-03-13T11:47:58+00:00","og_image":[{"width":1080,"height":1080,"url":"https:\/\/www.atlantastretch.com\/wp-content\/uploads\/2026\/03\/1080x1080_sipario_tiny.png","type":"image\/png"}],"twitter_card":"summary_large_image","schema":{"@context":"https:\/\/schema.org","@graph":[{"@type":"WebPage","@id":"https:\/\/www.atlantastretch.com\/de\/product\/sipario\/","url":"https:\/\/www.atlantastretch.com\/de\/product\/sipario\/","name":"SIPARIO - Atlanta Stretch","isPartOf":{"@id":"https:\/\/www.atlantastretch.com\/de\/#website"},"primaryImageOfPage":{"@id":"https:\/\/www.atlantastretch.com\/de\/product\/sipario\/#primaryimage"},"image":{"@id":"https:\/\/www.atlantastretch.com\/de\/product\/sipario\/#primaryimage"},"thumbnailUrl":"https:\/\/www.atlantastretch.com\/wp-content\/uploads\/2026\/03\/1080x1080_sipario_tiny-1.png","datePublished":"2026-03-09T15:42:22+00:00","dateModified":"2026-03-13T11:47:58+00:00","description":"- SIPARIO - Atlanta Stretch %","breadcrumb":{"@id":"https:\/\/www.atlantastretch.com\/de\/product\/sipario\/#breadcrumb"},"inLanguage":"de","potentialAction":[{"@type":"ReadAction","target":["https:\/\/www.atlantastretch.com\/de\/product\/sipario\/"]}]},{"@type":"ImageObject","inLanguage":"de","@id":"https:\/\/www.atlantastretch.com\/de\/product\/sipario\/#primaryimage","url":"https:\/\/www.atlantastretch.com\/wp-content\/uploads\/2026\/03\/1080x1080_sipario_tiny-1.png","contentUrl":"https:\/\/www.atlantastretch.com\/wp-content\/uploads\/2026\/03\/1080x1080_sipario_tiny-1.png","width":1080,"height":1080},{"@type":"BreadcrumbList","@id":"https:\/\/www.atlantastretch.com\/de\/product\/sipario\/#breadcrumb","itemListElement":[{"@type":"ListItem","position":1,"name":"Home","item":"https:\/\/www.atlantastretch.com\/de\/"},{"@type":"ListItem","position":2,"name":"Shop","item":"https:\/\/www.atlantastretch.com\/de\/shop\/"},{"@type":"ListItem","position":3,"name":"SIPARIO"}]},{"@type":"WebSite","@id":"https:\/\/www.atlantastretch.com\/de\/#website","url":"https:\/\/www.atlantastretch.com\/de\/","name":"Atlanta Stretch","description":"Macchine per imballaggio pallet con film","publisher":{"@id":"https:\/\/www.atlantastretch.com\/de\/#organization"},"alternateName":"Atlanta Stretch soluzioni per il finelinea","potentialAction":[{"@type":"SearchAction","target":{"@type":"EntryPoint","urlTemplate":"https:\/\/www.atlantastretch.com\/de\/?s={search_term_string}"},"query-input":"required name=search_term_string"}],"inLanguage":"de"},{"@type":"Organization","@id":"https:\/\/www.atlantastretch.com\/de\/#organization","name":"Atlanta Stretch","alternateName":"Atlanta Stretch soluzioni per il finelinea","url":"https:\/\/www.atlantastretch.com\/de\/","logo":{"@type":"ImageObject","inLanguage":"de","@id":"https:\/\/www.atlantastretch.com\/de\/#\/schema\/logo\/image\/","url":"https:\/\/www.atlantastretch.com\/wp-content\/uploads\/2024\/01\/cropped-logotipo-rosso.png","contentUrl":"https:\/\/www.atlantastretch.com\/wp-content\/uploads\/2024\/01\/cropped-logotipo-rosso.png","width":512,"height":512,"caption":"Atlanta Stretch"},"image":{"@id":"https:\/\/www.atlantastretch.com\/de\/#\/schema\/logo\/image\/"},"sameAs":["https:\/\/www.facebook.com\/atlantastretchspa","https:\/\/www.instagram.com\/atlantastretch_official\/","https:\/\/www.linkedin.com\/company\/atlanta-stretch-spa\/","https:\/\/www.youtube.com\/channel\/UCqNtlDqg_fw0AIH20Kfj04Q"]}]}},"_links":{"self":[{"href":"https:\/\/www.atlantastretch.com\/de\/wp-json\/wp\/v2\/product\/20117","targetHints":{"allow":["GET"]}}],"collection":[{"href":"https:\/\/www.atlantastretch.com\/de\/wp-json\/wp\/v2\/product"}],"about":[{"href":"https:\/\/www.atlantastretch.com\/de\/wp-json\/wp\/v2\/types\/product"}],"replies":[{"embeddable":true,"href":"https:\/\/www.atlantastretch.com\/de\/wp-json\/wp\/v2\/comments?post=20117"}],"wp:featuredmedia":[{"embeddable":true,"href":"https:\/\/www.atlantastretch.com\/de\/wp-json\/wp\/v2\/media\/20574"}],"wp:attachment":[{"href":"https:\/\/www.atlantastretch.com\/de\/wp-json\/wp\/v2\/media?parent=20117"}],"wp:term":[{"taxonomy":"tecnologia","embeddable":true,"href":"https:\/\/www.atlantastretch.com\/de\/wp-json\/wp\/v2\/tecnologia?post=20117"},{"taxonomy":"product_cat","embeddable":true,"href":"https:\/\/www.atlantastretch.com\/de\/wp-json\/wp\/v2\/product_cat?post=20117"},{"taxonomy":"product_tag","embeddable":true,"href":"https:\/\/www.atlantastretch.com\/de\/wp-json\/wp\/v2\/product_tag?post=20117"}],"curies":[{"name":"wp","href":"https:\/\/api.w.org\/{rel}","templated":true}]}}