{"id":7226,"date":"2024-02-13T13:50:30","date_gmt":"2024-02-13T12:50:30","guid":{"rendered":"https:\/\/www.atlantastretch.com\/prodotto\/revolution-ls\/"},"modified":"2024-03-05T10:46:07","modified_gmt":"2024-03-05T09:46:07","slug":"revolution-ls","status":"publish","type":"product","link":"https:\/\/www.atlantastretch.com\/de\/product\/revolution-ls\/","title":{"rendered":"Revolution LS \/ HS"},"content":{"rendered":"<h2>REVOLUTION LS \/ LH<\/h2>\n<p>Dank der technischen Abteilung von ATLANTA erf\u00fcllt die REVOLUTION-Serie alle Anforderungen des heutigen anspruchsvollen Marktes.<\/p>\n<p>Jedes Modell ist so konzipiert, dass es beim Verpacken aller Arten von Produkten \u00e4u\u00dferst effizient ist, auch wenn diese instabil, sehr leicht oder leicht zerquetschbar sind. Es arbeitet mit einem rotierenden Arm, der das Produkt umgibt und eine \u00e4u\u00dferst sichere und stabile voll beladene Palette erzeugt. Um dies zu erreichen, wird die Palette im Stillstand umwickelt.<\/p>\n<p>Die Konstruktion des robusten Stahlrahmens garantiert eine lange Lebensdauer und die clevere Art der Kabelf\u00fchrung durch das Innere des Rahmens garantiert eine robuste Maschine, die ein sehr geringes Risiko f\u00fcr zuf\u00e4llige Sch\u00e4den darstellt. Dies tr\u00e4gt zu der ohnehin schon hohen Zuverl\u00e4ssigkeit bei, f\u00fcr die die Revolution bekannt ist, und minimiert au\u00dferdem die M\u00f6glichkeit von Unterbrechungen des Produktionsprozesses.<\/p>\n<p>Die Maschine ist \u00e4u\u00dferst kompakt konstruiert, was zu einem sehr geringen Platzbedarf in der Fabrikhalle f\u00fchrt.<\/p>\n","protected":false},"excerpt":{"rendered":"<ul>\n<li>Altezza Standard di avvolgimento: 2000 mm<\/li>\n<li>Altezza linea alimentazione standard: da 450 a 500 mm<\/li>\n<li>Velocit\u00e0 rotazione braccio regolabile con inverter: max 30 giri al minuto<\/li>\n<li>Velocit\u00e0 di discesa del carrello: selezionabile liberamente<\/li>\n<\/ul>\n","protected":false},"featured_media":17127,"comment_status":"open","ping_status":"closed","template":"","meta":{"_acf_changed":false,"_et_pb_use_builder":"","_et_pb_old_content":"","_et_gb_content_width":"","_crsspst_to_wwwglobustapecom":false},"tecnologia":[],"product_cat":[74],"product_tag":[242],"class_list":{"0":"post-7226","1":"product","2":"type-product","3":"status-publish","4":"has-post-thumbnail","6":"product_cat-automatische-stretchverpackungsmaschine","7":"product_tag-media-50-auto-de","9":"first","10":"instock","11":"shipping-taxable","12":"product-type-simple"},"acf":[],"yoast_head":"<!-- This site is optimized with the Yoast SEO plugin v22.9 - https:\/\/yoast.com\/wordpress\/plugins\/seo\/ -->\n<title>Revolution LS \/ HS - Atlanta Stretch<\/title>\n<meta name=\"description\" content=\"- Revolution LS \/ HS - Atlanta Stretch %\" \/>\n<meta name=\"robots\" content=\"index, follow, max-snippet:-1, max-image-preview:large, max-video-preview:-1\" \/>\n<link rel=\"canonical\" href=\"https:\/\/www.atlantastretch.com\/de\/product\/revolution-ls\/\" \/>\n<meta property=\"og:locale\" content=\"de_DE\" \/>\n<meta property=\"og:type\" content=\"article\" \/>\n<meta property=\"og:title\" content=\"Revolution LS \/ HS - Atlanta Stretch\" \/>\n<meta property=\"og:description\" content=\"- Revolution LS \/ HS - Atlanta Stretch %\" \/>\n<meta property=\"og:site_name\" content=\"Atlanta Stretch\" \/>\n<meta property=\"article:publisher\" content=\"https:\/\/www.facebook.com\/atlantastretchspa\" \/>\n<meta property=\"article:modified_time\" content=\"2024-03-05T09:46:07+00:00\" \/>\n<meta property=\"og:image\" content=\"https:\/\/www.atlantastretch.com\/wp-content\/uploads\/2024\/02\/revolution-LS.png\" \/>\n\t<meta property=\"og:image:width\" content=\"1080\" \/>\n\t<meta property=\"og:image:height\" content=\"1080\" \/>\n\t<meta property=\"og:image:type\" content=\"image\/png\" \/>\n<meta name=\"twitter:card\" content=\"summary_large_image\" \/>\n<script type=\"application\/ld+json\" class=\"yoast-schema-graph\">{\"@context\":\"https:\/\/schema.org\",\"@graph\":[{\"@type\":\"WebPage\",\"@id\":\"https:\/\/www.atlantastretch.com\/de\/product\/revolution-ls\/\",\"url\":\"https:\/\/www.atlantastretch.com\/de\/product\/revolution-ls\/\",\"name\":\"Revolution LS \/ HS - Atlanta Stretch\",\"isPartOf\":{\"@id\":\"https:\/\/www.atlantastretch.com\/de\/#website\"},\"primaryImageOfPage\":{\"@id\":\"https:\/\/www.atlantastretch.com\/de\/product\/revolution-ls\/#primaryimage\"},\"image\":{\"@id\":\"https:\/\/www.atlantastretch.com\/de\/product\/revolution-ls\/#primaryimage\"},\"thumbnailUrl\":\"https:\/\/www.atlantastretch.com\/wp-content\/uploads\/2024\/02\/0025_lybra-easy-tot-left_1080x1080-6.png\",\"datePublished\":\"2024-02-13T12:50:30+00:00\",\"dateModified\":\"2024-03-05T09:46:07+00:00\",\"description\":\"- Revolution LS \/ HS - Atlanta Stretch %\",\"breadcrumb\":{\"@id\":\"https:\/\/www.atlantastretch.com\/de\/product\/revolution-ls\/#breadcrumb\"},\"inLanguage\":\"de\",\"potentialAction\":[{\"@type\":\"ReadAction\",\"target\":[\"https:\/\/www.atlantastretch.com\/de\/product\/revolution-ls\/\"]}]},{\"@type\":\"ImageObject\",\"inLanguage\":\"de\",\"@id\":\"https:\/\/www.atlantastretch.com\/de\/product\/revolution-ls\/#primaryimage\",\"url\":\"https:\/\/www.atlantastretch.com\/wp-content\/uploads\/2024\/02\/0025_lybra-easy-tot-left_1080x1080-6.png\",\"contentUrl\":\"https:\/\/www.atlantastretch.com\/wp-content\/uploads\/2024\/02\/0025_lybra-easy-tot-left_1080x1080-6.png\",\"width\":1080,\"height\":1080},{\"@type\":\"BreadcrumbList\",\"@id\":\"https:\/\/www.atlantastretch.com\/de\/product\/revolution-ls\/#breadcrumb\",\"itemListElement\":[{\"@type\":\"ListItem\",\"position\":1,\"name\":\"Home\",\"item\":\"https:\/\/www.atlantastretch.com\/de\/\"},{\"@type\":\"ListItem\",\"position\":2,\"name\":\"Shop\",\"item\":\"https:\/\/www.atlantastretch.com\/de\/shop\/\"},{\"@type\":\"ListItem\",\"position\":3,\"name\":\"Revolution LS \/ HS\"}]},{\"@type\":\"WebSite\",\"@id\":\"https:\/\/www.atlantastretch.com\/de\/#website\",\"url\":\"https:\/\/www.atlantastretch.com\/de\/\",\"name\":\"Atlanta Stretch\",\"description\":\"Macchine per imballaggio pallet con film\",\"publisher\":{\"@id\":\"https:\/\/www.atlantastretch.com\/de\/#organization\"},\"alternateName\":\"Atlanta Stretch soluzioni per il finelinea\",\"potentialAction\":[{\"@type\":\"SearchAction\",\"target\":{\"@type\":\"EntryPoint\",\"urlTemplate\":\"https:\/\/www.atlantastretch.com\/de\/?s={search_term_string}\"},\"query-input\":\"required name=search_term_string\"}],\"inLanguage\":\"de\"},{\"@type\":\"Organization\",\"@id\":\"https:\/\/www.atlantastretch.com\/de\/#organization\",\"name\":\"Atlanta Stretch\",\"alternateName\":\"Atlanta Stretch soluzioni per il finelinea\",\"url\":\"https:\/\/www.atlantastretch.com\/de\/\",\"logo\":{\"@type\":\"ImageObject\",\"inLanguage\":\"de\",\"@id\":\"https:\/\/www.atlantastretch.com\/de\/#\/schema\/logo\/image\/\",\"url\":\"https:\/\/www.atlantastretch.com\/wp-content\/uploads\/2024\/01\/cropped-logotipo-rosso.png\",\"contentUrl\":\"https:\/\/www.atlantastretch.com\/wp-content\/uploads\/2024\/01\/cropped-logotipo-rosso.png\",\"width\":512,\"height\":512,\"caption\":\"Atlanta Stretch\"},\"image\":{\"@id\":\"https:\/\/www.atlantastretch.com\/de\/#\/schema\/logo\/image\/\"},\"sameAs\":[\"https:\/\/www.facebook.com\/atlantastretchspa\",\"https:\/\/www.instagram.com\/atlantastretch_official\/\",\"https:\/\/www.linkedin.com\/company\/atlanta-stretch-spa\/\",\"https:\/\/www.youtube.com\/channel\/UCqNtlDqg_fw0AIH20Kfj04Q\"]}]}<\/script>\n<!-- \/ Yoast SEO plugin. -->","yoast_head_json":{"title":"Revolution LS \/ HS - Atlanta Stretch","description":"- Revolution LS \/ HS - Atlanta Stretch %","robots":{"index":"index","follow":"follow","max-snippet":"max-snippet:-1","max-image-preview":"max-image-preview:large","max-video-preview":"max-video-preview:-1"},"canonical":"https:\/\/www.atlantastretch.com\/de\/product\/revolution-ls\/","og_locale":"de_DE","og_type":"article","og_title":"Revolution LS \/ HS - Atlanta Stretch","og_description":"- Revolution LS \/ HS - Atlanta Stretch %","og_site_name":"Atlanta Stretch","article_publisher":"https:\/\/www.facebook.com\/atlantastretchspa","article_modified_time":"2024-03-05T09:46:07+00:00","og_image":[{"width":1080,"height":1080,"url":"https:\/\/www.atlantastretch.com\/wp-content\/uploads\/2024\/02\/revolution-LS.png","type":"image\/png"}],"twitter_card":"summary_large_image","schema":{"@context":"https:\/\/schema.org","@graph":[{"@type":"WebPage","@id":"https:\/\/www.atlantastretch.com\/de\/product\/revolution-ls\/","url":"https:\/\/www.atlantastretch.com\/de\/product\/revolution-ls\/","name":"Revolution LS \/ HS - Atlanta Stretch","isPartOf":{"@id":"https:\/\/www.atlantastretch.com\/de\/#website"},"primaryImageOfPage":{"@id":"https:\/\/www.atlantastretch.com\/de\/product\/revolution-ls\/#primaryimage"},"image":{"@id":"https:\/\/www.atlantastretch.com\/de\/product\/revolution-ls\/#primaryimage"},"thumbnailUrl":"https:\/\/www.atlantastretch.com\/wp-content\/uploads\/2024\/02\/0025_lybra-easy-tot-left_1080x1080-6.png","datePublished":"2024-02-13T12:50:30+00:00","dateModified":"2024-03-05T09:46:07+00:00","description":"- Revolution LS \/ HS - Atlanta Stretch %","breadcrumb":{"@id":"https:\/\/www.atlantastretch.com\/de\/product\/revolution-ls\/#breadcrumb"},"inLanguage":"de","potentialAction":[{"@type":"ReadAction","target":["https:\/\/www.atlantastretch.com\/de\/product\/revolution-ls\/"]}]},{"@type":"ImageObject","inLanguage":"de","@id":"https:\/\/www.atlantastretch.com\/de\/product\/revolution-ls\/#primaryimage","url":"https:\/\/www.atlantastretch.com\/wp-content\/uploads\/2024\/02\/0025_lybra-easy-tot-left_1080x1080-6.png","contentUrl":"https:\/\/www.atlantastretch.com\/wp-content\/uploads\/2024\/02\/0025_lybra-easy-tot-left_1080x1080-6.png","width":1080,"height":1080},{"@type":"BreadcrumbList","@id":"https:\/\/www.atlantastretch.com\/de\/product\/revolution-ls\/#breadcrumb","itemListElement":[{"@type":"ListItem","position":1,"name":"Home","item":"https:\/\/www.atlantastretch.com\/de\/"},{"@type":"ListItem","position":2,"name":"Shop","item":"https:\/\/www.atlantastretch.com\/de\/shop\/"},{"@type":"ListItem","position":3,"name":"Revolution LS \/ HS"}]},{"@type":"WebSite","@id":"https:\/\/www.atlantastretch.com\/de\/#website","url":"https:\/\/www.atlantastretch.com\/de\/","name":"Atlanta Stretch","description":"Macchine per imballaggio pallet con film","publisher":{"@id":"https:\/\/www.atlantastretch.com\/de\/#organization"},"alternateName":"Atlanta Stretch soluzioni per il finelinea","potentialAction":[{"@type":"SearchAction","target":{"@type":"EntryPoint","urlTemplate":"https:\/\/www.atlantastretch.com\/de\/?s={search_term_string}"},"query-input":"required name=search_term_string"}],"inLanguage":"de"},{"@type":"Organization","@id":"https:\/\/www.atlantastretch.com\/de\/#organization","name":"Atlanta Stretch","alternateName":"Atlanta Stretch soluzioni per il finelinea","url":"https:\/\/www.atlantastretch.com\/de\/","logo":{"@type":"ImageObject","inLanguage":"de","@id":"https:\/\/www.atlantastretch.com\/de\/#\/schema\/logo\/image\/","url":"https:\/\/www.atlantastretch.com\/wp-content\/uploads\/2024\/01\/cropped-logotipo-rosso.png","contentUrl":"https:\/\/www.atlantastretch.com\/wp-content\/uploads\/2024\/01\/cropped-logotipo-rosso.png","width":512,"height":512,"caption":"Atlanta Stretch"},"image":{"@id":"https:\/\/www.atlantastretch.com\/de\/#\/schema\/logo\/image\/"},"sameAs":["https:\/\/www.facebook.com\/atlantastretchspa","https:\/\/www.instagram.com\/atlantastretch_official\/","https:\/\/www.linkedin.com\/company\/atlanta-stretch-spa\/","https:\/\/www.youtube.com\/channel\/UCqNtlDqg_fw0AIH20Kfj04Q"]}]}},"_links":{"self":[{"href":"https:\/\/www.atlantastretch.com\/de\/wp-json\/wp\/v2\/product\/7226","targetHints":{"allow":["GET"]}}],"collection":[{"href":"https:\/\/www.atlantastretch.com\/de\/wp-json\/wp\/v2\/product"}],"about":[{"href":"https:\/\/www.atlantastretch.com\/de\/wp-json\/wp\/v2\/types\/product"}],"replies":[{"embeddable":true,"href":"https:\/\/www.atlantastretch.com\/de\/wp-json\/wp\/v2\/comments?post=7226"}],"wp:featuredmedia":[{"embeddable":true,"href":"https:\/\/www.atlantastretch.com\/de\/wp-json\/wp\/v2\/media\/17127"}],"wp:attachment":[{"href":"https:\/\/www.atlantastretch.com\/de\/wp-json\/wp\/v2\/media?parent=7226"}],"wp:term":[{"taxonomy":"tecnologia","embeddable":true,"href":"https:\/\/www.atlantastretch.com\/de\/wp-json\/wp\/v2\/tecnologia?post=7226"},{"taxonomy":"product_cat","embeddable":true,"href":"https:\/\/www.atlantastretch.com\/de\/wp-json\/wp\/v2\/product_cat?post=7226"},{"taxonomy":"product_tag","embeddable":true,"href":"https:\/\/www.atlantastretch.com\/de\/wp-json\/wp\/v2\/product_tag?post=7226"}],"curies":[{"name":"wp","href":"https:\/\/api.w.org\/{rel}","templated":true}]}}