{"id":7411,"date":"2024-02-27T09:07:34","date_gmt":"2024-02-27T08:07:34","guid":{"rendered":"https:\/\/www.atlantastretch.com\/prodotto\/mytho-s\/"},"modified":"2026-03-20T17:01:43","modified_gmt":"2026-03-20T16:01:43","slug":"mytho-s","status":"publish","type":"product","link":"https:\/\/www.atlantastretch.com\/de\/product\/mytho-s\/","title":{"rendered":"Mytho S"},"content":{"rendered":"<h3><strong>Mytho S: your operators will love you boss!<\/strong><\/h3>\n<p>MYTHO S was born from the desire of <u>Atlanta<\/u> Stretch to add a top of the line to its semi-automatic turntable pallet wrapping machines.<\/p>\n<p>The new casings on the mast and motor that make this new model look like a design machine actually conceal a mast with reinforced guides. LEDs indicate the machine\u2019s current status.<\/p>\n<p>The main feature for Mytho S consists in being the only turntable wrapper that can be equipped with the ARYA system; a new patented technology that makes the wrapping process fully automatic.<\/p>\n<p>Mytho S marks a breakthrough innovation in the panorama of semi-automatic stretch wrappers as it does not require the intervention of the operator to hook the film to the pallet performing a fully automatic cycle, without using compressed air and without mechanical options susceptible to wear and tear. To discover the patented ARYA system, click here.<\/p>\n<p>All Atlanta Stretch options for the table are available also for Mytho S: possibility to choose from FM, FE, PRS and PS carriages and replace them even after purchase if the customer&#8217;s needs change with business growth.<\/p>\n<p>With the dual-motor PS pre-stretch carriage, Mytho S can guarantee the lowest film consumption and highest functional reliability in the wrapping machine market.<\/p>\n<p>The Mytho S, equipped with PS carriage and ARYA system, is the most cutting-edge semi-automatic wrapping machine on the market.<\/p>\n","protected":false},"excerpt":{"rendered":"<ul>\n<li>Unser patentiertes arya-system f\u00fchrt den verpackungszyklus vollautomatisch aus<\/li>\n<li>Die kombination aus dem arya-system und den vordehnsystemen spart zeit und geld.<\/li>\n<li>Maximale ergonomie f\u00fcr den bediener<\/li>\n<li>Der benutzerfreundliche bildschirm erm\u00f6glicht die erstellung massgeschneiderter wickelzyklen.<\/li>\n<\/ul>\n","protected":false},"featured_media":17001,"comment_status":"open","ping_status":"closed","template":"","meta":{"_acf_changed":false,"_et_pb_use_builder":"off","_et_pb_old_content":"<h2>REVOLUTION DOUBLE \u00e8 un brevetto di ATLANTA STRETCH<\/h2>\r\nCon tutti i vantaggi delle macchine REVOLUTION LS \/ HS standard questo modello \u00e8 equipaggiato con due carrelli di prestiro (PRS o PS) garantendo cos\u00ec una capacit\u00e0 di almeno il 25% superiore a quella di una macchina standard.\r\n\r\nI carrelli sono sulla stessa parte della colonna e permettono di usare un UNICO sistema di pinzatura-taglio e saldatura del film. Anche le operazioni dell\u2019addetto al cambio film sono semplificate e solo su un lato della linea. La sicurezza dell\u2019ambiente di lavoro \u00e8 totalmente garantita.","_et_gb_content_width":"","_crsspst_to_wwwglobustapecom":false},"tecnologia":[108],"product_cat":[94],"product_tag":[],"class_list":{"0":"post-7411","1":"product","2":"type-product","3":"status-publish","4":"has-post-thumbnail","6":"tecnologia-verpackungsmaschine-mit-rotierendem-tisch","7":"product_cat-halbautomatische-stretchverpackungsmaschine","9":"first","10":"instock","11":"shipping-taxable","12":"product-type-simple"},"acf":[],"yoast_head":"<!-- This site is optimized with the Yoast SEO plugin v22.9 - https:\/\/yoast.com\/wordpress\/plugins\/seo\/ -->\n<title>Mytho S - Atlanta Stretch<\/title>\n<meta name=\"description\" content=\"- Mytho S - Atlanta Stretch %\" \/>\n<meta name=\"robots\" content=\"index, follow, max-snippet:-1, max-image-preview:large, max-video-preview:-1\" \/>\n<link rel=\"canonical\" href=\"https:\/\/www.atlantastretch.com\/de\/product\/mytho-s\/\" \/>\n<meta property=\"og:locale\" content=\"de_DE\" \/>\n<meta property=\"og:type\" content=\"article\" \/>\n<meta property=\"og:title\" content=\"Mytho S - Atlanta Stretch\" \/>\n<meta property=\"og:description\" content=\"- Mytho S - Atlanta Stretch %\" \/>\n<meta property=\"og:site_name\" content=\"Atlanta Stretch\" \/>\n<meta property=\"article:publisher\" content=\"https:\/\/www.facebook.com\/atlantastretchspa\" \/>\n<meta property=\"article:modified_time\" content=\"2026-03-20T16:01:43+00:00\" \/>\n<meta property=\"og:image\" content=\"https:\/\/www.atlantastretch.com\/wp-content\/uploads\/2024\/02\/1080X1080-MYTHO-AUTO-1.png\" \/>\n\t<meta property=\"og:image:width\" content=\"1080\" \/>\n\t<meta property=\"og:image:height\" content=\"1080\" \/>\n\t<meta property=\"og:image:type\" content=\"image\/png\" \/>\n<meta name=\"twitter:card\" content=\"summary_large_image\" \/>\n<script type=\"application\/ld+json\" class=\"yoast-schema-graph\">{\"@context\":\"https:\/\/schema.org\",\"@graph\":[{\"@type\":\"WebPage\",\"@id\":\"https:\/\/www.atlantastretch.com\/de\/product\/mytho-s\/\",\"url\":\"https:\/\/www.atlantastretch.com\/de\/product\/mytho-s\/\",\"name\":\"Mytho S - Atlanta Stretch\",\"isPartOf\":{\"@id\":\"https:\/\/www.atlantastretch.com\/de\/#website\"},\"primaryImageOfPage\":{\"@id\":\"https:\/\/www.atlantastretch.com\/de\/product\/mytho-s\/#primaryimage\"},\"image\":{\"@id\":\"https:\/\/www.atlantastretch.com\/de\/product\/mytho-s\/#primaryimage\"},\"thumbnailUrl\":\"https:\/\/www.atlantastretch.com\/wp-content\/uploads\/2024\/02\/1080X1080-MYTHO-AUTO-1.png\",\"datePublished\":\"2024-02-27T08:07:34+00:00\",\"dateModified\":\"2026-03-20T16:01:43+00:00\",\"description\":\"- Mytho S - Atlanta Stretch %\",\"breadcrumb\":{\"@id\":\"https:\/\/www.atlantastretch.com\/de\/product\/mytho-s\/#breadcrumb\"},\"inLanguage\":\"de\",\"potentialAction\":[{\"@type\":\"ReadAction\",\"target\":[\"https:\/\/www.atlantastretch.com\/de\/product\/mytho-s\/\"]}]},{\"@type\":\"ImageObject\",\"inLanguage\":\"de\",\"@id\":\"https:\/\/www.atlantastretch.com\/de\/product\/mytho-s\/#primaryimage\",\"url\":\"https:\/\/www.atlantastretch.com\/wp-content\/uploads\/2024\/02\/1080X1080-MYTHO-AUTO-1.png\",\"contentUrl\":\"https:\/\/www.atlantastretch.com\/wp-content\/uploads\/2024\/02\/1080X1080-MYTHO-AUTO-1.png\",\"width\":1080,\"height\":1080},{\"@type\":\"BreadcrumbList\",\"@id\":\"https:\/\/www.atlantastretch.com\/de\/product\/mytho-s\/#breadcrumb\",\"itemListElement\":[{\"@type\":\"ListItem\",\"position\":1,\"name\":\"Home\",\"item\":\"https:\/\/www.atlantastretch.com\/de\/\"},{\"@type\":\"ListItem\",\"position\":2,\"name\":\"Shop\",\"item\":\"https:\/\/www.atlantastretch.com\/de\/shop\/\"},{\"@type\":\"ListItem\",\"position\":3,\"name\":\"Mytho S\"}]},{\"@type\":\"WebSite\",\"@id\":\"https:\/\/www.atlantastretch.com\/de\/#website\",\"url\":\"https:\/\/www.atlantastretch.com\/de\/\",\"name\":\"Atlanta Stretch\",\"description\":\"Macchine per imballaggio pallet con film\",\"publisher\":{\"@id\":\"https:\/\/www.atlantastretch.com\/de\/#organization\"},\"alternateName\":\"Atlanta Stretch soluzioni per il finelinea\",\"potentialAction\":[{\"@type\":\"SearchAction\",\"target\":{\"@type\":\"EntryPoint\",\"urlTemplate\":\"https:\/\/www.atlantastretch.com\/de\/?s={search_term_string}\"},\"query-input\":\"required name=search_term_string\"}],\"inLanguage\":\"de\"},{\"@type\":\"Organization\",\"@id\":\"https:\/\/www.atlantastretch.com\/de\/#organization\",\"name\":\"Atlanta Stretch\",\"alternateName\":\"Atlanta Stretch soluzioni per il finelinea\",\"url\":\"https:\/\/www.atlantastretch.com\/de\/\",\"logo\":{\"@type\":\"ImageObject\",\"inLanguage\":\"de\",\"@id\":\"https:\/\/www.atlantastretch.com\/de\/#\/schema\/logo\/image\/\",\"url\":\"https:\/\/www.atlantastretch.com\/wp-content\/uploads\/2024\/01\/cropped-logotipo-rosso.png\",\"contentUrl\":\"https:\/\/www.atlantastretch.com\/wp-content\/uploads\/2024\/01\/cropped-logotipo-rosso.png\",\"width\":512,\"height\":512,\"caption\":\"Atlanta Stretch\"},\"image\":{\"@id\":\"https:\/\/www.atlantastretch.com\/de\/#\/schema\/logo\/image\/\"},\"sameAs\":[\"https:\/\/www.facebook.com\/atlantastretchspa\",\"https:\/\/www.instagram.com\/atlantastretch_official\/\",\"https:\/\/www.linkedin.com\/company\/atlanta-stretch-spa\/\",\"https:\/\/www.youtube.com\/channel\/UCqNtlDqg_fw0AIH20Kfj04Q\"]}]}<\/script>\n<!-- \/ Yoast SEO plugin. -->","yoast_head_json":{"title":"Mytho S - Atlanta Stretch","description":"- Mytho S - Atlanta Stretch %","robots":{"index":"index","follow":"follow","max-snippet":"max-snippet:-1","max-image-preview":"max-image-preview:large","max-video-preview":"max-video-preview:-1"},"canonical":"https:\/\/www.atlantastretch.com\/de\/product\/mytho-s\/","og_locale":"de_DE","og_type":"article","og_title":"Mytho S - Atlanta Stretch","og_description":"- Mytho S - Atlanta Stretch %","og_site_name":"Atlanta Stretch","article_publisher":"https:\/\/www.facebook.com\/atlantastretchspa","article_modified_time":"2026-03-20T16:01:43+00:00","og_image":[{"width":1080,"height":1080,"url":"https:\/\/www.atlantastretch.com\/wp-content\/uploads\/2024\/02\/1080X1080-MYTHO-AUTO-1.png","type":"image\/png"}],"twitter_card":"summary_large_image","schema":{"@context":"https:\/\/schema.org","@graph":[{"@type":"WebPage","@id":"https:\/\/www.atlantastretch.com\/de\/product\/mytho-s\/","url":"https:\/\/www.atlantastretch.com\/de\/product\/mytho-s\/","name":"Mytho S - Atlanta Stretch","isPartOf":{"@id":"https:\/\/www.atlantastretch.com\/de\/#website"},"primaryImageOfPage":{"@id":"https:\/\/www.atlantastretch.com\/de\/product\/mytho-s\/#primaryimage"},"image":{"@id":"https:\/\/www.atlantastretch.com\/de\/product\/mytho-s\/#primaryimage"},"thumbnailUrl":"https:\/\/www.atlantastretch.com\/wp-content\/uploads\/2024\/02\/1080X1080-MYTHO-AUTO-1.png","datePublished":"2024-02-27T08:07:34+00:00","dateModified":"2026-03-20T16:01:43+00:00","description":"- Mytho S - Atlanta Stretch %","breadcrumb":{"@id":"https:\/\/www.atlantastretch.com\/de\/product\/mytho-s\/#breadcrumb"},"inLanguage":"de","potentialAction":[{"@type":"ReadAction","target":["https:\/\/www.atlantastretch.com\/de\/product\/mytho-s\/"]}]},{"@type":"ImageObject","inLanguage":"de","@id":"https:\/\/www.atlantastretch.com\/de\/product\/mytho-s\/#primaryimage","url":"https:\/\/www.atlantastretch.com\/wp-content\/uploads\/2024\/02\/1080X1080-MYTHO-AUTO-1.png","contentUrl":"https:\/\/www.atlantastretch.com\/wp-content\/uploads\/2024\/02\/1080X1080-MYTHO-AUTO-1.png","width":1080,"height":1080},{"@type":"BreadcrumbList","@id":"https:\/\/www.atlantastretch.com\/de\/product\/mytho-s\/#breadcrumb","itemListElement":[{"@type":"ListItem","position":1,"name":"Home","item":"https:\/\/www.atlantastretch.com\/de\/"},{"@type":"ListItem","position":2,"name":"Shop","item":"https:\/\/www.atlantastretch.com\/de\/shop\/"},{"@type":"ListItem","position":3,"name":"Mytho S"}]},{"@type":"WebSite","@id":"https:\/\/www.atlantastretch.com\/de\/#website","url":"https:\/\/www.atlantastretch.com\/de\/","name":"Atlanta Stretch","description":"Macchine per imballaggio pallet con film","publisher":{"@id":"https:\/\/www.atlantastretch.com\/de\/#organization"},"alternateName":"Atlanta Stretch soluzioni per il finelinea","potentialAction":[{"@type":"SearchAction","target":{"@type":"EntryPoint","urlTemplate":"https:\/\/www.atlantastretch.com\/de\/?s={search_term_string}"},"query-input":"required name=search_term_string"}],"inLanguage":"de"},{"@type":"Organization","@id":"https:\/\/www.atlantastretch.com\/de\/#organization","name":"Atlanta Stretch","alternateName":"Atlanta Stretch soluzioni per il finelinea","url":"https:\/\/www.atlantastretch.com\/de\/","logo":{"@type":"ImageObject","inLanguage":"de","@id":"https:\/\/www.atlantastretch.com\/de\/#\/schema\/logo\/image\/","url":"https:\/\/www.atlantastretch.com\/wp-content\/uploads\/2024\/01\/cropped-logotipo-rosso.png","contentUrl":"https:\/\/www.atlantastretch.com\/wp-content\/uploads\/2024\/01\/cropped-logotipo-rosso.png","width":512,"height":512,"caption":"Atlanta Stretch"},"image":{"@id":"https:\/\/www.atlantastretch.com\/de\/#\/schema\/logo\/image\/"},"sameAs":["https:\/\/www.facebook.com\/atlantastretchspa","https:\/\/www.instagram.com\/atlantastretch_official\/","https:\/\/www.linkedin.com\/company\/atlanta-stretch-spa\/","https:\/\/www.youtube.com\/channel\/UCqNtlDqg_fw0AIH20Kfj04Q"]}]}},"_links":{"self":[{"href":"https:\/\/www.atlantastretch.com\/de\/wp-json\/wp\/v2\/product\/7411","targetHints":{"allow":["GET"]}}],"collection":[{"href":"https:\/\/www.atlantastretch.com\/de\/wp-json\/wp\/v2\/product"}],"about":[{"href":"https:\/\/www.atlantastretch.com\/de\/wp-json\/wp\/v2\/types\/product"}],"replies":[{"embeddable":true,"href":"https:\/\/www.atlantastretch.com\/de\/wp-json\/wp\/v2\/comments?post=7411"}],"wp:featuredmedia":[{"embeddable":true,"href":"https:\/\/www.atlantastretch.com\/de\/wp-json\/wp\/v2\/media\/17001"}],"wp:attachment":[{"href":"https:\/\/www.atlantastretch.com\/de\/wp-json\/wp\/v2\/media?parent=7411"}],"wp:term":[{"taxonomy":"tecnologia","embeddable":true,"href":"https:\/\/www.atlantastretch.com\/de\/wp-json\/wp\/v2\/tecnologia?post=7411"},{"taxonomy":"product_cat","embeddable":true,"href":"https:\/\/www.atlantastretch.com\/de\/wp-json\/wp\/v2\/product_cat?post=7411"},{"taxonomy":"product_tag","embeddable":true,"href":"https:\/\/www.atlantastretch.com\/de\/wp-json\/wp\/v2\/product_tag?post=7411"}],"curies":[{"name":"wp","href":"https:\/\/api.w.org\/{rel}","templated":true}]}}