{"id":7435,"date":"2024-02-27T09:19:25","date_gmt":"2024-02-27T08:19:25","guid":{"rendered":"https:\/\/www.atlantastretch.com\/prodotto\/mytho-auto-with-mast\/"},"modified":"2024-03-06T17:19:43","modified_gmt":"2024-03-06T16:19:43","slug":"mytho-auto-mit-zaule","status":"publish","type":"product","link":"https:\/\/www.atlantastretch.com\/de\/product\/mytho-auto-mit-zaule\/","title":{"rendered":"Mytho Auto mit Zaule"},"content":{"rendered":"<h3>Erste Schritte zur Automatisierung<\/h3>\n<p>Die MYTHO Auto erf\u00fcllt all Ihre Anforderungen f\u00fcr den vereinfachten automatisierten Verpackungsprozess Ihrer Paletten. Die Maschine ist Kostensparender und gleichzeitig Leistungsstark. Der Bediener l\u00e4dt die Palette auf die Drehb\u00fchnenplattform und startet die Maschine. Der automatisierte Wickelprozess wird einschlie\u00dflich des Folienschneidens und des optionalen Schwei\u00dfens gegen die Palette beendet.<\/p>\n<p>Das leicht zu bedienende 11\u201c Touch Bedienfeld der MYTHO erlaubt, durch Eingabe gewisser Parameter, die Maschine f\u00fcr das Arbeiten mit entsprechenden Folienschlitten neu zu konfigurieren (Wir finden, das ist ein sehr besonderes Merkmal).<\/p>\n<p>Das verwendete PLC erlaubt bis zu 99 speicherbare Programme, f\u00fcr alle notwendigen und erdenklichen Palettenaufmachungen. Die Stretchanlage f\u00fcr das 21. Jahrhundert !<\/p>\n","protected":false},"excerpt":{"rendered":"<ul>\n<li>Altezza Standard di avvolgimento: 2000 mm<\/li>\n<li>Altezza linea alimentazione standard: da 450 a 500 mm<\/li>\n<li>Velocit\u00e0 rotazione braccio regolabile con inverter: max 30 giri al minuto<\/li>\n<li>Velocit\u00e0 di discesa del carrello: selezionabile liberamente<\/li>\n<\/ul>\n","protected":false},"featured_media":16995,"comment_status":"open","ping_status":"closed","template":"","meta":{"_acf_changed":false,"_et_pb_use_builder":"off","_et_pb_old_content":"<h2>REVOLUTION DOUBLE \u00e8 un brevetto di ATLANTA STRETCH<\/h2>\r\nCon tutti i vantaggi delle macchine REVOLUTION LS \/ HS standard questo modello \u00e8 equipaggiato con due carrelli di prestiro (PRS o PS) garantendo cos\u00ec una capacit\u00e0 di almeno il 25% superiore a quella di una macchina standard.\r\n\r\nI carrelli sono sulla stessa parte della colonna e permettono di usare un UNICO sistema di pinzatura-taglio e saldatura del film. Anche le operazioni dell\u2019addetto al cambio film sono semplificate e solo su un lato della linea. La sicurezza dell\u2019ambiente di lavoro \u00e8 totalmente garantita.","_et_gb_content_width":"","_crsspst_to_wwwglobustapecom":false},"tecnologia":[108],"product_cat":[94],"product_tag":[],"class_list":{"0":"post-7435","1":"product","2":"type-product","3":"status-publish","4":"has-post-thumbnail","6":"tecnologia-verpackungsmaschine-mit-rotierendem-tisch","7":"product_cat-halbautomatische-stretchverpackungsmaschine","9":"first","10":"instock","11":"shipping-taxable","12":"product-type-simple"},"acf":[],"yoast_head":"<!-- This site is optimized with the Yoast SEO plugin v22.9 - https:\/\/yoast.com\/wordpress\/plugins\/seo\/ -->\n<title>Mytho Auto mit Zaule - Atlanta Stretch<\/title>\n<meta name=\"description\" content=\"- Mytho Auto mit Zaule - Atlanta Stretch %\" \/>\n<meta name=\"robots\" content=\"index, follow, max-snippet:-1, max-image-preview:large, max-video-preview:-1\" \/>\n<link rel=\"canonical\" href=\"https:\/\/www.atlantastretch.com\/de\/product\/mytho-auto-mit-zaule\/\" \/>\n<meta property=\"og:locale\" content=\"de_DE\" \/>\n<meta property=\"og:type\" content=\"article\" \/>\n<meta property=\"og:title\" content=\"Mytho Auto mit Zaule - Atlanta Stretch\" \/>\n<meta property=\"og:description\" content=\"- Mytho Auto mit Zaule - Atlanta Stretch %\" \/>\n<meta property=\"og:site_name\" content=\"Atlanta Stretch\" \/>\n<meta property=\"article:publisher\" content=\"https:\/\/www.facebook.com\/atlantastretchspa\" \/>\n<meta property=\"article:modified_time\" content=\"2024-03-06T16:19:43+00:00\" \/>\n<meta property=\"og:image\" content=\"https:\/\/www.atlantastretch.com\/wp-content\/uploads\/2024\/02\/Mytho-auto-con-colonna.png\" \/>\n\t<meta property=\"og:image:width\" content=\"1080\" \/>\n\t<meta property=\"og:image:height\" content=\"1080\" \/>\n\t<meta property=\"og:image:type\" content=\"image\/png\" \/>\n<meta name=\"twitter:card\" content=\"summary_large_image\" \/>\n<script type=\"application\/ld+json\" class=\"yoast-schema-graph\">{\"@context\":\"https:\/\/schema.org\",\"@graph\":[{\"@type\":\"WebPage\",\"@id\":\"https:\/\/www.atlantastretch.com\/de\/product\/mytho-auto-mit-zaule\/\",\"url\":\"https:\/\/www.atlantastretch.com\/de\/product\/mytho-auto-mit-zaule\/\",\"name\":\"Mytho Auto mit Zaule - Atlanta Stretch\",\"isPartOf\":{\"@id\":\"https:\/\/www.atlantastretch.com\/de\/#website\"},\"primaryImageOfPage\":{\"@id\":\"https:\/\/www.atlantastretch.com\/de\/product\/mytho-auto-mit-zaule\/#primaryimage\"},\"image\":{\"@id\":\"https:\/\/www.atlantastretch.com\/de\/product\/mytho-auto-mit-zaule\/#primaryimage\"},\"thumbnailUrl\":\"https:\/\/www.atlantastretch.com\/wp-content\/uploads\/2024\/02\/1080X1080-MYTHO-AUTO.png\",\"datePublished\":\"2024-02-27T08:19:25+00:00\",\"dateModified\":\"2024-03-06T16:19:43+00:00\",\"description\":\"- Mytho Auto mit Zaule - Atlanta Stretch %\",\"breadcrumb\":{\"@id\":\"https:\/\/www.atlantastretch.com\/de\/product\/mytho-auto-mit-zaule\/#breadcrumb\"},\"inLanguage\":\"de\",\"potentialAction\":[{\"@type\":\"ReadAction\",\"target\":[\"https:\/\/www.atlantastretch.com\/de\/product\/mytho-auto-mit-zaule\/\"]}]},{\"@type\":\"ImageObject\",\"inLanguage\":\"de\",\"@id\":\"https:\/\/www.atlantastretch.com\/de\/product\/mytho-auto-mit-zaule\/#primaryimage\",\"url\":\"https:\/\/www.atlantastretch.com\/wp-content\/uploads\/2024\/02\/1080X1080-MYTHO-AUTO.png\",\"contentUrl\":\"https:\/\/www.atlantastretch.com\/wp-content\/uploads\/2024\/02\/1080X1080-MYTHO-AUTO.png\",\"width\":1080,\"height\":1080},{\"@type\":\"BreadcrumbList\",\"@id\":\"https:\/\/www.atlantastretch.com\/de\/product\/mytho-auto-mit-zaule\/#breadcrumb\",\"itemListElement\":[{\"@type\":\"ListItem\",\"position\":1,\"name\":\"Home\",\"item\":\"https:\/\/www.atlantastretch.com\/de\/\"},{\"@type\":\"ListItem\",\"position\":2,\"name\":\"Shop\",\"item\":\"https:\/\/www.atlantastretch.com\/de\/shop\/\"},{\"@type\":\"ListItem\",\"position\":3,\"name\":\"Mytho Auto mit Zaule\"}]},{\"@type\":\"WebSite\",\"@id\":\"https:\/\/www.atlantastretch.com\/de\/#website\",\"url\":\"https:\/\/www.atlantastretch.com\/de\/\",\"name\":\"Atlanta Stretch\",\"description\":\"Macchine per imballaggio pallet con film\",\"publisher\":{\"@id\":\"https:\/\/www.atlantastretch.com\/de\/#organization\"},\"alternateName\":\"Atlanta Stretch soluzioni per il finelinea\",\"potentialAction\":[{\"@type\":\"SearchAction\",\"target\":{\"@type\":\"EntryPoint\",\"urlTemplate\":\"https:\/\/www.atlantastretch.com\/de\/?s={search_term_string}\"},\"query-input\":\"required name=search_term_string\"}],\"inLanguage\":\"de\"},{\"@type\":\"Organization\",\"@id\":\"https:\/\/www.atlantastretch.com\/de\/#organization\",\"name\":\"Atlanta Stretch\",\"alternateName\":\"Atlanta Stretch soluzioni per il finelinea\",\"url\":\"https:\/\/www.atlantastretch.com\/de\/\",\"logo\":{\"@type\":\"ImageObject\",\"inLanguage\":\"de\",\"@id\":\"https:\/\/www.atlantastretch.com\/de\/#\/schema\/logo\/image\/\",\"url\":\"https:\/\/www.atlantastretch.com\/wp-content\/uploads\/2024\/01\/cropped-logotipo-rosso.png\",\"contentUrl\":\"https:\/\/www.atlantastretch.com\/wp-content\/uploads\/2024\/01\/cropped-logotipo-rosso.png\",\"width\":512,\"height\":512,\"caption\":\"Atlanta Stretch\"},\"image\":{\"@id\":\"https:\/\/www.atlantastretch.com\/de\/#\/schema\/logo\/image\/\"},\"sameAs\":[\"https:\/\/www.facebook.com\/atlantastretchspa\",\"https:\/\/www.instagram.com\/atlantastretch_official\/\",\"https:\/\/www.linkedin.com\/company\/atlanta-stretch-spa\/\",\"https:\/\/www.youtube.com\/channel\/UCqNtlDqg_fw0AIH20Kfj04Q\"]}]}<\/script>\n<!-- \/ Yoast SEO plugin. -->","yoast_head_json":{"title":"Mytho Auto mit Zaule - Atlanta Stretch","description":"- Mytho Auto mit Zaule - Atlanta Stretch %","robots":{"index":"index","follow":"follow","max-snippet":"max-snippet:-1","max-image-preview":"max-image-preview:large","max-video-preview":"max-video-preview:-1"},"canonical":"https:\/\/www.atlantastretch.com\/de\/product\/mytho-auto-mit-zaule\/","og_locale":"de_DE","og_type":"article","og_title":"Mytho Auto mit Zaule - Atlanta Stretch","og_description":"- Mytho Auto mit Zaule - Atlanta Stretch %","og_site_name":"Atlanta Stretch","article_publisher":"https:\/\/www.facebook.com\/atlantastretchspa","article_modified_time":"2024-03-06T16:19:43+00:00","og_image":[{"width":1080,"height":1080,"url":"https:\/\/www.atlantastretch.com\/wp-content\/uploads\/2024\/02\/Mytho-auto-con-colonna.png","type":"image\/png"}],"twitter_card":"summary_large_image","schema":{"@context":"https:\/\/schema.org","@graph":[{"@type":"WebPage","@id":"https:\/\/www.atlantastretch.com\/de\/product\/mytho-auto-mit-zaule\/","url":"https:\/\/www.atlantastretch.com\/de\/product\/mytho-auto-mit-zaule\/","name":"Mytho Auto mit Zaule - Atlanta Stretch","isPartOf":{"@id":"https:\/\/www.atlantastretch.com\/de\/#website"},"primaryImageOfPage":{"@id":"https:\/\/www.atlantastretch.com\/de\/product\/mytho-auto-mit-zaule\/#primaryimage"},"image":{"@id":"https:\/\/www.atlantastretch.com\/de\/product\/mytho-auto-mit-zaule\/#primaryimage"},"thumbnailUrl":"https:\/\/www.atlantastretch.com\/wp-content\/uploads\/2024\/02\/1080X1080-MYTHO-AUTO.png","datePublished":"2024-02-27T08:19:25+00:00","dateModified":"2024-03-06T16:19:43+00:00","description":"- Mytho Auto mit Zaule - Atlanta Stretch %","breadcrumb":{"@id":"https:\/\/www.atlantastretch.com\/de\/product\/mytho-auto-mit-zaule\/#breadcrumb"},"inLanguage":"de","potentialAction":[{"@type":"ReadAction","target":["https:\/\/www.atlantastretch.com\/de\/product\/mytho-auto-mit-zaule\/"]}]},{"@type":"ImageObject","inLanguage":"de","@id":"https:\/\/www.atlantastretch.com\/de\/product\/mytho-auto-mit-zaule\/#primaryimage","url":"https:\/\/www.atlantastretch.com\/wp-content\/uploads\/2024\/02\/1080X1080-MYTHO-AUTO.png","contentUrl":"https:\/\/www.atlantastretch.com\/wp-content\/uploads\/2024\/02\/1080X1080-MYTHO-AUTO.png","width":1080,"height":1080},{"@type":"BreadcrumbList","@id":"https:\/\/www.atlantastretch.com\/de\/product\/mytho-auto-mit-zaule\/#breadcrumb","itemListElement":[{"@type":"ListItem","position":1,"name":"Home","item":"https:\/\/www.atlantastretch.com\/de\/"},{"@type":"ListItem","position":2,"name":"Shop","item":"https:\/\/www.atlantastretch.com\/de\/shop\/"},{"@type":"ListItem","position":3,"name":"Mytho Auto mit Zaule"}]},{"@type":"WebSite","@id":"https:\/\/www.atlantastretch.com\/de\/#website","url":"https:\/\/www.atlantastretch.com\/de\/","name":"Atlanta Stretch","description":"Macchine per imballaggio pallet con film","publisher":{"@id":"https:\/\/www.atlantastretch.com\/de\/#organization"},"alternateName":"Atlanta Stretch soluzioni per il finelinea","potentialAction":[{"@type":"SearchAction","target":{"@type":"EntryPoint","urlTemplate":"https:\/\/www.atlantastretch.com\/de\/?s={search_term_string}"},"query-input":"required name=search_term_string"}],"inLanguage":"de"},{"@type":"Organization","@id":"https:\/\/www.atlantastretch.com\/de\/#organization","name":"Atlanta Stretch","alternateName":"Atlanta Stretch soluzioni per il finelinea","url":"https:\/\/www.atlantastretch.com\/de\/","logo":{"@type":"ImageObject","inLanguage":"de","@id":"https:\/\/www.atlantastretch.com\/de\/#\/schema\/logo\/image\/","url":"https:\/\/www.atlantastretch.com\/wp-content\/uploads\/2024\/01\/cropped-logotipo-rosso.png","contentUrl":"https:\/\/www.atlantastretch.com\/wp-content\/uploads\/2024\/01\/cropped-logotipo-rosso.png","width":512,"height":512,"caption":"Atlanta Stretch"},"image":{"@id":"https:\/\/www.atlantastretch.com\/de\/#\/schema\/logo\/image\/"},"sameAs":["https:\/\/www.facebook.com\/atlantastretchspa","https:\/\/www.instagram.com\/atlantastretch_official\/","https:\/\/www.linkedin.com\/company\/atlanta-stretch-spa\/","https:\/\/www.youtube.com\/channel\/UCqNtlDqg_fw0AIH20Kfj04Q"]}]}},"_links":{"self":[{"href":"https:\/\/www.atlantastretch.com\/de\/wp-json\/wp\/v2\/product\/7435","targetHints":{"allow":["GET"]}}],"collection":[{"href":"https:\/\/www.atlantastretch.com\/de\/wp-json\/wp\/v2\/product"}],"about":[{"href":"https:\/\/www.atlantastretch.com\/de\/wp-json\/wp\/v2\/types\/product"}],"replies":[{"embeddable":true,"href":"https:\/\/www.atlantastretch.com\/de\/wp-json\/wp\/v2\/comments?post=7435"}],"wp:featuredmedia":[{"embeddable":true,"href":"https:\/\/www.atlantastretch.com\/de\/wp-json\/wp\/v2\/media\/16995"}],"wp:attachment":[{"href":"https:\/\/www.atlantastretch.com\/de\/wp-json\/wp\/v2\/media?parent=7435"}],"wp:term":[{"taxonomy":"tecnologia","embeddable":true,"href":"https:\/\/www.atlantastretch.com\/de\/wp-json\/wp\/v2\/tecnologia?post=7435"},{"taxonomy":"product_cat","embeddable":true,"href":"https:\/\/www.atlantastretch.com\/de\/wp-json\/wp\/v2\/product_cat?post=7435"},{"taxonomy":"product_tag","embeddable":true,"href":"https:\/\/www.atlantastretch.com\/de\/wp-json\/wp\/v2\/product_tag?post=7435"}],"curies":[{"name":"wp","href":"https:\/\/api.w.org\/{rel}","templated":true}]}}