{"id":7535,"date":"2024-02-26T14:33:57","date_gmt":"2024-02-26T13:33:57","guid":{"rendered":"https:\/\/www.atlantastretch.com\/prodotto\/taglio-a-fasce\/"},"modified":"2024-04-08T14:11:55","modified_gmt":"2024-04-08T12:11:55","slug":"schneide-system","status":"publish","type":"product","link":"https:\/\/www.atlantastretch.com\/de\/product\/schneide-system\/","title":{"rendered":"Schneide System"},"content":{"rendered":"<p>Das System kann die Folie in 3,4 oder 5 Streifen schneiden. Nach der Installation des Systems ist es m\u00f6glich, dass Produkt stabil zu wickeln ohne es komplett von Folie luftdicht zu verschlie\u00dfen.<\/p>\n<p>Die M\u00f6glichkeit, die Paletten mit einer normalen Stretchfolie zu umwickeln, bleibt erhalten und geht nicht verloren. Dieses System ist ausgelegt f\u00fcr das umwickeln von Lebensmitteln (z.B.: Obst, Gem\u00fcse usw.)<\/p>\n<p>Zus\u00e4tzlich zu dieser Option bietet sich die PRS oder PS Vordehnung nahezu ideal an. Bereits bei einer durchschnittlichen Leistung von 20 Paletten pro Tag liegt der return on investment bei weniger als bei 6 Monaten.<\/p>\n<p>Die Stretchfolie kann mit diesen Vordehnoptionen bis zu 250 % vorgedehnt werden. Die folgenden Bilder (2+3) zeigen ein Beispiel der Netzfolie welche durch dieses System ersetzt wird.<\/p>\n","protected":false},"excerpt":{"rendered":"<p>Das System kann die Folie in 3,4 oder 5 Streifen schneiden. Nach der Installation des Systems ist es m\u00f6glich, dass Produkt stabil zu wickeln ohne es komplett von Folie luftdicht zu verschlie\u00dfen. Die M\u00f6glichkeit, die Paletten mit einer normalen Stretchfolie zu umwickeln, bleibt erhalten und geht nicht verloren. Dieses System ist ausgelegt f\u00fcr das umwickeln [&hellip;]<\/p>\n","protected":false},"featured_media":10903,"comment_status":"open","ping_status":"closed","template":"","meta":{"_acf_changed":false,"_et_pb_use_builder":"","_et_pb_old_content":"","_et_gb_content_width":"","_crsspst_to_wwwglobustapecom":false},"tecnologia":[],"product_cat":[99],"product_tag":[],"class_list":{"0":"post-7535","1":"product","2":"type-product","3":"status-publish","4":"has-post-thumbnail","6":"product_cat-optional-de","8":"first","9":"instock","10":"shipping-taxable","11":"product-type-simple"},"acf":[],"yoast_head":"<!-- This site is optimized with the Yoast SEO plugin v22.9 - https:\/\/yoast.com\/wordpress\/plugins\/seo\/ -->\n<title>Schneide System - Atlanta Stretch<\/title>\n<meta name=\"description\" content=\"- Schneide System - Atlanta Stretch %\" \/>\n<meta name=\"robots\" content=\"index, follow, max-snippet:-1, max-image-preview:large, max-video-preview:-1\" \/>\n<link rel=\"canonical\" href=\"https:\/\/www.atlantastretch.com\/de\/product\/schneide-system\/\" \/>\n<meta property=\"og:locale\" content=\"de_DE\" \/>\n<meta property=\"og:type\" content=\"article\" \/>\n<meta property=\"og:title\" content=\"Schneide System - Atlanta Stretch\" \/>\n<meta property=\"og:description\" content=\"- Schneide System - Atlanta Stretch %\" \/>\n<meta property=\"og:site_name\" content=\"Atlanta Stretch\" \/>\n<meta property=\"article:publisher\" content=\"https:\/\/www.facebook.com\/atlantastretchspa\" \/>\n<meta property=\"article:modified_time\" content=\"2024-04-08T12:11:55+00:00\" \/>\n<meta property=\"og:image\" content=\"https:\/\/www.atlantastretch.com\/wp-content\/uploads\/2024\/02\/TAGLIAFASCE-1.png\" \/>\n\t<meta property=\"og:image:width\" content=\"1080\" \/>\n\t<meta property=\"og:image:height\" content=\"1080\" \/>\n\t<meta property=\"og:image:type\" content=\"image\/png\" \/>\n<meta name=\"twitter:card\" content=\"summary_large_image\" \/>\n<script type=\"application\/ld+json\" class=\"yoast-schema-graph\">{\"@context\":\"https:\/\/schema.org\",\"@graph\":[{\"@type\":\"WebPage\",\"@id\":\"https:\/\/www.atlantastretch.com\/de\/product\/schneide-system\/\",\"url\":\"https:\/\/www.atlantastretch.com\/de\/product\/schneide-system\/\",\"name\":\"Schneide System - Atlanta Stretch\",\"isPartOf\":{\"@id\":\"https:\/\/www.atlantastretch.com\/de\/#website\"},\"primaryImageOfPage\":{\"@id\":\"https:\/\/www.atlantastretch.com\/de\/product\/schneide-system\/#primaryimage\"},\"image\":{\"@id\":\"https:\/\/www.atlantastretch.com\/de\/product\/schneide-system\/#primaryimage\"},\"thumbnailUrl\":\"https:\/\/www.atlantastretch.com\/wp-content\/uploads\/2024\/02\/TAGLIAFASCE-1.png\",\"datePublished\":\"2024-02-26T13:33:57+00:00\",\"dateModified\":\"2024-04-08T12:11:55+00:00\",\"description\":\"- Schneide System - Atlanta Stretch %\",\"breadcrumb\":{\"@id\":\"https:\/\/www.atlantastretch.com\/de\/product\/schneide-system\/#breadcrumb\"},\"inLanguage\":\"de\",\"potentialAction\":[{\"@type\":\"ReadAction\",\"target\":[\"https:\/\/www.atlantastretch.com\/de\/product\/schneide-system\/\"]}]},{\"@type\":\"ImageObject\",\"inLanguage\":\"de\",\"@id\":\"https:\/\/www.atlantastretch.com\/de\/product\/schneide-system\/#primaryimage\",\"url\":\"https:\/\/www.atlantastretch.com\/wp-content\/uploads\/2024\/02\/TAGLIAFASCE-1.png\",\"contentUrl\":\"https:\/\/www.atlantastretch.com\/wp-content\/uploads\/2024\/02\/TAGLIAFASCE-1.png\",\"width\":1080,\"height\":1080},{\"@type\":\"BreadcrumbList\",\"@id\":\"https:\/\/www.atlantastretch.com\/de\/product\/schneide-system\/#breadcrumb\",\"itemListElement\":[{\"@type\":\"ListItem\",\"position\":1,\"name\":\"Home\",\"item\":\"https:\/\/www.atlantastretch.com\/de\/\"},{\"@type\":\"ListItem\",\"position\":2,\"name\":\"Shop\",\"item\":\"https:\/\/www.atlantastretch.com\/de\/shop\/\"},{\"@type\":\"ListItem\",\"position\":3,\"name\":\"Schneide System\"}]},{\"@type\":\"WebSite\",\"@id\":\"https:\/\/www.atlantastretch.com\/de\/#website\",\"url\":\"https:\/\/www.atlantastretch.com\/de\/\",\"name\":\"Atlanta Stretch\",\"description\":\"Macchine per imballaggio pallet con film\",\"publisher\":{\"@id\":\"https:\/\/www.atlantastretch.com\/de\/#organization\"},\"alternateName\":\"Atlanta Stretch soluzioni per il finelinea\",\"potentialAction\":[{\"@type\":\"SearchAction\",\"target\":{\"@type\":\"EntryPoint\",\"urlTemplate\":\"https:\/\/www.atlantastretch.com\/de\/?s={search_term_string}\"},\"query-input\":\"required name=search_term_string\"}],\"inLanguage\":\"de\"},{\"@type\":\"Organization\",\"@id\":\"https:\/\/www.atlantastretch.com\/de\/#organization\",\"name\":\"Atlanta Stretch\",\"alternateName\":\"Atlanta Stretch soluzioni per il finelinea\",\"url\":\"https:\/\/www.atlantastretch.com\/de\/\",\"logo\":{\"@type\":\"ImageObject\",\"inLanguage\":\"de\",\"@id\":\"https:\/\/www.atlantastretch.com\/de\/#\/schema\/logo\/image\/\",\"url\":\"https:\/\/www.atlantastretch.com\/wp-content\/uploads\/2024\/01\/cropped-logotipo-rosso.png\",\"contentUrl\":\"https:\/\/www.atlantastretch.com\/wp-content\/uploads\/2024\/01\/cropped-logotipo-rosso.png\",\"width\":512,\"height\":512,\"caption\":\"Atlanta Stretch\"},\"image\":{\"@id\":\"https:\/\/www.atlantastretch.com\/de\/#\/schema\/logo\/image\/\"},\"sameAs\":[\"https:\/\/www.facebook.com\/atlantastretchspa\",\"https:\/\/www.instagram.com\/atlantastretch_official\/\",\"https:\/\/www.linkedin.com\/company\/atlanta-stretch-spa\/\",\"https:\/\/www.youtube.com\/channel\/UCqNtlDqg_fw0AIH20Kfj04Q\"]}]}<\/script>\n<!-- \/ Yoast SEO plugin. -->","yoast_head_json":{"title":"Schneide System - Atlanta Stretch","description":"- Schneide System - Atlanta Stretch %","robots":{"index":"index","follow":"follow","max-snippet":"max-snippet:-1","max-image-preview":"max-image-preview:large","max-video-preview":"max-video-preview:-1"},"canonical":"https:\/\/www.atlantastretch.com\/de\/product\/schneide-system\/","og_locale":"de_DE","og_type":"article","og_title":"Schneide System - Atlanta Stretch","og_description":"- Schneide System - Atlanta Stretch %","og_site_name":"Atlanta Stretch","article_publisher":"https:\/\/www.facebook.com\/atlantastretchspa","article_modified_time":"2024-04-08T12:11:55+00:00","og_image":[{"width":1080,"height":1080,"url":"https:\/\/www.atlantastretch.com\/wp-content\/uploads\/2024\/02\/TAGLIAFASCE-1.png","type":"image\/png"}],"twitter_card":"summary_large_image","schema":{"@context":"https:\/\/schema.org","@graph":[{"@type":"WebPage","@id":"https:\/\/www.atlantastretch.com\/de\/product\/schneide-system\/","url":"https:\/\/www.atlantastretch.com\/de\/product\/schneide-system\/","name":"Schneide System - Atlanta Stretch","isPartOf":{"@id":"https:\/\/www.atlantastretch.com\/de\/#website"},"primaryImageOfPage":{"@id":"https:\/\/www.atlantastretch.com\/de\/product\/schneide-system\/#primaryimage"},"image":{"@id":"https:\/\/www.atlantastretch.com\/de\/product\/schneide-system\/#primaryimage"},"thumbnailUrl":"https:\/\/www.atlantastretch.com\/wp-content\/uploads\/2024\/02\/TAGLIAFASCE-1.png","datePublished":"2024-02-26T13:33:57+00:00","dateModified":"2024-04-08T12:11:55+00:00","description":"- Schneide System - Atlanta Stretch %","breadcrumb":{"@id":"https:\/\/www.atlantastretch.com\/de\/product\/schneide-system\/#breadcrumb"},"inLanguage":"de","potentialAction":[{"@type":"ReadAction","target":["https:\/\/www.atlantastretch.com\/de\/product\/schneide-system\/"]}]},{"@type":"ImageObject","inLanguage":"de","@id":"https:\/\/www.atlantastretch.com\/de\/product\/schneide-system\/#primaryimage","url":"https:\/\/www.atlantastretch.com\/wp-content\/uploads\/2024\/02\/TAGLIAFASCE-1.png","contentUrl":"https:\/\/www.atlantastretch.com\/wp-content\/uploads\/2024\/02\/TAGLIAFASCE-1.png","width":1080,"height":1080},{"@type":"BreadcrumbList","@id":"https:\/\/www.atlantastretch.com\/de\/product\/schneide-system\/#breadcrumb","itemListElement":[{"@type":"ListItem","position":1,"name":"Home","item":"https:\/\/www.atlantastretch.com\/de\/"},{"@type":"ListItem","position":2,"name":"Shop","item":"https:\/\/www.atlantastretch.com\/de\/shop\/"},{"@type":"ListItem","position":3,"name":"Schneide System"}]},{"@type":"WebSite","@id":"https:\/\/www.atlantastretch.com\/de\/#website","url":"https:\/\/www.atlantastretch.com\/de\/","name":"Atlanta Stretch","description":"Macchine per imballaggio pallet con film","publisher":{"@id":"https:\/\/www.atlantastretch.com\/de\/#organization"},"alternateName":"Atlanta Stretch soluzioni per il finelinea","potentialAction":[{"@type":"SearchAction","target":{"@type":"EntryPoint","urlTemplate":"https:\/\/www.atlantastretch.com\/de\/?s={search_term_string}"},"query-input":"required name=search_term_string"}],"inLanguage":"de"},{"@type":"Organization","@id":"https:\/\/www.atlantastretch.com\/de\/#organization","name":"Atlanta Stretch","alternateName":"Atlanta Stretch soluzioni per il finelinea","url":"https:\/\/www.atlantastretch.com\/de\/","logo":{"@type":"ImageObject","inLanguage":"de","@id":"https:\/\/www.atlantastretch.com\/de\/#\/schema\/logo\/image\/","url":"https:\/\/www.atlantastretch.com\/wp-content\/uploads\/2024\/01\/cropped-logotipo-rosso.png","contentUrl":"https:\/\/www.atlantastretch.com\/wp-content\/uploads\/2024\/01\/cropped-logotipo-rosso.png","width":512,"height":512,"caption":"Atlanta Stretch"},"image":{"@id":"https:\/\/www.atlantastretch.com\/de\/#\/schema\/logo\/image\/"},"sameAs":["https:\/\/www.facebook.com\/atlantastretchspa","https:\/\/www.instagram.com\/atlantastretch_official\/","https:\/\/www.linkedin.com\/company\/atlanta-stretch-spa\/","https:\/\/www.youtube.com\/channel\/UCqNtlDqg_fw0AIH20Kfj04Q"]}]}},"_links":{"self":[{"href":"https:\/\/www.atlantastretch.com\/de\/wp-json\/wp\/v2\/product\/7535","targetHints":{"allow":["GET"]}}],"collection":[{"href":"https:\/\/www.atlantastretch.com\/de\/wp-json\/wp\/v2\/product"}],"about":[{"href":"https:\/\/www.atlantastretch.com\/de\/wp-json\/wp\/v2\/types\/product"}],"replies":[{"embeddable":true,"href":"https:\/\/www.atlantastretch.com\/de\/wp-json\/wp\/v2\/comments?post=7535"}],"wp:featuredmedia":[{"embeddable":true,"href":"https:\/\/www.atlantastretch.com\/de\/wp-json\/wp\/v2\/media\/10903"}],"wp:attachment":[{"href":"https:\/\/www.atlantastretch.com\/de\/wp-json\/wp\/v2\/media?parent=7535"}],"wp:term":[{"taxonomy":"tecnologia","embeddable":true,"href":"https:\/\/www.atlantastretch.com\/de\/wp-json\/wp\/v2\/tecnologia?post=7535"},{"taxonomy":"product_cat","embeddable":true,"href":"https:\/\/www.atlantastretch.com\/de\/wp-json\/wp\/v2\/product_cat?post=7535"},{"taxonomy":"product_tag","embeddable":true,"href":"https:\/\/www.atlantastretch.com\/de\/wp-json\/wp\/v2\/product_tag?post=7535"}],"curies":[{"name":"wp","href":"https:\/\/api.w.org\/{rel}","templated":true}]}}