{"id":17271,"date":"2024-08-27T14:03:38","date_gmt":"2024-08-27T12:03:38","guid":{"rendered":"https:\/\/www.atlantastretch.com\/?post_type=product&#038;p=17271"},"modified":"2024-08-27T14:09:23","modified_gmt":"2024-08-27T12:09:23","slug":"elevador-hidraulico","status":"publish","type":"product","link":"https:\/\/www.atlantastretch.com\/es\/product\/elevador-hidraulico\/","title":{"rendered":"ELEVADOR HIDR\u00c1ULICO"},"content":{"rendered":"<p>Una vez posicionado, el pal\u00e9 se eleva autom\u00e1ticamente hasta la altura de la l\u00ednea mediante un sistema de elevaci\u00f3n hidr\u00e1ulico.<br \/>\nEsta soluci\u00f3n permite utilizar una transpaleta manual para posicionar la carga<\/p>\n","protected":false},"excerpt":{"rendered":"<p>Una vez posicionado, el pal\u00e9 se eleva autom\u00e1ticamente hasta la altura de la l\u00ednea mediante un sistema de elevaci\u00f3n hidr\u00e1ulico. Esta soluci\u00f3n permite utilizar una transpaleta manual para posicionar la carga<\/p>\n","protected":false},"featured_media":17265,"comment_status":"closed","ping_status":"closed","template":"","meta":{"_acf_changed":false,"_et_pb_use_builder":"","_et_pb_old_content":"","_et_gb_content_width":"","_crsspst_to_wwwglobustapecom":false},"tecnologia":[],"product_cat":[198],"product_tag":[],"class_list":{"0":"post-17271","1":"product","2":"type-product","3":"status-publish","4":"has-post-thumbnail","6":"product_cat-manipuation-de-palets","8":"first","9":"instock","10":"shipping-taxable","11":"product-type-simple"},"acf":[],"yoast_head":"<!-- This site is optimized with the Yoast SEO plugin v22.9 - https:\/\/yoast.com\/wordpress\/plugins\/seo\/ -->\n<title>ELEVADOR HIDR\u00c1ULICO - Atlanta Stretch<\/title>\n<meta name=\"description\" content=\"- ELEVADOR HIDR\u00c1ULICO - Atlanta Stretch %\" \/>\n<meta name=\"robots\" content=\"index, follow, max-snippet:-1, max-image-preview:large, max-video-preview:-1\" \/>\n<link rel=\"canonical\" href=\"https:\/\/www.atlantastretch.com\/es\/product\/elevador-hidraulico\/\" \/>\n<meta property=\"og:locale\" content=\"es_ES\" \/>\n<meta property=\"og:type\" content=\"article\" \/>\n<meta property=\"og:title\" content=\"ELEVADOR HIDR\u00c1ULICO - Atlanta Stretch\" \/>\n<meta property=\"og:description\" content=\"- ELEVADOR HIDR\u00c1ULICO - Atlanta Stretch %\" \/>\n<meta property=\"og:site_name\" content=\"Atlanta Stretch\" \/>\n<meta property=\"article:publisher\" content=\"https:\/\/www.facebook.com\/atlantastretchspa\" \/>\n<meta property=\"article:modified_time\" content=\"2024-08-27T12:09:23+00:00\" \/>\n<meta property=\"og:image\" content=\"https:\/\/www.atlantastretch.com\/wp-content\/uploads\/2024\/08\/1080X1080_PNEUMATIC-LIFTER_1.jpg.png\" \/>\n\t<meta property=\"og:image:width\" content=\"1920\" \/>\n\t<meta property=\"og:image:height\" content=\"1080\" \/>\n\t<meta property=\"og:image:type\" content=\"image\/png\" \/>\n<meta name=\"twitter:card\" content=\"summary_large_image\" \/>\n<script type=\"application\/ld+json\" class=\"yoast-schema-graph\">{\"@context\":\"https:\/\/schema.org\",\"@graph\":[{\"@type\":\"WebPage\",\"@id\":\"https:\/\/www.atlantastretch.com\/es\/product\/elevador-hidraulico\/\",\"url\":\"https:\/\/www.atlantastretch.com\/es\/product\/elevador-hidraulico\/\",\"name\":\"ELEVADOR HIDR\u00c1ULICO - Atlanta Stretch\",\"isPartOf\":{\"@id\":\"https:\/\/www.atlantastretch.com\/es\/#website\"},\"primaryImageOfPage\":{\"@id\":\"https:\/\/www.atlantastretch.com\/es\/product\/elevador-hidraulico\/#primaryimage\"},\"image\":{\"@id\":\"https:\/\/www.atlantastretch.com\/es\/product\/elevador-hidraulico\/#primaryimage\"},\"thumbnailUrl\":\"https:\/\/www.atlantastretch.com\/wp-content\/uploads\/2024\/08\/1080X1080_PNEUMATIC-LIFTER_1.jpg.png\",\"datePublished\":\"2024-08-27T12:03:38+00:00\",\"dateModified\":\"2024-08-27T12:09:23+00:00\",\"description\":\"- ELEVADOR HIDR\u00c1ULICO - Atlanta Stretch %\",\"breadcrumb\":{\"@id\":\"https:\/\/www.atlantastretch.com\/es\/product\/elevador-hidraulico\/#breadcrumb\"},\"inLanguage\":\"es\",\"potentialAction\":[{\"@type\":\"ReadAction\",\"target\":[\"https:\/\/www.atlantastretch.com\/es\/product\/elevador-hidraulico\/\"]}]},{\"@type\":\"ImageObject\",\"inLanguage\":\"es\",\"@id\":\"https:\/\/www.atlantastretch.com\/es\/product\/elevador-hidraulico\/#primaryimage\",\"url\":\"https:\/\/www.atlantastretch.com\/wp-content\/uploads\/2024\/08\/1080X1080_PNEUMATIC-LIFTER_1.jpg.png\",\"contentUrl\":\"https:\/\/www.atlantastretch.com\/wp-content\/uploads\/2024\/08\/1080X1080_PNEUMATIC-LIFTER_1.jpg.png\",\"width\":1920,\"height\":1080},{\"@type\":\"BreadcrumbList\",\"@id\":\"https:\/\/www.atlantastretch.com\/es\/product\/elevador-hidraulico\/#breadcrumb\",\"itemListElement\":[{\"@type\":\"ListItem\",\"position\":1,\"name\":\"Home\",\"item\":\"https:\/\/www.atlantastretch.com\/es\/\"},{\"@type\":\"ListItem\",\"position\":2,\"name\":\"Tienda\",\"item\":\"https:\/\/www.atlantastretch.com\/es\/tienda\/\"},{\"@type\":\"ListItem\",\"position\":3,\"name\":\"ELEVADOR HIDR\u00c1ULICO\"}]},{\"@type\":\"WebSite\",\"@id\":\"https:\/\/www.atlantastretch.com\/es\/#website\",\"url\":\"https:\/\/www.atlantastretch.com\/es\/\",\"name\":\"Atlanta Stretch\",\"description\":\"Macchine per imballaggio pallet con film\",\"publisher\":{\"@id\":\"https:\/\/www.atlantastretch.com\/es\/#organization\"},\"alternateName\":\"Atlanta Stretch soluzioni per il finelinea\",\"potentialAction\":[{\"@type\":\"SearchAction\",\"target\":{\"@type\":\"EntryPoint\",\"urlTemplate\":\"https:\/\/www.atlantastretch.com\/es\/?s={search_term_string}\"},\"query-input\":\"required name=search_term_string\"}],\"inLanguage\":\"es\"},{\"@type\":\"Organization\",\"@id\":\"https:\/\/www.atlantastretch.com\/es\/#organization\",\"name\":\"Atlanta Stretch\",\"alternateName\":\"Atlanta Stretch soluzioni per il finelinea\",\"url\":\"https:\/\/www.atlantastretch.com\/es\/\",\"logo\":{\"@type\":\"ImageObject\",\"inLanguage\":\"es\",\"@id\":\"https:\/\/www.atlantastretch.com\/es\/#\/schema\/logo\/image\/\",\"url\":\"https:\/\/www.atlantastretch.com\/wp-content\/uploads\/2024\/01\/cropped-logotipo-rosso.png\",\"contentUrl\":\"https:\/\/www.atlantastretch.com\/wp-content\/uploads\/2024\/01\/cropped-logotipo-rosso.png\",\"width\":512,\"height\":512,\"caption\":\"Atlanta Stretch\"},\"image\":{\"@id\":\"https:\/\/www.atlantastretch.com\/es\/#\/schema\/logo\/image\/\"},\"sameAs\":[\"https:\/\/www.facebook.com\/atlantastretchspa\",\"https:\/\/www.instagram.com\/atlantastretch_official\/\",\"https:\/\/www.linkedin.com\/company\/atlanta-stretch-spa\/\",\"https:\/\/www.youtube.com\/channel\/UCqNtlDqg_fw0AIH20Kfj04Q\"]}]}<\/script>\n<!-- \/ Yoast SEO plugin. -->","yoast_head_json":{"title":"ELEVADOR HIDR\u00c1ULICO - Atlanta Stretch","description":"- ELEVADOR HIDR\u00c1ULICO - Atlanta Stretch %","robots":{"index":"index","follow":"follow","max-snippet":"max-snippet:-1","max-image-preview":"max-image-preview:large","max-video-preview":"max-video-preview:-1"},"canonical":"https:\/\/www.atlantastretch.com\/es\/product\/elevador-hidraulico\/","og_locale":"es_ES","og_type":"article","og_title":"ELEVADOR HIDR\u00c1ULICO - Atlanta Stretch","og_description":"- ELEVADOR HIDR\u00c1ULICO - Atlanta Stretch %","og_site_name":"Atlanta Stretch","article_publisher":"https:\/\/www.facebook.com\/atlantastretchspa","article_modified_time":"2024-08-27T12:09:23+00:00","og_image":[{"width":1920,"height":1080,"url":"https:\/\/www.atlantastretch.com\/wp-content\/uploads\/2024\/08\/1080X1080_PNEUMATIC-LIFTER_1.jpg.png","type":"image\/png"}],"twitter_card":"summary_large_image","schema":{"@context":"https:\/\/schema.org","@graph":[{"@type":"WebPage","@id":"https:\/\/www.atlantastretch.com\/es\/product\/elevador-hidraulico\/","url":"https:\/\/www.atlantastretch.com\/es\/product\/elevador-hidraulico\/","name":"ELEVADOR HIDR\u00c1ULICO - Atlanta Stretch","isPartOf":{"@id":"https:\/\/www.atlantastretch.com\/es\/#website"},"primaryImageOfPage":{"@id":"https:\/\/www.atlantastretch.com\/es\/product\/elevador-hidraulico\/#primaryimage"},"image":{"@id":"https:\/\/www.atlantastretch.com\/es\/product\/elevador-hidraulico\/#primaryimage"},"thumbnailUrl":"https:\/\/www.atlantastretch.com\/wp-content\/uploads\/2024\/08\/1080X1080_PNEUMATIC-LIFTER_1.jpg.png","datePublished":"2024-08-27T12:03:38+00:00","dateModified":"2024-08-27T12:09:23+00:00","description":"- ELEVADOR HIDR\u00c1ULICO - Atlanta Stretch %","breadcrumb":{"@id":"https:\/\/www.atlantastretch.com\/es\/product\/elevador-hidraulico\/#breadcrumb"},"inLanguage":"es","potentialAction":[{"@type":"ReadAction","target":["https:\/\/www.atlantastretch.com\/es\/product\/elevador-hidraulico\/"]}]},{"@type":"ImageObject","inLanguage":"es","@id":"https:\/\/www.atlantastretch.com\/es\/product\/elevador-hidraulico\/#primaryimage","url":"https:\/\/www.atlantastretch.com\/wp-content\/uploads\/2024\/08\/1080X1080_PNEUMATIC-LIFTER_1.jpg.png","contentUrl":"https:\/\/www.atlantastretch.com\/wp-content\/uploads\/2024\/08\/1080X1080_PNEUMATIC-LIFTER_1.jpg.png","width":1920,"height":1080},{"@type":"BreadcrumbList","@id":"https:\/\/www.atlantastretch.com\/es\/product\/elevador-hidraulico\/#breadcrumb","itemListElement":[{"@type":"ListItem","position":1,"name":"Home","item":"https:\/\/www.atlantastretch.com\/es\/"},{"@type":"ListItem","position":2,"name":"Tienda","item":"https:\/\/www.atlantastretch.com\/es\/tienda\/"},{"@type":"ListItem","position":3,"name":"ELEVADOR HIDR\u00c1ULICO"}]},{"@type":"WebSite","@id":"https:\/\/www.atlantastretch.com\/es\/#website","url":"https:\/\/www.atlantastretch.com\/es\/","name":"Atlanta Stretch","description":"Macchine per imballaggio pallet con film","publisher":{"@id":"https:\/\/www.atlantastretch.com\/es\/#organization"},"alternateName":"Atlanta Stretch soluzioni per il finelinea","potentialAction":[{"@type":"SearchAction","target":{"@type":"EntryPoint","urlTemplate":"https:\/\/www.atlantastretch.com\/es\/?s={search_term_string}"},"query-input":"required name=search_term_string"}],"inLanguage":"es"},{"@type":"Organization","@id":"https:\/\/www.atlantastretch.com\/es\/#organization","name":"Atlanta Stretch","alternateName":"Atlanta Stretch soluzioni per il finelinea","url":"https:\/\/www.atlantastretch.com\/es\/","logo":{"@type":"ImageObject","inLanguage":"es","@id":"https:\/\/www.atlantastretch.com\/es\/#\/schema\/logo\/image\/","url":"https:\/\/www.atlantastretch.com\/wp-content\/uploads\/2024\/01\/cropped-logotipo-rosso.png","contentUrl":"https:\/\/www.atlantastretch.com\/wp-content\/uploads\/2024\/01\/cropped-logotipo-rosso.png","width":512,"height":512,"caption":"Atlanta Stretch"},"image":{"@id":"https:\/\/www.atlantastretch.com\/es\/#\/schema\/logo\/image\/"},"sameAs":["https:\/\/www.facebook.com\/atlantastretchspa","https:\/\/www.instagram.com\/atlantastretch_official\/","https:\/\/www.linkedin.com\/company\/atlanta-stretch-spa\/","https:\/\/www.youtube.com\/channel\/UCqNtlDqg_fw0AIH20Kfj04Q"]}]}},"_links":{"self":[{"href":"https:\/\/www.atlantastretch.com\/es\/wp-json\/wp\/v2\/product\/17271","targetHints":{"allow":["GET"]}}],"collection":[{"href":"https:\/\/www.atlantastretch.com\/es\/wp-json\/wp\/v2\/product"}],"about":[{"href":"https:\/\/www.atlantastretch.com\/es\/wp-json\/wp\/v2\/types\/product"}],"replies":[{"embeddable":true,"href":"https:\/\/www.atlantastretch.com\/es\/wp-json\/wp\/v2\/comments?post=17271"}],"wp:featuredmedia":[{"embeddable":true,"href":"https:\/\/www.atlantastretch.com\/es\/wp-json\/wp\/v2\/media\/17265"}],"wp:attachment":[{"href":"https:\/\/www.atlantastretch.com\/es\/wp-json\/wp\/v2\/media?parent=17271"}],"wp:term":[{"taxonomy":"tecnologia","embeddable":true,"href":"https:\/\/www.atlantastretch.com\/es\/wp-json\/wp\/v2\/tecnologia?post=17271"},{"taxonomy":"product_cat","embeddable":true,"href":"https:\/\/www.atlantastretch.com\/es\/wp-json\/wp\/v2\/product_cat?post=17271"},{"taxonomy":"product_tag","embeddable":true,"href":"https:\/\/www.atlantastretch.com\/es\/wp-json\/wp\/v2\/product_tag?post=17271"}],"curies":[{"name":"wp","href":"https:\/\/api.w.org\/{rel}","templated":true}]}}