{"id":20118,"date":"2026-03-09T16:42:22","date_gmt":"2026-03-09T15:42:22","guid":{"rendered":"https:\/\/www.atlantastretch.com\/?post_type=product&#038;p=20118"},"modified":"2026-03-13T12:55:57","modified_gmt":"2026-03-13T11:55:57","slug":"sipario","status":"publish","type":"product","link":"https:\/\/www.atlantastretch.com\/es\/product\/sipario\/","title":{"rendered":"SIPARIO"},"content":{"rendered":"<h3>Sipario es el sistema robotizado desarrollado por Atlanta Robotics para la retirada autom\u00e1tica del film o del fleje de los pal\u00e9s.<\/h3>\n<p>En la mayor\u00eda de las l\u00edneas que cuentan con un sistema de despaletizaci\u00f3n, esta operaci\u00f3n sigue corriendo a cargo de un operario.<\/p>\n<p>Es precisamente en esta fase, hasta ahora no automatizada, donde entra en escena Sipario: un sistema que elimina la necesidad de intervenci\u00f3n manual, <strong>mejorando la seguridad, la eficiencia y la continuidad operativa.<\/strong><\/p>\n<p>Gracias a su <strong>cabezal multifunci\u00f3n<\/strong> equipado con sensores, el robot identifica la geometr\u00eda de la carga y realiza el corte del film termorretr\u00e1ctil, extensible o de la fleje con alt\u00edsima precisi\u00f3n, <strong>adapt\u00e1ndose a la forma de los pal\u00e9s<\/strong> en tiempo real gracias a una serie de sensores. Esto permite <strong>gestionar producciones con pal\u00e9s de diferentes formas y dimensiones de forma totalmente autom\u00e1tica y con la m\u00e1xima precisi\u00f3n.<\/strong><\/p>\n<p>El film y el fleje se retiran <strong>sin ejercer presi\u00f3n sobre el producto<\/strong> paletizado, evitando as\u00ed ca\u00eddas o roturas y optimizando esta fase del final de l\u00ednea para lograr una <strong>continuidad productiva<\/strong> y reducir al m\u00e1ximo los tiempos de parada de la l\u00ednea.<\/p>\n<p>&nbsp;<\/p>\n<p>&nbsp;<\/p>\n<p>&nbsp;<\/p>\n","protected":false},"excerpt":{"rendered":"<ul>\n<li><strong>Retirada autom\u00e1tica de film y flejes<\/strong><\/li>\n<li>Gesti\u00f3n <strong>autom\u00e1tica<\/strong> de <strong>pal\u00e9s de distintos tama\u00f1os y formas<\/strong><\/li>\n<li><strong>Reducci\u00f3n de los tiempos de inactividad<\/strong> y mayor continuidad en la producci\u00f3n.<\/li>\n<li><strong>Sistema modular, tama\u00f1o reducido y f\u00e1cil implementaci\u00f3n.<\/strong><\/li>\n<li><strong>Mayor seguridad<\/strong> para los operarios al eliminar tareas manuales peligrosas.<\/li>\n<li>Optimizaci\u00f3n del final de l\u00ednea con <strong>automatizaci\u00f3n inteligente.<\/strong><\/li>\n<li><strong>Gesti\u00f3n autom\u00e1tica de los residuos de film o fleje<\/strong> mediante un sistema de trituraci\u00f3n y recogida.<\/li>\n<li>Posibilidad de recuperaci\u00f3n y <strong>valorizaci\u00f3n del material de desecho.<\/strong><\/li>\n<\/ul>\n","protected":false},"featured_media":20575,"comment_status":"closed","ping_status":"closed","template":"","meta":{"_acf_changed":false,"_et_pb_use_builder":"","_et_pb_old_content":"","_et_gb_content_width":"","_crsspst_to_wwwglobustapecom":false},"tecnologia":[],"product_cat":[443],"product_tag":[],"class_list":{"0":"post-20118","1":"product","2":"type-product","3":"status-publish","4":"has-post-thumbnail","6":"product_cat-sipario-es","8":"first","9":"instock","10":"shipping-taxable","11":"product-type-simple"},"acf":[],"yoast_head":"<!-- This site is optimized with the Yoast SEO plugin v22.9 - https:\/\/yoast.com\/wordpress\/plugins\/seo\/ -->\n<title>SIPARIO - Atlanta Stretch<\/title>\n<meta name=\"description\" content=\"- SIPARIO - Atlanta Stretch %\" \/>\n<meta name=\"robots\" content=\"index, follow, max-snippet:-1, max-image-preview:large, max-video-preview:-1\" \/>\n<link rel=\"canonical\" href=\"https:\/\/www.atlantastretch.com\/es\/product\/sipario\/\" \/>\n<meta property=\"og:locale\" content=\"es_ES\" \/>\n<meta property=\"og:type\" content=\"article\" \/>\n<meta property=\"og:title\" content=\"SIPARIO - Atlanta Stretch\" \/>\n<meta property=\"og:description\" content=\"- SIPARIO - Atlanta Stretch %\" \/>\n<meta property=\"og:site_name\" content=\"Atlanta Stretch\" \/>\n<meta property=\"article:publisher\" content=\"https:\/\/www.facebook.com\/atlantastretchspa\" \/>\n<meta property=\"article:modified_time\" content=\"2026-03-13T11:55:57+00:00\" \/>\n<meta property=\"og:image\" content=\"https:\/\/www.atlantastretch.com\/wp-content\/uploads\/2026\/03\/1080x1080_sipario_tiny-1.png\" \/>\n\t<meta property=\"og:image:width\" content=\"1080\" \/>\n\t<meta property=\"og:image:height\" content=\"1080\" \/>\n\t<meta property=\"og:image:type\" content=\"image\/png\" \/>\n<meta name=\"twitter:card\" content=\"summary_large_image\" \/>\n<script type=\"application\/ld+json\" class=\"yoast-schema-graph\">{\"@context\":\"https:\/\/schema.org\",\"@graph\":[{\"@type\":\"WebPage\",\"@id\":\"https:\/\/www.atlantastretch.com\/es\/product\/sipario\/\",\"url\":\"https:\/\/www.atlantastretch.com\/es\/product\/sipario\/\",\"name\":\"SIPARIO - Atlanta Stretch\",\"isPartOf\":{\"@id\":\"https:\/\/www.atlantastretch.com\/es\/#website\"},\"primaryImageOfPage\":{\"@id\":\"https:\/\/www.atlantastretch.com\/es\/product\/sipario\/#primaryimage\"},\"image\":{\"@id\":\"https:\/\/www.atlantastretch.com\/es\/product\/sipario\/#primaryimage\"},\"thumbnailUrl\":\"https:\/\/www.atlantastretch.com\/wp-content\/uploads\/2026\/03\/1080x1080_sipario_tiny-1.png\",\"datePublished\":\"2026-03-09T15:42:22+00:00\",\"dateModified\":\"2026-03-13T11:55:57+00:00\",\"description\":\"- SIPARIO - Atlanta Stretch %\",\"breadcrumb\":{\"@id\":\"https:\/\/www.atlantastretch.com\/es\/product\/sipario\/#breadcrumb\"},\"inLanguage\":\"es\",\"potentialAction\":[{\"@type\":\"ReadAction\",\"target\":[\"https:\/\/www.atlantastretch.com\/es\/product\/sipario\/\"]}]},{\"@type\":\"ImageObject\",\"inLanguage\":\"es\",\"@id\":\"https:\/\/www.atlantastretch.com\/es\/product\/sipario\/#primaryimage\",\"url\":\"https:\/\/www.atlantastretch.com\/wp-content\/uploads\/2026\/03\/1080x1080_sipario_tiny-1.png\",\"contentUrl\":\"https:\/\/www.atlantastretch.com\/wp-content\/uploads\/2026\/03\/1080x1080_sipario_tiny-1.png\",\"width\":1080,\"height\":1080},{\"@type\":\"BreadcrumbList\",\"@id\":\"https:\/\/www.atlantastretch.com\/es\/product\/sipario\/#breadcrumb\",\"itemListElement\":[{\"@type\":\"ListItem\",\"position\":1,\"name\":\"Home\",\"item\":\"https:\/\/www.atlantastretch.com\/es\/\"},{\"@type\":\"ListItem\",\"position\":2,\"name\":\"Tienda\",\"item\":\"https:\/\/www.atlantastretch.com\/es\/tienda\/\"},{\"@type\":\"ListItem\",\"position\":3,\"name\":\"SIPARIO\"}]},{\"@type\":\"WebSite\",\"@id\":\"https:\/\/www.atlantastretch.com\/es\/#website\",\"url\":\"https:\/\/www.atlantastretch.com\/es\/\",\"name\":\"Atlanta Stretch\",\"description\":\"Macchine per imballaggio pallet con film\",\"publisher\":{\"@id\":\"https:\/\/www.atlantastretch.com\/es\/#organization\"},\"alternateName\":\"Atlanta Stretch soluzioni per il finelinea\",\"potentialAction\":[{\"@type\":\"SearchAction\",\"target\":{\"@type\":\"EntryPoint\",\"urlTemplate\":\"https:\/\/www.atlantastretch.com\/es\/?s={search_term_string}\"},\"query-input\":\"required name=search_term_string\"}],\"inLanguage\":\"es\"},{\"@type\":\"Organization\",\"@id\":\"https:\/\/www.atlantastretch.com\/es\/#organization\",\"name\":\"Atlanta Stretch\",\"alternateName\":\"Atlanta Stretch soluzioni per il finelinea\",\"url\":\"https:\/\/www.atlantastretch.com\/es\/\",\"logo\":{\"@type\":\"ImageObject\",\"inLanguage\":\"es\",\"@id\":\"https:\/\/www.atlantastretch.com\/es\/#\/schema\/logo\/image\/\",\"url\":\"https:\/\/www.atlantastretch.com\/wp-content\/uploads\/2024\/01\/cropped-logotipo-rosso.png\",\"contentUrl\":\"https:\/\/www.atlantastretch.com\/wp-content\/uploads\/2024\/01\/cropped-logotipo-rosso.png\",\"width\":512,\"height\":512,\"caption\":\"Atlanta Stretch\"},\"image\":{\"@id\":\"https:\/\/www.atlantastretch.com\/es\/#\/schema\/logo\/image\/\"},\"sameAs\":[\"https:\/\/www.facebook.com\/atlantastretchspa\",\"https:\/\/www.instagram.com\/atlantastretch_official\/\",\"https:\/\/www.linkedin.com\/company\/atlanta-stretch-spa\/\",\"https:\/\/www.youtube.com\/channel\/UCqNtlDqg_fw0AIH20Kfj04Q\"]}]}<\/script>\n<!-- \/ Yoast SEO plugin. -->","yoast_head_json":{"title":"SIPARIO - Atlanta Stretch","description":"- SIPARIO - Atlanta Stretch %","robots":{"index":"index","follow":"follow","max-snippet":"max-snippet:-1","max-image-preview":"max-image-preview:large","max-video-preview":"max-video-preview:-1"},"canonical":"https:\/\/www.atlantastretch.com\/es\/product\/sipario\/","og_locale":"es_ES","og_type":"article","og_title":"SIPARIO - Atlanta Stretch","og_description":"- SIPARIO - Atlanta Stretch %","og_site_name":"Atlanta Stretch","article_publisher":"https:\/\/www.facebook.com\/atlantastretchspa","article_modified_time":"2026-03-13T11:55:57+00:00","og_image":[{"width":1080,"height":1080,"url":"https:\/\/www.atlantastretch.com\/wp-content\/uploads\/2026\/03\/1080x1080_sipario_tiny-1.png","type":"image\/png"}],"twitter_card":"summary_large_image","schema":{"@context":"https:\/\/schema.org","@graph":[{"@type":"WebPage","@id":"https:\/\/www.atlantastretch.com\/es\/product\/sipario\/","url":"https:\/\/www.atlantastretch.com\/es\/product\/sipario\/","name":"SIPARIO - Atlanta Stretch","isPartOf":{"@id":"https:\/\/www.atlantastretch.com\/es\/#website"},"primaryImageOfPage":{"@id":"https:\/\/www.atlantastretch.com\/es\/product\/sipario\/#primaryimage"},"image":{"@id":"https:\/\/www.atlantastretch.com\/es\/product\/sipario\/#primaryimage"},"thumbnailUrl":"https:\/\/www.atlantastretch.com\/wp-content\/uploads\/2026\/03\/1080x1080_sipario_tiny-1.png","datePublished":"2026-03-09T15:42:22+00:00","dateModified":"2026-03-13T11:55:57+00:00","description":"- SIPARIO - Atlanta Stretch %","breadcrumb":{"@id":"https:\/\/www.atlantastretch.com\/es\/product\/sipario\/#breadcrumb"},"inLanguage":"es","potentialAction":[{"@type":"ReadAction","target":["https:\/\/www.atlantastretch.com\/es\/product\/sipario\/"]}]},{"@type":"ImageObject","inLanguage":"es","@id":"https:\/\/www.atlantastretch.com\/es\/product\/sipario\/#primaryimage","url":"https:\/\/www.atlantastretch.com\/wp-content\/uploads\/2026\/03\/1080x1080_sipario_tiny-1.png","contentUrl":"https:\/\/www.atlantastretch.com\/wp-content\/uploads\/2026\/03\/1080x1080_sipario_tiny-1.png","width":1080,"height":1080},{"@type":"BreadcrumbList","@id":"https:\/\/www.atlantastretch.com\/es\/product\/sipario\/#breadcrumb","itemListElement":[{"@type":"ListItem","position":1,"name":"Home","item":"https:\/\/www.atlantastretch.com\/es\/"},{"@type":"ListItem","position":2,"name":"Tienda","item":"https:\/\/www.atlantastretch.com\/es\/tienda\/"},{"@type":"ListItem","position":3,"name":"SIPARIO"}]},{"@type":"WebSite","@id":"https:\/\/www.atlantastretch.com\/es\/#website","url":"https:\/\/www.atlantastretch.com\/es\/","name":"Atlanta Stretch","description":"Macchine per imballaggio pallet con film","publisher":{"@id":"https:\/\/www.atlantastretch.com\/es\/#organization"},"alternateName":"Atlanta Stretch soluzioni per il finelinea","potentialAction":[{"@type":"SearchAction","target":{"@type":"EntryPoint","urlTemplate":"https:\/\/www.atlantastretch.com\/es\/?s={search_term_string}"},"query-input":"required name=search_term_string"}],"inLanguage":"es"},{"@type":"Organization","@id":"https:\/\/www.atlantastretch.com\/es\/#organization","name":"Atlanta Stretch","alternateName":"Atlanta Stretch soluzioni per il finelinea","url":"https:\/\/www.atlantastretch.com\/es\/","logo":{"@type":"ImageObject","inLanguage":"es","@id":"https:\/\/www.atlantastretch.com\/es\/#\/schema\/logo\/image\/","url":"https:\/\/www.atlantastretch.com\/wp-content\/uploads\/2024\/01\/cropped-logotipo-rosso.png","contentUrl":"https:\/\/www.atlantastretch.com\/wp-content\/uploads\/2024\/01\/cropped-logotipo-rosso.png","width":512,"height":512,"caption":"Atlanta Stretch"},"image":{"@id":"https:\/\/www.atlantastretch.com\/es\/#\/schema\/logo\/image\/"},"sameAs":["https:\/\/www.facebook.com\/atlantastretchspa","https:\/\/www.instagram.com\/atlantastretch_official\/","https:\/\/www.linkedin.com\/company\/atlanta-stretch-spa\/","https:\/\/www.youtube.com\/channel\/UCqNtlDqg_fw0AIH20Kfj04Q"]}]}},"_links":{"self":[{"href":"https:\/\/www.atlantastretch.com\/es\/wp-json\/wp\/v2\/product\/20118","targetHints":{"allow":["GET"]}}],"collection":[{"href":"https:\/\/www.atlantastretch.com\/es\/wp-json\/wp\/v2\/product"}],"about":[{"href":"https:\/\/www.atlantastretch.com\/es\/wp-json\/wp\/v2\/types\/product"}],"replies":[{"embeddable":true,"href":"https:\/\/www.atlantastretch.com\/es\/wp-json\/wp\/v2\/comments?post=20118"}],"wp:featuredmedia":[{"embeddable":true,"href":"https:\/\/www.atlantastretch.com\/es\/wp-json\/wp\/v2\/media\/20575"}],"wp:attachment":[{"href":"https:\/\/www.atlantastretch.com\/es\/wp-json\/wp\/v2\/media?parent=20118"}],"wp:term":[{"taxonomy":"tecnologia","embeddable":true,"href":"https:\/\/www.atlantastretch.com\/es\/wp-json\/wp\/v2\/tecnologia?post=20118"},{"taxonomy":"product_cat","embeddable":true,"href":"https:\/\/www.atlantastretch.com\/es\/wp-json\/wp\/v2\/product_cat?post=20118"},{"taxonomy":"product_tag","embeddable":true,"href":"https:\/\/www.atlantastretch.com\/es\/wp-json\/wp\/v2\/product_tag?post=20118"}],"curies":[{"name":"wp","href":"https:\/\/api.w.org\/{rel}","templated":true}]}}