{"id":7257,"date":"2024-02-26T12:52:42","date_gmt":"2024-02-26T11:52:42","guid":{"rendered":"https:\/\/www.atlantastretch.com\/prodotto\/mytho-a-with-mast\/"},"modified":"2024-03-15T12:24:55","modified_gmt":"2024-03-15T11:24:55","slug":"mito-a-con-columna","status":"publish","type":"product","link":"https:\/\/www.atlantastretch.com\/es\/product\/mito-a-con-columna\/","title":{"rendered":"Mito A con columna"},"content":{"rendered":"<h2>Mito A con columna<\/h2>\n<p>Mytho A es una m\u00e1quina de embalaje de alto rendimiento, especialmente dise\u00f1ada para aquellas situaciones donde el espacio de instalaci\u00f3n es limitado y se requieren altas cadencias productivas.<\/p>\n<p>Esta envolvedora en l\u00ednea ha sido desarrollada de acuerdo con los \u00faltimos est\u00e1ndares t\u00e9cnicos para el dise\u00f1o mec\u00e1nico, el\u00e9ctrico y de software. El PLC SIEMENS S7-1200 est\u00e1ndar con profinet incorporado, facilita que esta m\u00e1quina se conecte f\u00e1cilmente a su l\u00ednea de envasado.<\/p>\n<p>Sus costes de mantenimiento limitados, en combinaci\u00f3n con una instalaci\u00f3n f\u00e1cil, hacen que esta m\u00e1quina se vuelva muy asequible para cualquier requerimiento industrial.<\/p>\n","protected":false},"excerpt":{"rendered":"<ul>\n<li>F\u00e1cil transporte e instalaci\u00f3n<\/li>\n<li>M\u00e1quina compacta que ocupa poco espacio, adecuada para espacios de trabajo reducidos<\/li>\n<li>M\u00e1xima flexibilidad gracias a las m\u00faltiples opciones disponibles<\/li>\n<li>Espacio limitado soluci\u00f3n autom\u00e1tica completa<\/li>\n<\/ul>\n","protected":false},"featured_media":17050,"comment_status":"open","ping_status":"closed","template":"","meta":{"_acf_changed":false,"_et_pb_use_builder":"off","_et_pb_old_content":"<h2>REVOLUTION DOUBLE \u00e8 un brevetto di ATLANTA STRETCH<\/h2>\r\nCon tutti i vantaggi delle macchine REVOLUTION LS \/ HS standard questo modello \u00e8 equipaggiato con due carrelli di prestiro (PRS o PS) garantendo cos\u00ec una capacit\u00e0 di almeno il 25% superiore a quella di una macchina standard.\r\n\r\nI carrelli sono sulla stessa parte della colonna e permettono di usare un UNICO sistema di pinzatura-taglio e saldatura del film. Anche le operazioni dell\u2019addetto al cambio film sono semplificate e solo su un lato della linea. La sicurezza dell\u2019ambiente di lavoro \u00e8 totalmente garantita.","_et_gb_content_width":"","_crsspst_to_wwwglobustapecom":false},"tecnologia":[111],"product_cat":[86],"product_tag":[],"class_list":{"0":"post-7257","1":"product","2":"type-product","3":"status-publish","4":"has-post-thumbnail","6":"tecnologia-envolvedoras-elasticas-con-plataforma-giratoria","7":"product_cat-maquina-envolvedora-automatica","9":"first","10":"instock","11":"shipping-taxable","12":"product-type-simple"},"acf":[],"yoast_head":"<!-- This site is optimized with the Yoast SEO plugin v22.9 - https:\/\/yoast.com\/wordpress\/plugins\/seo\/ -->\n<title>Mito A con columna - Atlanta Stretch<\/title>\n<meta name=\"description\" content=\"- Mito A con columna - Atlanta Stretch %\" \/>\n<meta name=\"robots\" content=\"index, follow, max-snippet:-1, max-image-preview:large, max-video-preview:-1\" \/>\n<link rel=\"canonical\" href=\"https:\/\/www.atlantastretch.com\/es\/product\/mito-a-con-columna\/\" \/>\n<meta property=\"og:locale\" content=\"es_ES\" \/>\n<meta property=\"og:type\" content=\"article\" \/>\n<meta property=\"og:title\" content=\"Mito A con columna - Atlanta Stretch\" \/>\n<meta property=\"og:description\" content=\"- Mito A con columna - Atlanta Stretch %\" \/>\n<meta property=\"og:site_name\" content=\"Atlanta Stretch\" \/>\n<meta property=\"article:publisher\" content=\"https:\/\/www.facebook.com\/atlantastretchspa\" \/>\n<meta property=\"article:modified_time\" content=\"2024-03-15T11:24:55+00:00\" \/>\n<meta property=\"og:image\" content=\"https:\/\/www.atlantastretch.com\/wp-content\/uploads\/2024\/02\/Mytho-a-con-colonna-3.png\" \/>\n\t<meta property=\"og:image:width\" content=\"1080\" \/>\n\t<meta property=\"og:image:height\" content=\"1080\" \/>\n\t<meta property=\"og:image:type\" content=\"image\/png\" \/>\n<meta name=\"twitter:card\" content=\"summary_large_image\" \/>\n<script type=\"application\/ld+json\" class=\"yoast-schema-graph\">{\"@context\":\"https:\/\/schema.org\",\"@graph\":[{\"@type\":\"WebPage\",\"@id\":\"https:\/\/www.atlantastretch.com\/es\/product\/mito-a-con-columna\/\",\"url\":\"https:\/\/www.atlantastretch.com\/es\/product\/mito-a-con-columna\/\",\"name\":\"Mito A con columna - Atlanta Stretch\",\"isPartOf\":{\"@id\":\"https:\/\/www.atlantastretch.com\/es\/#website\"},\"primaryImageOfPage\":{\"@id\":\"https:\/\/www.atlantastretch.com\/es\/product\/mito-a-con-columna\/#primaryimage\"},\"image\":{\"@id\":\"https:\/\/www.atlantastretch.com\/es\/product\/mito-a-con-columna\/#primaryimage\"},\"thumbnailUrl\":\"https:\/\/www.atlantastretch.com\/wp-content\/uploads\/2024\/02\/0025_lybra-easy-tot-left_1080x1080-3.png\",\"datePublished\":\"2024-02-26T11:52:42+00:00\",\"dateModified\":\"2024-03-15T11:24:55+00:00\",\"description\":\"- Mito A con columna - Atlanta Stretch %\",\"breadcrumb\":{\"@id\":\"https:\/\/www.atlantastretch.com\/es\/product\/mito-a-con-columna\/#breadcrumb\"},\"inLanguage\":\"es\",\"potentialAction\":[{\"@type\":\"ReadAction\",\"target\":[\"https:\/\/www.atlantastretch.com\/es\/product\/mito-a-con-columna\/\"]}]},{\"@type\":\"ImageObject\",\"inLanguage\":\"es\",\"@id\":\"https:\/\/www.atlantastretch.com\/es\/product\/mito-a-con-columna\/#primaryimage\",\"url\":\"https:\/\/www.atlantastretch.com\/wp-content\/uploads\/2024\/02\/0025_lybra-easy-tot-left_1080x1080-3.png\",\"contentUrl\":\"https:\/\/www.atlantastretch.com\/wp-content\/uploads\/2024\/02\/0025_lybra-easy-tot-left_1080x1080-3.png\",\"width\":1080,\"height\":1080},{\"@type\":\"BreadcrumbList\",\"@id\":\"https:\/\/www.atlantastretch.com\/es\/product\/mito-a-con-columna\/#breadcrumb\",\"itemListElement\":[{\"@type\":\"ListItem\",\"position\":1,\"name\":\"Home\",\"item\":\"https:\/\/www.atlantastretch.com\/es\/\"},{\"@type\":\"ListItem\",\"position\":2,\"name\":\"Tienda\",\"item\":\"https:\/\/www.atlantastretch.com\/es\/tienda\/\"},{\"@type\":\"ListItem\",\"position\":3,\"name\":\"Mito A con columna\"}]},{\"@type\":\"WebSite\",\"@id\":\"https:\/\/www.atlantastretch.com\/es\/#website\",\"url\":\"https:\/\/www.atlantastretch.com\/es\/\",\"name\":\"Atlanta Stretch\",\"description\":\"Macchine per imballaggio pallet con film\",\"publisher\":{\"@id\":\"https:\/\/www.atlantastretch.com\/es\/#organization\"},\"alternateName\":\"Atlanta Stretch soluzioni per il finelinea\",\"potentialAction\":[{\"@type\":\"SearchAction\",\"target\":{\"@type\":\"EntryPoint\",\"urlTemplate\":\"https:\/\/www.atlantastretch.com\/es\/?s={search_term_string}\"},\"query-input\":\"required name=search_term_string\"}],\"inLanguage\":\"es\"},{\"@type\":\"Organization\",\"@id\":\"https:\/\/www.atlantastretch.com\/es\/#organization\",\"name\":\"Atlanta Stretch\",\"alternateName\":\"Atlanta Stretch soluzioni per il finelinea\",\"url\":\"https:\/\/www.atlantastretch.com\/es\/\",\"logo\":{\"@type\":\"ImageObject\",\"inLanguage\":\"es\",\"@id\":\"https:\/\/www.atlantastretch.com\/es\/#\/schema\/logo\/image\/\",\"url\":\"https:\/\/www.atlantastretch.com\/wp-content\/uploads\/2024\/01\/cropped-logotipo-rosso.png\",\"contentUrl\":\"https:\/\/www.atlantastretch.com\/wp-content\/uploads\/2024\/01\/cropped-logotipo-rosso.png\",\"width\":512,\"height\":512,\"caption\":\"Atlanta Stretch\"},\"image\":{\"@id\":\"https:\/\/www.atlantastretch.com\/es\/#\/schema\/logo\/image\/\"},\"sameAs\":[\"https:\/\/www.facebook.com\/atlantastretchspa\",\"https:\/\/www.instagram.com\/atlantastretch_official\/\",\"https:\/\/www.linkedin.com\/company\/atlanta-stretch-spa\/\",\"https:\/\/www.youtube.com\/channel\/UCqNtlDqg_fw0AIH20Kfj04Q\"]}]}<\/script>\n<!-- \/ Yoast SEO plugin. -->","yoast_head_json":{"title":"Mito A con columna - Atlanta Stretch","description":"- Mito A con columna - Atlanta Stretch %","robots":{"index":"index","follow":"follow","max-snippet":"max-snippet:-1","max-image-preview":"max-image-preview:large","max-video-preview":"max-video-preview:-1"},"canonical":"https:\/\/www.atlantastretch.com\/es\/product\/mito-a-con-columna\/","og_locale":"es_ES","og_type":"article","og_title":"Mito A con columna - Atlanta Stretch","og_description":"- Mito A con columna - Atlanta Stretch %","og_site_name":"Atlanta Stretch","article_publisher":"https:\/\/www.facebook.com\/atlantastretchspa","article_modified_time":"2024-03-15T11:24:55+00:00","og_image":[{"width":1080,"height":1080,"url":"https:\/\/www.atlantastretch.com\/wp-content\/uploads\/2024\/02\/Mytho-a-con-colonna-3.png","type":"image\/png"}],"twitter_card":"summary_large_image","schema":{"@context":"https:\/\/schema.org","@graph":[{"@type":"WebPage","@id":"https:\/\/www.atlantastretch.com\/es\/product\/mito-a-con-columna\/","url":"https:\/\/www.atlantastretch.com\/es\/product\/mito-a-con-columna\/","name":"Mito A con columna - Atlanta Stretch","isPartOf":{"@id":"https:\/\/www.atlantastretch.com\/es\/#website"},"primaryImageOfPage":{"@id":"https:\/\/www.atlantastretch.com\/es\/product\/mito-a-con-columna\/#primaryimage"},"image":{"@id":"https:\/\/www.atlantastretch.com\/es\/product\/mito-a-con-columna\/#primaryimage"},"thumbnailUrl":"https:\/\/www.atlantastretch.com\/wp-content\/uploads\/2024\/02\/0025_lybra-easy-tot-left_1080x1080-3.png","datePublished":"2024-02-26T11:52:42+00:00","dateModified":"2024-03-15T11:24:55+00:00","description":"- Mito A con columna - Atlanta Stretch %","breadcrumb":{"@id":"https:\/\/www.atlantastretch.com\/es\/product\/mito-a-con-columna\/#breadcrumb"},"inLanguage":"es","potentialAction":[{"@type":"ReadAction","target":["https:\/\/www.atlantastretch.com\/es\/product\/mito-a-con-columna\/"]}]},{"@type":"ImageObject","inLanguage":"es","@id":"https:\/\/www.atlantastretch.com\/es\/product\/mito-a-con-columna\/#primaryimage","url":"https:\/\/www.atlantastretch.com\/wp-content\/uploads\/2024\/02\/0025_lybra-easy-tot-left_1080x1080-3.png","contentUrl":"https:\/\/www.atlantastretch.com\/wp-content\/uploads\/2024\/02\/0025_lybra-easy-tot-left_1080x1080-3.png","width":1080,"height":1080},{"@type":"BreadcrumbList","@id":"https:\/\/www.atlantastretch.com\/es\/product\/mito-a-con-columna\/#breadcrumb","itemListElement":[{"@type":"ListItem","position":1,"name":"Home","item":"https:\/\/www.atlantastretch.com\/es\/"},{"@type":"ListItem","position":2,"name":"Tienda","item":"https:\/\/www.atlantastretch.com\/es\/tienda\/"},{"@type":"ListItem","position":3,"name":"Mito A con columna"}]},{"@type":"WebSite","@id":"https:\/\/www.atlantastretch.com\/es\/#website","url":"https:\/\/www.atlantastretch.com\/es\/","name":"Atlanta Stretch","description":"Macchine per imballaggio pallet con film","publisher":{"@id":"https:\/\/www.atlantastretch.com\/es\/#organization"},"alternateName":"Atlanta Stretch soluzioni per il finelinea","potentialAction":[{"@type":"SearchAction","target":{"@type":"EntryPoint","urlTemplate":"https:\/\/www.atlantastretch.com\/es\/?s={search_term_string}"},"query-input":"required name=search_term_string"}],"inLanguage":"es"},{"@type":"Organization","@id":"https:\/\/www.atlantastretch.com\/es\/#organization","name":"Atlanta Stretch","alternateName":"Atlanta Stretch soluzioni per il finelinea","url":"https:\/\/www.atlantastretch.com\/es\/","logo":{"@type":"ImageObject","inLanguage":"es","@id":"https:\/\/www.atlantastretch.com\/es\/#\/schema\/logo\/image\/","url":"https:\/\/www.atlantastretch.com\/wp-content\/uploads\/2024\/01\/cropped-logotipo-rosso.png","contentUrl":"https:\/\/www.atlantastretch.com\/wp-content\/uploads\/2024\/01\/cropped-logotipo-rosso.png","width":512,"height":512,"caption":"Atlanta Stretch"},"image":{"@id":"https:\/\/www.atlantastretch.com\/es\/#\/schema\/logo\/image\/"},"sameAs":["https:\/\/www.facebook.com\/atlantastretchspa","https:\/\/www.instagram.com\/atlantastretch_official\/","https:\/\/www.linkedin.com\/company\/atlanta-stretch-spa\/","https:\/\/www.youtube.com\/channel\/UCqNtlDqg_fw0AIH20Kfj04Q"]}]}},"_links":{"self":[{"href":"https:\/\/www.atlantastretch.com\/es\/wp-json\/wp\/v2\/product\/7257","targetHints":{"allow":["GET"]}}],"collection":[{"href":"https:\/\/www.atlantastretch.com\/es\/wp-json\/wp\/v2\/product"}],"about":[{"href":"https:\/\/www.atlantastretch.com\/es\/wp-json\/wp\/v2\/types\/product"}],"replies":[{"embeddable":true,"href":"https:\/\/www.atlantastretch.com\/es\/wp-json\/wp\/v2\/comments?post=7257"}],"wp:featuredmedia":[{"embeddable":true,"href":"https:\/\/www.atlantastretch.com\/es\/wp-json\/wp\/v2\/media\/17050"}],"wp:attachment":[{"href":"https:\/\/www.atlantastretch.com\/es\/wp-json\/wp\/v2\/media?parent=7257"}],"wp:term":[{"taxonomy":"tecnologia","embeddable":true,"href":"https:\/\/www.atlantastretch.com\/es\/wp-json\/wp\/v2\/tecnologia?post=7257"},{"taxonomy":"product_cat","embeddable":true,"href":"https:\/\/www.atlantastretch.com\/es\/wp-json\/wp\/v2\/product_cat?post=7257"},{"taxonomy":"product_tag","embeddable":true,"href":"https:\/\/www.atlantastretch.com\/es\/wp-json\/wp\/v2\/product_tag?post=7257"}],"curies":[{"name":"wp","href":"https:\/\/api.w.org\/{rel}","templated":true}]}}