{"id":7267,"date":"2024-02-26T14:43:41","date_gmt":"2024-02-26T13:43:41","guid":{"rendered":"https:\/\/www.atlantastretch.com\/prodotto\/mytho-station\/"},"modified":"2024-03-05T14:08:39","modified_gmt":"2024-03-05T13:08:39","slug":"mytho-station","status":"publish","type":"product","link":"https:\/\/www.atlantastretch.com\/es\/product\/mytho-station\/","title":{"rendered":"Mytho Station"},"content":{"rendered":"<h2>MYTHO AUTO<\/h2>\n<p>MYTHO Auto responder\u00e1 a todas sus necesidades simplificando el proceso de embalaje automatizado de sus palets. Reducir\u00e1 sus costes sin renunciar a la calidad y velocidad. Los operadores cargan los palets en la plataforma giratoria y ponen en marcha la m\u00e1quina. Tras lo cual, comenzar\u00e1 el ciclo automatizado de embalaje hasta su finalizaci\u00f3n, incluyendo el corte de la cola del film y la soldadura opcional sobre el palet. Los operadores finalizar\u00e1n el proceso descargando el palet de la plataforma giratoria.<\/p>\n<p>El panel de pantalla t\u00e1ctil de 11&#8243; permite la elecci\u00f3n de una gran cantidad de par\u00e1metros para definir el mejor programa de ajuste. \u00a1El mejor modelo dentro de su gama con PLC y con la posibilidad de almacenar hasta 99 programas hace que esta m\u00e1quina est\u00e9 lista para el siglo XXI!<\/p>\n","protected":false},"excerpt":{"rendered":"<ul>\n<li>Altezza Standard di avvolgimento: 2000 mm<\/li>\n<li>Altezza linea alimentazione standard: da 450 a 500 mm<\/li>\n<li>Velocit\u00e0 rotazione braccio regolabile con inverter: max 30 giri al minuto<\/li>\n<li>Velocit\u00e0 di discesa del carrello: selezionabile liberamente<\/li>\n<\/ul>\n","protected":false},"featured_media":17098,"comment_status":"open","ping_status":"closed","template":"","meta":{"_acf_changed":false,"_et_pb_use_builder":"off","_et_pb_old_content":"<h2>REVOLUTION DOUBLE \u00e8 un brevetto di ATLANTA STRETCH<\/h2>\r\nCon tutti i vantaggi delle macchine REVOLUTION LS \/ HS standard questo modello \u00e8 equipaggiato con due carrelli di prestiro (PRS o PS) garantendo cos\u00ec una capacit\u00e0 di almeno il 25% superiore a quella di una macchina standard.\r\n\r\nI carrelli sono sulla stessa parte della colonna e permettono di usare un UNICO sistema di pinzatura-taglio e saldatura del film. Anche le operazioni dell\u2019addetto al cambio film sono semplificate e solo su un lato della linea. La sicurezza dell\u2019ambiente di lavoro \u00e8 totalmente garantita.","_et_gb_content_width":"","_crsspst_to_wwwglobustapecom":false},"tecnologia":[111],"product_cat":[86],"product_tag":[],"class_list":{"0":"post-7267","1":"product","2":"type-product","3":"status-publish","4":"has-post-thumbnail","6":"tecnologia-envolvedoras-elasticas-con-plataforma-giratoria","7":"product_cat-maquina-envolvedora-automatica","9":"first","10":"instock","11":"shipping-taxable","12":"product-type-simple"},"acf":[],"yoast_head":"<!-- This site is optimized with the Yoast SEO plugin v22.9 - https:\/\/yoast.com\/wordpress\/plugins\/seo\/ -->\n<title>Mytho Station - Atlanta Stretch<\/title>\n<meta name=\"description\" content=\"- Mytho Station - Atlanta Stretch %\" \/>\n<meta name=\"robots\" content=\"index, follow, max-snippet:-1, max-image-preview:large, max-video-preview:-1\" \/>\n<link rel=\"canonical\" href=\"https:\/\/www.atlantastretch.com\/es\/product\/mytho-station\/\" \/>\n<meta property=\"og:locale\" content=\"es_ES\" \/>\n<meta property=\"og:type\" content=\"article\" \/>\n<meta property=\"og:title\" content=\"Mytho Station - Atlanta Stretch\" \/>\n<meta property=\"og:description\" content=\"- Mytho Station - Atlanta Stretch %\" \/>\n<meta property=\"og:site_name\" content=\"Atlanta Stretch\" \/>\n<meta property=\"article:publisher\" content=\"https:\/\/www.facebook.com\/atlantastretchspa\" \/>\n<meta property=\"article:modified_time\" content=\"2024-03-05T13:08:39+00:00\" \/>\n<meta property=\"og:image\" content=\"https:\/\/www.atlantastretch.com\/wp-content\/uploads\/2024\/02\/0025_lybra-easy-tot-left_1080x1080-4.png\" \/>\n\t<meta property=\"og:image:width\" content=\"1080\" \/>\n\t<meta property=\"og:image:height\" content=\"1080\" \/>\n\t<meta property=\"og:image:type\" content=\"image\/png\" \/>\n<meta name=\"twitter:card\" content=\"summary_large_image\" \/>\n<script type=\"application\/ld+json\" class=\"yoast-schema-graph\">{\"@context\":\"https:\/\/schema.org\",\"@graph\":[{\"@type\":\"WebPage\",\"@id\":\"https:\/\/www.atlantastretch.com\/es\/product\/mytho-station\/\",\"url\":\"https:\/\/www.atlantastretch.com\/es\/product\/mytho-station\/\",\"name\":\"Mytho Station - Atlanta Stretch\",\"isPartOf\":{\"@id\":\"https:\/\/www.atlantastretch.com\/es\/#website\"},\"primaryImageOfPage\":{\"@id\":\"https:\/\/www.atlantastretch.com\/es\/product\/mytho-station\/#primaryimage\"},\"image\":{\"@id\":\"https:\/\/www.atlantastretch.com\/es\/product\/mytho-station\/#primaryimage\"},\"thumbnailUrl\":\"https:\/\/www.atlantastretch.com\/wp-content\/uploads\/2024\/02\/0025_lybra-easy-tot-left_1080x1080-4.png\",\"datePublished\":\"2024-02-26T13:43:41+00:00\",\"dateModified\":\"2024-03-05T13:08:39+00:00\",\"description\":\"- Mytho Station - Atlanta Stretch %\",\"breadcrumb\":{\"@id\":\"https:\/\/www.atlantastretch.com\/es\/product\/mytho-station\/#breadcrumb\"},\"inLanguage\":\"es\",\"potentialAction\":[{\"@type\":\"ReadAction\",\"target\":[\"https:\/\/www.atlantastretch.com\/es\/product\/mytho-station\/\"]}]},{\"@type\":\"ImageObject\",\"inLanguage\":\"es\",\"@id\":\"https:\/\/www.atlantastretch.com\/es\/product\/mytho-station\/#primaryimage\",\"url\":\"https:\/\/www.atlantastretch.com\/wp-content\/uploads\/2024\/02\/0025_lybra-easy-tot-left_1080x1080-4.png\",\"contentUrl\":\"https:\/\/www.atlantastretch.com\/wp-content\/uploads\/2024\/02\/0025_lybra-easy-tot-left_1080x1080-4.png\",\"width\":1080,\"height\":1080},{\"@type\":\"BreadcrumbList\",\"@id\":\"https:\/\/www.atlantastretch.com\/es\/product\/mytho-station\/#breadcrumb\",\"itemListElement\":[{\"@type\":\"ListItem\",\"position\":1,\"name\":\"Home\",\"item\":\"https:\/\/www.atlantastretch.com\/es\/\"},{\"@type\":\"ListItem\",\"position\":2,\"name\":\"Tienda\",\"item\":\"https:\/\/www.atlantastretch.com\/es\/tienda\/\"},{\"@type\":\"ListItem\",\"position\":3,\"name\":\"Mytho Station\"}]},{\"@type\":\"WebSite\",\"@id\":\"https:\/\/www.atlantastretch.com\/es\/#website\",\"url\":\"https:\/\/www.atlantastretch.com\/es\/\",\"name\":\"Atlanta Stretch\",\"description\":\"Macchine per imballaggio pallet con film\",\"publisher\":{\"@id\":\"https:\/\/www.atlantastretch.com\/es\/#organization\"},\"alternateName\":\"Atlanta Stretch soluzioni per il finelinea\",\"potentialAction\":[{\"@type\":\"SearchAction\",\"target\":{\"@type\":\"EntryPoint\",\"urlTemplate\":\"https:\/\/www.atlantastretch.com\/es\/?s={search_term_string}\"},\"query-input\":\"required name=search_term_string\"}],\"inLanguage\":\"es\"},{\"@type\":\"Organization\",\"@id\":\"https:\/\/www.atlantastretch.com\/es\/#organization\",\"name\":\"Atlanta Stretch\",\"alternateName\":\"Atlanta Stretch soluzioni per il finelinea\",\"url\":\"https:\/\/www.atlantastretch.com\/es\/\",\"logo\":{\"@type\":\"ImageObject\",\"inLanguage\":\"es\",\"@id\":\"https:\/\/www.atlantastretch.com\/es\/#\/schema\/logo\/image\/\",\"url\":\"https:\/\/www.atlantastretch.com\/wp-content\/uploads\/2024\/01\/cropped-logotipo-rosso.png\",\"contentUrl\":\"https:\/\/www.atlantastretch.com\/wp-content\/uploads\/2024\/01\/cropped-logotipo-rosso.png\",\"width\":512,\"height\":512,\"caption\":\"Atlanta Stretch\"},\"image\":{\"@id\":\"https:\/\/www.atlantastretch.com\/es\/#\/schema\/logo\/image\/\"},\"sameAs\":[\"https:\/\/www.facebook.com\/atlantastretchspa\",\"https:\/\/www.instagram.com\/atlantastretch_official\/\",\"https:\/\/www.linkedin.com\/company\/atlanta-stretch-spa\/\",\"https:\/\/www.youtube.com\/channel\/UCqNtlDqg_fw0AIH20Kfj04Q\"]}]}<\/script>\n<!-- \/ Yoast SEO plugin. -->","yoast_head_json":{"title":"Mytho Station - Atlanta Stretch","description":"- Mytho Station - Atlanta Stretch %","robots":{"index":"index","follow":"follow","max-snippet":"max-snippet:-1","max-image-preview":"max-image-preview:large","max-video-preview":"max-video-preview:-1"},"canonical":"https:\/\/www.atlantastretch.com\/es\/product\/mytho-station\/","og_locale":"es_ES","og_type":"article","og_title":"Mytho Station - Atlanta Stretch","og_description":"- Mytho Station - Atlanta Stretch %","og_site_name":"Atlanta Stretch","article_publisher":"https:\/\/www.facebook.com\/atlantastretchspa","article_modified_time":"2024-03-05T13:08:39+00:00","og_image":[{"width":1080,"height":1080,"url":"https:\/\/www.atlantastretch.com\/wp-content\/uploads\/2024\/02\/0025_lybra-easy-tot-left_1080x1080-4.png","type":"image\/png"}],"twitter_card":"summary_large_image","schema":{"@context":"https:\/\/schema.org","@graph":[{"@type":"WebPage","@id":"https:\/\/www.atlantastretch.com\/es\/product\/mytho-station\/","url":"https:\/\/www.atlantastretch.com\/es\/product\/mytho-station\/","name":"Mytho Station - Atlanta Stretch","isPartOf":{"@id":"https:\/\/www.atlantastretch.com\/es\/#website"},"primaryImageOfPage":{"@id":"https:\/\/www.atlantastretch.com\/es\/product\/mytho-station\/#primaryimage"},"image":{"@id":"https:\/\/www.atlantastretch.com\/es\/product\/mytho-station\/#primaryimage"},"thumbnailUrl":"https:\/\/www.atlantastretch.com\/wp-content\/uploads\/2024\/02\/0025_lybra-easy-tot-left_1080x1080-4.png","datePublished":"2024-02-26T13:43:41+00:00","dateModified":"2024-03-05T13:08:39+00:00","description":"- Mytho Station - Atlanta Stretch %","breadcrumb":{"@id":"https:\/\/www.atlantastretch.com\/es\/product\/mytho-station\/#breadcrumb"},"inLanguage":"es","potentialAction":[{"@type":"ReadAction","target":["https:\/\/www.atlantastretch.com\/es\/product\/mytho-station\/"]}]},{"@type":"ImageObject","inLanguage":"es","@id":"https:\/\/www.atlantastretch.com\/es\/product\/mytho-station\/#primaryimage","url":"https:\/\/www.atlantastretch.com\/wp-content\/uploads\/2024\/02\/0025_lybra-easy-tot-left_1080x1080-4.png","contentUrl":"https:\/\/www.atlantastretch.com\/wp-content\/uploads\/2024\/02\/0025_lybra-easy-tot-left_1080x1080-4.png","width":1080,"height":1080},{"@type":"BreadcrumbList","@id":"https:\/\/www.atlantastretch.com\/es\/product\/mytho-station\/#breadcrumb","itemListElement":[{"@type":"ListItem","position":1,"name":"Home","item":"https:\/\/www.atlantastretch.com\/es\/"},{"@type":"ListItem","position":2,"name":"Tienda","item":"https:\/\/www.atlantastretch.com\/es\/tienda\/"},{"@type":"ListItem","position":3,"name":"Mytho Station"}]},{"@type":"WebSite","@id":"https:\/\/www.atlantastretch.com\/es\/#website","url":"https:\/\/www.atlantastretch.com\/es\/","name":"Atlanta Stretch","description":"Macchine per imballaggio pallet con film","publisher":{"@id":"https:\/\/www.atlantastretch.com\/es\/#organization"},"alternateName":"Atlanta Stretch soluzioni per il finelinea","potentialAction":[{"@type":"SearchAction","target":{"@type":"EntryPoint","urlTemplate":"https:\/\/www.atlantastretch.com\/es\/?s={search_term_string}"},"query-input":"required name=search_term_string"}],"inLanguage":"es"},{"@type":"Organization","@id":"https:\/\/www.atlantastretch.com\/es\/#organization","name":"Atlanta Stretch","alternateName":"Atlanta Stretch soluzioni per il finelinea","url":"https:\/\/www.atlantastretch.com\/es\/","logo":{"@type":"ImageObject","inLanguage":"es","@id":"https:\/\/www.atlantastretch.com\/es\/#\/schema\/logo\/image\/","url":"https:\/\/www.atlantastretch.com\/wp-content\/uploads\/2024\/01\/cropped-logotipo-rosso.png","contentUrl":"https:\/\/www.atlantastretch.com\/wp-content\/uploads\/2024\/01\/cropped-logotipo-rosso.png","width":512,"height":512,"caption":"Atlanta Stretch"},"image":{"@id":"https:\/\/www.atlantastretch.com\/es\/#\/schema\/logo\/image\/"},"sameAs":["https:\/\/www.facebook.com\/atlantastretchspa","https:\/\/www.instagram.com\/atlantastretch_official\/","https:\/\/www.linkedin.com\/company\/atlanta-stretch-spa\/","https:\/\/www.youtube.com\/channel\/UCqNtlDqg_fw0AIH20Kfj04Q"]}]}},"_links":{"self":[{"href":"https:\/\/www.atlantastretch.com\/es\/wp-json\/wp\/v2\/product\/7267","targetHints":{"allow":["GET"]}}],"collection":[{"href":"https:\/\/www.atlantastretch.com\/es\/wp-json\/wp\/v2\/product"}],"about":[{"href":"https:\/\/www.atlantastretch.com\/es\/wp-json\/wp\/v2\/types\/product"}],"replies":[{"embeddable":true,"href":"https:\/\/www.atlantastretch.com\/es\/wp-json\/wp\/v2\/comments?post=7267"}],"wp:featuredmedia":[{"embeddable":true,"href":"https:\/\/www.atlantastretch.com\/es\/wp-json\/wp\/v2\/media\/17098"}],"wp:attachment":[{"href":"https:\/\/www.atlantastretch.com\/es\/wp-json\/wp\/v2\/media?parent=7267"}],"wp:term":[{"taxonomy":"tecnologia","embeddable":true,"href":"https:\/\/www.atlantastretch.com\/es\/wp-json\/wp\/v2\/tecnologia?post=7267"},{"taxonomy":"product_cat","embeddable":true,"href":"https:\/\/www.atlantastretch.com\/es\/wp-json\/wp\/v2\/product_cat?post=7267"},{"taxonomy":"product_tag","embeddable":true,"href":"https:\/\/www.atlantastretch.com\/es\/wp-json\/wp\/v2\/product_tag?post=7267"}],"curies":[{"name":"wp","href":"https:\/\/api.w.org\/{rel}","templated":true}]}}