{"id":20037,"date":"2026-03-06T16:16:42","date_gmt":"2026-03-06T15:16:42","guid":{"rendered":"https:\/\/www.atlantastretch.com\/?post_type=product&#038;p=20037"},"modified":"2026-03-17T10:53:46","modified_gmt":"2026-03-17T09:53:46","slug":"mira","status":"publish","type":"product","link":"https:\/\/www.atlantastretch.com\/fr\/product\/mira\/","title":{"rendered":"MIRA"},"content":{"rendered":"<h1><strong>\u00ab MIRA : l&rsquo;avenir de l&#8217;emballage est d\u00e9j\u00e0 l\u00e0.<\/strong><\/h1>\n<h2><strong>La r\u00e9volution de l&rsquo;automatisation dans le secteur de l&#8217;emballage.<\/strong><\/h2>\n<p>MIRA atteint le <strong>plus haut niveau d&rsquo;automatisation<\/strong> jamais atteint par un robot d&#8217;emballage, une machine qui repr\u00e9sente non seulement un bond technologique en avant, mais une <strong>v\u00e9ritable r\u00e9volution dans le secteur de l&#8217;emballage<\/strong>.<\/p>\n<p>Gr\u00e2ce \u00e0 un <strong>syst\u00e8me de navigation sophistiqu\u00e9<\/strong>, il se d\u00e9place de mani\u00e8re totalement autonome dans la zone de travail, passant d&rsquo;une palette \u00e0 l&rsquo;autre <strong>sans jamais entrer en contact avec le produit<\/strong>.<\/p>\n<h3>Mode multistation<\/h3>\n<p>C&rsquo;est l\u00e0 la v\u00e9ritable r\u00e9volution de MIRA : il se d\u00e9place d&rsquo;une station d&#8217;emballage \u00e0 l&rsquo;autre, effectuant des <strong>cycles sans interruption<\/strong> et cr\u00e9ant un <strong>processus v\u00e9ritablement sans fin<\/strong>. La phase d&#8217;emballage est enti\u00e8rement <strong>automatique<\/strong> gr\u00e2ce au <strong>syst\u00e8me ARYA<\/strong>.<\/p>\n<h3>La s\u00e9curit\u00e9 avant tout<\/h3>\n<p>MIRA int\u00e8gre des syst\u00e8mes de <strong>s\u00e9curit\u00e9 avanc\u00e9s<\/strong> qui garantissent un fonctionnement fiable m\u00eame en mouvement : \u00e9quip\u00e9 d&rsquo;un <strong>syst\u00e8me d&rsquo;arc lumineux bleu<\/strong> qui alerte les op\u00e9rateurs sur son champ d&rsquo;action, il active un <strong>arr\u00eat d&rsquo;urgence<\/strong> si n\u00e9cessaire et est \u00e9galement <strong>capable de reconna\u00eetre et d&rsquo;\u00e9viter les obstacles<\/strong> sur son chemin.<\/p>\n","protected":false},"excerpt":{"rendered":"<ul>\n<li>Il se d\u00e9place de mani\u00e8re <strong>totalement autonome<\/strong>.<\/li>\n<li>Il effectue des cycles d&rsquo;enroulement de mani\u00e8re enti\u00e8rement automatique gr\u00e2ce au <strong>brevet ARYA<\/strong>.<\/li>\n<li><strong>Aucun contact avec le produit<\/strong>.<\/li>\n<li><strong>Mode multistation<\/strong> pour un processus d&rsquo;enroulement sans fin.<\/li>\n<li>La combinaison du syst\u00e8me ARYA et des chariots de pr\u00e9-\u00e9tirage permet un <strong>gain de temps et d&rsquo;argent consid\u00e9rable<\/strong>.<\/li>\n<li><strong>Ergonomie<\/strong> maximale pour l&rsquo;op\u00e9rateur.<\/li>\n<li>L&rsquo;<strong>\u00e9cran intuitif<\/strong> permet de cr\u00e9er des cycles d&rsquo;enroulement illimit\u00e9s.<\/li>\n<li>Syst\u00e8mes de <strong>s\u00e9curit\u00e9 avanc\u00e9s<\/strong>.<\/li>\n<li><strong>R\u00e9duction des temps<\/strong> de fonctionnement de l&#8217;emballage.<\/li>\n<\/ul>\n","protected":false},"featured_media":20302,"comment_status":"open","ping_status":"closed","template":"","meta":{"_acf_changed":false,"_et_pb_use_builder":"off","_et_pb_old_content":"<h2>REVOLUTION DOUBLE \u00e8 un brevetto di ATLANTA STRETCH<\/h2>\r\nCon tutti i vantaggi delle macchine REVOLUTION LS \/ HS standard questo modello \u00e8 equipaggiato con due carrelli di prestiro (PRS o PS) garantendo cos\u00ec una capacit\u00e0 di almeno il 25% superiore a quella di una macchina standard.\r\n\r\nI carrelli sono sulla stessa parte della colonna e permettono di usare un UNICO sistema di pinzatura-taglio e saldatura del film. Anche le operazioni dell\u2019addetto al cambio film sono semplificate e solo su un lato della linea. La sicurezza dell\u2019ambiente di lavoro \u00e8 totalmente garantita.","_et_gb_content_width":"","_crsspst_to_wwwglobustapecom":false},"tecnologia":[119],"product_cat":[93],"product_tag":[],"class_list":{"0":"post-20037","1":"product","2":"type-product","3":"status-publish","4":"has-post-thumbnail","6":"tecnologia-emballeuses-etirables-mobiles","7":"product_cat-machine-demballage-etirable-semi-automatique","9":"first","10":"instock","11":"shipping-taxable","12":"product-type-simple"},"acf":[],"yoast_head":"<!-- This site is optimized with the Yoast SEO plugin v22.9 - https:\/\/yoast.com\/wordpress\/plugins\/seo\/ -->\n<title>MIRA - Atlanta Stretch<\/title>\n<meta name=\"description\" content=\"- MIRA - Atlanta Stretch %\" \/>\n<meta name=\"robots\" content=\"index, follow, max-snippet:-1, max-image-preview:large, max-video-preview:-1\" \/>\n<link rel=\"canonical\" href=\"https:\/\/www.atlantastretch.com\/fr\/product\/mira\/\" \/>\n<meta property=\"og:locale\" content=\"fr_FR\" \/>\n<meta property=\"og:type\" content=\"article\" \/>\n<meta property=\"og:title\" content=\"MIRA - Atlanta Stretch\" \/>\n<meta property=\"og:description\" content=\"- MIRA - Atlanta Stretch %\" \/>\n<meta property=\"og:site_name\" content=\"Atlanta Stretch\" \/>\n<meta property=\"article:publisher\" content=\"https:\/\/www.facebook.com\/atlantastretchspa\" \/>\n<meta property=\"article:modified_time\" content=\"2026-03-17T09:53:46+00:00\" \/>\n<meta property=\"og:image\" content=\"https:\/\/www.atlantastretch.com\/wp-content\/uploads\/2026\/03\/1080-x1080.png\" \/>\n\t<meta property=\"og:image:width\" content=\"1080\" \/>\n\t<meta property=\"og:image:height\" content=\"1080\" \/>\n\t<meta property=\"og:image:type\" content=\"image\/png\" \/>\n<meta name=\"twitter:card\" content=\"summary_large_image\" \/>\n<script type=\"application\/ld+json\" class=\"yoast-schema-graph\">{\"@context\":\"https:\/\/schema.org\",\"@graph\":[{\"@type\":\"WebPage\",\"@id\":\"https:\/\/www.atlantastretch.com\/fr\/product\/mira\/\",\"url\":\"https:\/\/www.atlantastretch.com\/fr\/product\/mira\/\",\"name\":\"MIRA - Atlanta Stretch\",\"isPartOf\":{\"@id\":\"https:\/\/www.atlantastretch.com\/fr\/#website\"},\"primaryImageOfPage\":{\"@id\":\"https:\/\/www.atlantastretch.com\/fr\/product\/mira\/#primaryimage\"},\"image\":{\"@id\":\"https:\/\/www.atlantastretch.com\/fr\/product\/mira\/#primaryimage\"},\"thumbnailUrl\":\"https:\/\/www.atlantastretch.com\/wp-content\/uploads\/2026\/03\/1080-x1080.png\",\"datePublished\":\"2026-03-06T15:16:42+00:00\",\"dateModified\":\"2026-03-17T09:53:46+00:00\",\"description\":\"- MIRA - Atlanta Stretch %\",\"breadcrumb\":{\"@id\":\"https:\/\/www.atlantastretch.com\/fr\/product\/mira\/#breadcrumb\"},\"inLanguage\":\"fr-FR\",\"potentialAction\":[{\"@type\":\"ReadAction\",\"target\":[\"https:\/\/www.atlantastretch.com\/fr\/product\/mira\/\"]}]},{\"@type\":\"ImageObject\",\"inLanguage\":\"fr-FR\",\"@id\":\"https:\/\/www.atlantastretch.com\/fr\/product\/mira\/#primaryimage\",\"url\":\"https:\/\/www.atlantastretch.com\/wp-content\/uploads\/2026\/03\/1080-x1080.png\",\"contentUrl\":\"https:\/\/www.atlantastretch.com\/wp-content\/uploads\/2026\/03\/1080-x1080.png\",\"width\":1080,\"height\":1080},{\"@type\":\"BreadcrumbList\",\"@id\":\"https:\/\/www.atlantastretch.com\/fr\/product\/mira\/#breadcrumb\",\"itemListElement\":[{\"@type\":\"ListItem\",\"position\":1,\"name\":\"Home\",\"item\":\"https:\/\/www.atlantastretch.com\/fr\/\"},{\"@type\":\"ListItem\",\"position\":2,\"name\":\"Boutique\",\"item\":\"https:\/\/www.atlantastretch.com\/fr\/boutique\/\"},{\"@type\":\"ListItem\",\"position\":3,\"name\":\"MIRA\"}]},{\"@type\":\"WebSite\",\"@id\":\"https:\/\/www.atlantastretch.com\/fr\/#website\",\"url\":\"https:\/\/www.atlantastretch.com\/fr\/\",\"name\":\"Atlanta Stretch\",\"description\":\"Macchine per imballaggio pallet con film\",\"publisher\":{\"@id\":\"https:\/\/www.atlantastretch.com\/fr\/#organization\"},\"alternateName\":\"Atlanta Stretch soluzioni per il finelinea\",\"potentialAction\":[{\"@type\":\"SearchAction\",\"target\":{\"@type\":\"EntryPoint\",\"urlTemplate\":\"https:\/\/www.atlantastretch.com\/fr\/?s={search_term_string}\"},\"query-input\":\"required name=search_term_string\"}],\"inLanguage\":\"fr-FR\"},{\"@type\":\"Organization\",\"@id\":\"https:\/\/www.atlantastretch.com\/fr\/#organization\",\"name\":\"Atlanta Stretch\",\"alternateName\":\"Atlanta Stretch soluzioni per il finelinea\",\"url\":\"https:\/\/www.atlantastretch.com\/fr\/\",\"logo\":{\"@type\":\"ImageObject\",\"inLanguage\":\"fr-FR\",\"@id\":\"https:\/\/www.atlantastretch.com\/fr\/#\/schema\/logo\/image\/\",\"url\":\"https:\/\/www.atlantastretch.com\/wp-content\/uploads\/2024\/01\/cropped-logotipo-rosso.png\",\"contentUrl\":\"https:\/\/www.atlantastretch.com\/wp-content\/uploads\/2024\/01\/cropped-logotipo-rosso.png\",\"width\":512,\"height\":512,\"caption\":\"Atlanta Stretch\"},\"image\":{\"@id\":\"https:\/\/www.atlantastretch.com\/fr\/#\/schema\/logo\/image\/\"},\"sameAs\":[\"https:\/\/www.facebook.com\/atlantastretchspa\",\"https:\/\/www.instagram.com\/atlantastretch_official\/\",\"https:\/\/www.linkedin.com\/company\/atlanta-stretch-spa\/\",\"https:\/\/www.youtube.com\/channel\/UCqNtlDqg_fw0AIH20Kfj04Q\"]}]}<\/script>\n<!-- \/ Yoast SEO plugin. -->","yoast_head_json":{"title":"MIRA - Atlanta Stretch","description":"- MIRA - Atlanta Stretch %","robots":{"index":"index","follow":"follow","max-snippet":"max-snippet:-1","max-image-preview":"max-image-preview:large","max-video-preview":"max-video-preview:-1"},"canonical":"https:\/\/www.atlantastretch.com\/fr\/product\/mira\/","og_locale":"fr_FR","og_type":"article","og_title":"MIRA - Atlanta Stretch","og_description":"- MIRA - Atlanta Stretch %","og_site_name":"Atlanta Stretch","article_publisher":"https:\/\/www.facebook.com\/atlantastretchspa","article_modified_time":"2026-03-17T09:53:46+00:00","og_image":[{"width":1080,"height":1080,"url":"https:\/\/www.atlantastretch.com\/wp-content\/uploads\/2026\/03\/1080-x1080.png","type":"image\/png"}],"twitter_card":"summary_large_image","schema":{"@context":"https:\/\/schema.org","@graph":[{"@type":"WebPage","@id":"https:\/\/www.atlantastretch.com\/fr\/product\/mira\/","url":"https:\/\/www.atlantastretch.com\/fr\/product\/mira\/","name":"MIRA - Atlanta Stretch","isPartOf":{"@id":"https:\/\/www.atlantastretch.com\/fr\/#website"},"primaryImageOfPage":{"@id":"https:\/\/www.atlantastretch.com\/fr\/product\/mira\/#primaryimage"},"image":{"@id":"https:\/\/www.atlantastretch.com\/fr\/product\/mira\/#primaryimage"},"thumbnailUrl":"https:\/\/www.atlantastretch.com\/wp-content\/uploads\/2026\/03\/1080-x1080.png","datePublished":"2026-03-06T15:16:42+00:00","dateModified":"2026-03-17T09:53:46+00:00","description":"- MIRA - Atlanta Stretch %","breadcrumb":{"@id":"https:\/\/www.atlantastretch.com\/fr\/product\/mira\/#breadcrumb"},"inLanguage":"fr-FR","potentialAction":[{"@type":"ReadAction","target":["https:\/\/www.atlantastretch.com\/fr\/product\/mira\/"]}]},{"@type":"ImageObject","inLanguage":"fr-FR","@id":"https:\/\/www.atlantastretch.com\/fr\/product\/mira\/#primaryimage","url":"https:\/\/www.atlantastretch.com\/wp-content\/uploads\/2026\/03\/1080-x1080.png","contentUrl":"https:\/\/www.atlantastretch.com\/wp-content\/uploads\/2026\/03\/1080-x1080.png","width":1080,"height":1080},{"@type":"BreadcrumbList","@id":"https:\/\/www.atlantastretch.com\/fr\/product\/mira\/#breadcrumb","itemListElement":[{"@type":"ListItem","position":1,"name":"Home","item":"https:\/\/www.atlantastretch.com\/fr\/"},{"@type":"ListItem","position":2,"name":"Boutique","item":"https:\/\/www.atlantastretch.com\/fr\/boutique\/"},{"@type":"ListItem","position":3,"name":"MIRA"}]},{"@type":"WebSite","@id":"https:\/\/www.atlantastretch.com\/fr\/#website","url":"https:\/\/www.atlantastretch.com\/fr\/","name":"Atlanta Stretch","description":"Macchine per imballaggio pallet con film","publisher":{"@id":"https:\/\/www.atlantastretch.com\/fr\/#organization"},"alternateName":"Atlanta Stretch soluzioni per il finelinea","potentialAction":[{"@type":"SearchAction","target":{"@type":"EntryPoint","urlTemplate":"https:\/\/www.atlantastretch.com\/fr\/?s={search_term_string}"},"query-input":"required name=search_term_string"}],"inLanguage":"fr-FR"},{"@type":"Organization","@id":"https:\/\/www.atlantastretch.com\/fr\/#organization","name":"Atlanta Stretch","alternateName":"Atlanta Stretch soluzioni per il finelinea","url":"https:\/\/www.atlantastretch.com\/fr\/","logo":{"@type":"ImageObject","inLanguage":"fr-FR","@id":"https:\/\/www.atlantastretch.com\/fr\/#\/schema\/logo\/image\/","url":"https:\/\/www.atlantastretch.com\/wp-content\/uploads\/2024\/01\/cropped-logotipo-rosso.png","contentUrl":"https:\/\/www.atlantastretch.com\/wp-content\/uploads\/2024\/01\/cropped-logotipo-rosso.png","width":512,"height":512,"caption":"Atlanta Stretch"},"image":{"@id":"https:\/\/www.atlantastretch.com\/fr\/#\/schema\/logo\/image\/"},"sameAs":["https:\/\/www.facebook.com\/atlantastretchspa","https:\/\/www.instagram.com\/atlantastretch_official\/","https:\/\/www.linkedin.com\/company\/atlanta-stretch-spa\/","https:\/\/www.youtube.com\/channel\/UCqNtlDqg_fw0AIH20Kfj04Q"]}]}},"_links":{"self":[{"href":"https:\/\/www.atlantastretch.com\/fr\/wp-json\/wp\/v2\/product\/20037","targetHints":{"allow":["GET"]}}],"collection":[{"href":"https:\/\/www.atlantastretch.com\/fr\/wp-json\/wp\/v2\/product"}],"about":[{"href":"https:\/\/www.atlantastretch.com\/fr\/wp-json\/wp\/v2\/types\/product"}],"replies":[{"embeddable":true,"href":"https:\/\/www.atlantastretch.com\/fr\/wp-json\/wp\/v2\/comments?post=20037"}],"wp:featuredmedia":[{"embeddable":true,"href":"https:\/\/www.atlantastretch.com\/fr\/wp-json\/wp\/v2\/media\/20302"}],"wp:attachment":[{"href":"https:\/\/www.atlantastretch.com\/fr\/wp-json\/wp\/v2\/media?parent=20037"}],"wp:term":[{"taxonomy":"tecnologia","embeddable":true,"href":"https:\/\/www.atlantastretch.com\/fr\/wp-json\/wp\/v2\/tecnologia?post=20037"},{"taxonomy":"product_cat","embeddable":true,"href":"https:\/\/www.atlantastretch.com\/fr\/wp-json\/wp\/v2\/product_cat?post=20037"},{"taxonomy":"product_tag","embeddable":true,"href":"https:\/\/www.atlantastretch.com\/fr\/wp-json\/wp\/v2\/product_tag?post=20037"}],"curies":[{"name":"wp","href":"https:\/\/api.w.org\/{rel}","templated":true}]}}