{"id":20116,"date":"2026-03-09T16:42:22","date_gmt":"2026-03-09T15:42:22","guid":{"rendered":"https:\/\/www.atlantastretch.com\/?post_type=product&#038;p=20116"},"modified":"2026-03-13T12:06:59","modified_gmt":"2026-03-13T11:06:59","slug":"sipario","status":"publish","type":"product","link":"https:\/\/www.atlantastretch.com\/fr\/product\/sipario\/","title":{"rendered":"SIPARIO"},"content":{"rendered":"<h3>Sipario est le syst\u00e8me robotis\u00e9 d\u00e9velopp\u00e9 par Atlanta Robotics pour le retrait automatique du film ou du feuillard des palettes.<\/h3>\n<p>Cette op\u00e9ration est encore effectu\u00e9e par un op\u00e9rateur sur la plupart des lignes \u00e9quip\u00e9es d&rsquo;un syst\u00e8me de d\u00e9palettisation.<\/p>\n<p>C&rsquo;est pr\u00e9cis\u00e9ment \u00e0 cette \u00e9tape, jusqu&rsquo;\u00e0 pr\u00e9sent non automatis\u00e9e, qu&rsquo;intervient Sipario : un syst\u00e8me qui \u00e9limine le besoin d&rsquo;intervention manuelle, <strong>am\u00e9liorant ainsi la s\u00e9curit\u00e9, l&rsquo;efficacit\u00e9 et la continuit\u00e9 op\u00e9rationnelle.<\/strong><\/p>\n<p>Gr\u00e2ce \u00e0 sa <strong>t\u00eate multifonction<\/strong> \u00e9quip\u00e9e de capteurs, le robot identifie la g\u00e9om\u00e9trie de la charge et proc\u00e8de \u00e0 la d\u00e9coupe du film thermor\u00e9tractable, extensible ou du feuillard avec une tr\u00e8s grande pr\u00e9cision, en <strong>s&rsquo;adaptant \u00e0 la forme des palettes<\/strong> en temps r\u00e9el gr\u00e2ce \u00e0 une s\u00e9rie de capteurs. Cela permet de g\u00e9rer des productions avec des palettes de formes et de dimensions diff\u00e9rentes de mani\u00e8re <strong>enti\u00e8rement automatique<\/strong> et avec une pr\u00e9cision maximale.<\/p>\n<p>Le film et le feuillard sont retir\u00e9s <strong>sans exercer de contrainte sur le produit<\/strong> palettis\u00e9, \u00e9vitant ainsi les chutes ou les cassures et optimisant cette phase de fin de ligne de mani\u00e8re \u00e0 assurer une <strong>continuit\u00e9 de production<\/strong> et \u00e0 r\u00e9duire au maximum les temps d&rsquo;arr\u00eat de la ligne.<\/p>\n","protected":false},"excerpt":{"rendered":"<ul>\n<li><strong>Retrait automatique du film et du feuillard<\/strong><\/li>\n<li>Gestion <strong>automatique<\/strong> de <strong>palettes de diff\u00e9rentes tailles<\/strong> et formes<\/li>\n<li><strong>R\u00e9duction des temps d&rsquo;arr\u00eat<\/strong> et am\u00e9lioration de la continuit\u00e9 de la production.<\/li>\n<li><strong>Syst\u00e8me modulaire, encombrement minimal et mise en \u0153uvre facile<\/strong>.<\/li>\n<li><strong>S\u00e9curit\u00e9 accrue<\/strong> pour les op\u00e9rateurs gr\u00e2ce \u00e0 <strong>l&rsquo;\u00e9limination des t\u00e2ches manuelles \u00e0 risque<\/strong>.<\/li>\n<li>Optimisation de la fin de ligne gr\u00e2ce \u00e0 une <strong>automatisation intelligente<\/strong>.<\/li>\n<li><strong>Gestion automatique des d\u00e9chets de film ou de feuillard<\/strong> gr\u00e2ce \u00e0 un syst\u00e8me de broyage et de collecte.<\/li>\n<li>Possibilit\u00e9 de r\u00e9cup\u00e9ration et de <strong>valorisation des d\u00e9chets<\/strong>.<\/li>\n<\/ul>\n","protected":false},"featured_media":20573,"comment_status":"closed","ping_status":"closed","template":"","meta":{"_acf_changed":false,"_et_pb_use_builder":"","_et_pb_old_content":"","_et_gb_content_width":"","_crsspst_to_wwwglobustapecom":false},"tecnologia":[],"product_cat":[441],"product_tag":[],"class_list":{"0":"post-20116","1":"product","2":"type-product","3":"status-publish","4":"has-post-thumbnail","6":"product_cat-sipario-fr","8":"first","9":"instock","10":"shipping-taxable","11":"product-type-simple"},"acf":[],"yoast_head":"<!-- This site is optimized with the Yoast SEO plugin v22.9 - https:\/\/yoast.com\/wordpress\/plugins\/seo\/ -->\n<title>SIPARIO - Atlanta Stretch<\/title>\n<meta name=\"description\" content=\"- SIPARIO - Atlanta Stretch %\" \/>\n<meta name=\"robots\" content=\"index, follow, max-snippet:-1, max-image-preview:large, max-video-preview:-1\" \/>\n<link rel=\"canonical\" href=\"https:\/\/www.atlantastretch.com\/fr\/product\/sipario\/\" \/>\n<meta property=\"og:locale\" content=\"fr_FR\" \/>\n<meta property=\"og:type\" content=\"article\" \/>\n<meta property=\"og:title\" content=\"SIPARIO - Atlanta Stretch\" \/>\n<meta property=\"og:description\" content=\"- SIPARIO - Atlanta Stretch %\" \/>\n<meta property=\"og:site_name\" content=\"Atlanta Stretch\" \/>\n<meta property=\"article:publisher\" content=\"https:\/\/www.facebook.com\/atlantastretchspa\" \/>\n<meta property=\"article:modified_time\" content=\"2026-03-13T11:06:59+00:00\" \/>\n<meta property=\"og:image\" content=\"https:\/\/www.atlantastretch.com\/wp-content\/uploads\/2026\/03\/1080x1080_sipario_tiny.png\" \/>\n\t<meta property=\"og:image:width\" content=\"1080\" \/>\n\t<meta property=\"og:image:height\" content=\"1080\" \/>\n\t<meta property=\"og:image:type\" content=\"image\/png\" \/>\n<meta name=\"twitter:card\" content=\"summary_large_image\" \/>\n<script type=\"application\/ld+json\" class=\"yoast-schema-graph\">{\"@context\":\"https:\/\/schema.org\",\"@graph\":[{\"@type\":\"WebPage\",\"@id\":\"https:\/\/www.atlantastretch.com\/fr\/product\/sipario\/\",\"url\":\"https:\/\/www.atlantastretch.com\/fr\/product\/sipario\/\",\"name\":\"SIPARIO - Atlanta Stretch\",\"isPartOf\":{\"@id\":\"https:\/\/www.atlantastretch.com\/fr\/#website\"},\"primaryImageOfPage\":{\"@id\":\"https:\/\/www.atlantastretch.com\/fr\/product\/sipario\/#primaryimage\"},\"image\":{\"@id\":\"https:\/\/www.atlantastretch.com\/fr\/product\/sipario\/#primaryimage\"},\"thumbnailUrl\":\"https:\/\/www.atlantastretch.com\/wp-content\/uploads\/2026\/03\/1080x1080_sipario_tiny-1.png\",\"datePublished\":\"2026-03-09T15:42:22+00:00\",\"dateModified\":\"2026-03-13T11:06:59+00:00\",\"description\":\"- SIPARIO - Atlanta Stretch %\",\"breadcrumb\":{\"@id\":\"https:\/\/www.atlantastretch.com\/fr\/product\/sipario\/#breadcrumb\"},\"inLanguage\":\"fr-FR\",\"potentialAction\":[{\"@type\":\"ReadAction\",\"target\":[\"https:\/\/www.atlantastretch.com\/fr\/product\/sipario\/\"]}]},{\"@type\":\"ImageObject\",\"inLanguage\":\"fr-FR\",\"@id\":\"https:\/\/www.atlantastretch.com\/fr\/product\/sipario\/#primaryimage\",\"url\":\"https:\/\/www.atlantastretch.com\/wp-content\/uploads\/2026\/03\/1080x1080_sipario_tiny-1.png\",\"contentUrl\":\"https:\/\/www.atlantastretch.com\/wp-content\/uploads\/2026\/03\/1080x1080_sipario_tiny-1.png\",\"width\":1080,\"height\":1080},{\"@type\":\"BreadcrumbList\",\"@id\":\"https:\/\/www.atlantastretch.com\/fr\/product\/sipario\/#breadcrumb\",\"itemListElement\":[{\"@type\":\"ListItem\",\"position\":1,\"name\":\"Home\",\"item\":\"https:\/\/www.atlantastretch.com\/fr\/\"},{\"@type\":\"ListItem\",\"position\":2,\"name\":\"Boutique\",\"item\":\"https:\/\/www.atlantastretch.com\/fr\/boutique\/\"},{\"@type\":\"ListItem\",\"position\":3,\"name\":\"SIPARIO\"}]},{\"@type\":\"WebSite\",\"@id\":\"https:\/\/www.atlantastretch.com\/fr\/#website\",\"url\":\"https:\/\/www.atlantastretch.com\/fr\/\",\"name\":\"Atlanta Stretch\",\"description\":\"Macchine per imballaggio pallet con film\",\"publisher\":{\"@id\":\"https:\/\/www.atlantastretch.com\/fr\/#organization\"},\"alternateName\":\"Atlanta Stretch soluzioni per il finelinea\",\"potentialAction\":[{\"@type\":\"SearchAction\",\"target\":{\"@type\":\"EntryPoint\",\"urlTemplate\":\"https:\/\/www.atlantastretch.com\/fr\/?s={search_term_string}\"},\"query-input\":\"required name=search_term_string\"}],\"inLanguage\":\"fr-FR\"},{\"@type\":\"Organization\",\"@id\":\"https:\/\/www.atlantastretch.com\/fr\/#organization\",\"name\":\"Atlanta Stretch\",\"alternateName\":\"Atlanta Stretch soluzioni per il finelinea\",\"url\":\"https:\/\/www.atlantastretch.com\/fr\/\",\"logo\":{\"@type\":\"ImageObject\",\"inLanguage\":\"fr-FR\",\"@id\":\"https:\/\/www.atlantastretch.com\/fr\/#\/schema\/logo\/image\/\",\"url\":\"https:\/\/www.atlantastretch.com\/wp-content\/uploads\/2024\/01\/cropped-logotipo-rosso.png\",\"contentUrl\":\"https:\/\/www.atlantastretch.com\/wp-content\/uploads\/2024\/01\/cropped-logotipo-rosso.png\",\"width\":512,\"height\":512,\"caption\":\"Atlanta Stretch\"},\"image\":{\"@id\":\"https:\/\/www.atlantastretch.com\/fr\/#\/schema\/logo\/image\/\"},\"sameAs\":[\"https:\/\/www.facebook.com\/atlantastretchspa\",\"https:\/\/www.instagram.com\/atlantastretch_official\/\",\"https:\/\/www.linkedin.com\/company\/atlanta-stretch-spa\/\",\"https:\/\/www.youtube.com\/channel\/UCqNtlDqg_fw0AIH20Kfj04Q\"]}]}<\/script>\n<!-- \/ Yoast SEO plugin. -->","yoast_head_json":{"title":"SIPARIO - Atlanta Stretch","description":"- SIPARIO - Atlanta Stretch %","robots":{"index":"index","follow":"follow","max-snippet":"max-snippet:-1","max-image-preview":"max-image-preview:large","max-video-preview":"max-video-preview:-1"},"canonical":"https:\/\/www.atlantastretch.com\/fr\/product\/sipario\/","og_locale":"fr_FR","og_type":"article","og_title":"SIPARIO - Atlanta Stretch","og_description":"- SIPARIO - Atlanta Stretch %","og_site_name":"Atlanta Stretch","article_publisher":"https:\/\/www.facebook.com\/atlantastretchspa","article_modified_time":"2026-03-13T11:06:59+00:00","og_image":[{"width":1080,"height":1080,"url":"https:\/\/www.atlantastretch.com\/wp-content\/uploads\/2026\/03\/1080x1080_sipario_tiny.png","type":"image\/png"}],"twitter_card":"summary_large_image","schema":{"@context":"https:\/\/schema.org","@graph":[{"@type":"WebPage","@id":"https:\/\/www.atlantastretch.com\/fr\/product\/sipario\/","url":"https:\/\/www.atlantastretch.com\/fr\/product\/sipario\/","name":"SIPARIO - Atlanta Stretch","isPartOf":{"@id":"https:\/\/www.atlantastretch.com\/fr\/#website"},"primaryImageOfPage":{"@id":"https:\/\/www.atlantastretch.com\/fr\/product\/sipario\/#primaryimage"},"image":{"@id":"https:\/\/www.atlantastretch.com\/fr\/product\/sipario\/#primaryimage"},"thumbnailUrl":"https:\/\/www.atlantastretch.com\/wp-content\/uploads\/2026\/03\/1080x1080_sipario_tiny-1.png","datePublished":"2026-03-09T15:42:22+00:00","dateModified":"2026-03-13T11:06:59+00:00","description":"- SIPARIO - Atlanta Stretch %","breadcrumb":{"@id":"https:\/\/www.atlantastretch.com\/fr\/product\/sipario\/#breadcrumb"},"inLanguage":"fr-FR","potentialAction":[{"@type":"ReadAction","target":["https:\/\/www.atlantastretch.com\/fr\/product\/sipario\/"]}]},{"@type":"ImageObject","inLanguage":"fr-FR","@id":"https:\/\/www.atlantastretch.com\/fr\/product\/sipario\/#primaryimage","url":"https:\/\/www.atlantastretch.com\/wp-content\/uploads\/2026\/03\/1080x1080_sipario_tiny-1.png","contentUrl":"https:\/\/www.atlantastretch.com\/wp-content\/uploads\/2026\/03\/1080x1080_sipario_tiny-1.png","width":1080,"height":1080},{"@type":"BreadcrumbList","@id":"https:\/\/www.atlantastretch.com\/fr\/product\/sipario\/#breadcrumb","itemListElement":[{"@type":"ListItem","position":1,"name":"Home","item":"https:\/\/www.atlantastretch.com\/fr\/"},{"@type":"ListItem","position":2,"name":"Boutique","item":"https:\/\/www.atlantastretch.com\/fr\/boutique\/"},{"@type":"ListItem","position":3,"name":"SIPARIO"}]},{"@type":"WebSite","@id":"https:\/\/www.atlantastretch.com\/fr\/#website","url":"https:\/\/www.atlantastretch.com\/fr\/","name":"Atlanta Stretch","description":"Macchine per imballaggio pallet con film","publisher":{"@id":"https:\/\/www.atlantastretch.com\/fr\/#organization"},"alternateName":"Atlanta Stretch soluzioni per il finelinea","potentialAction":[{"@type":"SearchAction","target":{"@type":"EntryPoint","urlTemplate":"https:\/\/www.atlantastretch.com\/fr\/?s={search_term_string}"},"query-input":"required name=search_term_string"}],"inLanguage":"fr-FR"},{"@type":"Organization","@id":"https:\/\/www.atlantastretch.com\/fr\/#organization","name":"Atlanta Stretch","alternateName":"Atlanta Stretch soluzioni per il finelinea","url":"https:\/\/www.atlantastretch.com\/fr\/","logo":{"@type":"ImageObject","inLanguage":"fr-FR","@id":"https:\/\/www.atlantastretch.com\/fr\/#\/schema\/logo\/image\/","url":"https:\/\/www.atlantastretch.com\/wp-content\/uploads\/2024\/01\/cropped-logotipo-rosso.png","contentUrl":"https:\/\/www.atlantastretch.com\/wp-content\/uploads\/2024\/01\/cropped-logotipo-rosso.png","width":512,"height":512,"caption":"Atlanta Stretch"},"image":{"@id":"https:\/\/www.atlantastretch.com\/fr\/#\/schema\/logo\/image\/"},"sameAs":["https:\/\/www.facebook.com\/atlantastretchspa","https:\/\/www.instagram.com\/atlantastretch_official\/","https:\/\/www.linkedin.com\/company\/atlanta-stretch-spa\/","https:\/\/www.youtube.com\/channel\/UCqNtlDqg_fw0AIH20Kfj04Q"]}]}},"_links":{"self":[{"href":"https:\/\/www.atlantastretch.com\/fr\/wp-json\/wp\/v2\/product\/20116","targetHints":{"allow":["GET"]}}],"collection":[{"href":"https:\/\/www.atlantastretch.com\/fr\/wp-json\/wp\/v2\/product"}],"about":[{"href":"https:\/\/www.atlantastretch.com\/fr\/wp-json\/wp\/v2\/types\/product"}],"replies":[{"embeddable":true,"href":"https:\/\/www.atlantastretch.com\/fr\/wp-json\/wp\/v2\/comments?post=20116"}],"wp:featuredmedia":[{"embeddable":true,"href":"https:\/\/www.atlantastretch.com\/fr\/wp-json\/wp\/v2\/media\/20573"}],"wp:attachment":[{"href":"https:\/\/www.atlantastretch.com\/fr\/wp-json\/wp\/v2\/media?parent=20116"}],"wp:term":[{"taxonomy":"tecnologia","embeddable":true,"href":"https:\/\/www.atlantastretch.com\/fr\/wp-json\/wp\/v2\/tecnologia?post=20116"},{"taxonomy":"product_cat","embeddable":true,"href":"https:\/\/www.atlantastretch.com\/fr\/wp-json\/wp\/v2\/product_cat?post=20116"},{"taxonomy":"product_tag","embeddable":true,"href":"https:\/\/www.atlantastretch.com\/fr\/wp-json\/wp\/v2\/product_tag?post=20116"}],"curies":[{"name":"wp","href":"https:\/\/api.w.org\/{rel}","templated":true}]}}