{"id":7219,"date":"2024-01-26T15:02:03","date_gmt":"2024-01-26T14:02:03","guid":{"rendered":"https:\/\/www.atlantastretch.com\/prodotto\/revolution-double\/"},"modified":"2024-06-12T11:52:31","modified_gmt":"2024-06-12T09:52:31","slug":"revolution-double","status":"publish","type":"product","link":"https:\/\/www.atlantastretch.com\/fr\/product\/revolution-double\/","title":{"rendered":"Revolution Double"},"content":{"rendered":"<h2>REVOLUTION DOUBLE<\/h2>\n<p>R\u00e9volution double est aussi un syst\u00e8me brevet\u00e9 d\u2019Atlanta Stretch\u00a0; Avec les m\u00eames avantages que la R\u00e9volution standard LS\/HS, ce syst\u00e8me est \u00e9quip\u00e9 de DEUX chariots porte-bobine de votre choix. Cela garantie un taux de pr\u00e9-\u00e9tirage en sortie de chariot d\u2019au moins 25%.<\/p>\n<p>Le changement de bobine et le syst\u00e8me de pince tenue de film coupe et soudure permettent \u00e0 l\u2019op\u00e9rateur de travailler sur un seul c\u00f4t\u00e9. Inutile de monter sur les convoyeurs ce qui \u00e9vite tout danger. Un environnement de travail s\u00e9curis\u00e9 est alors garanti.<\/p>\n","protected":false},"excerpt":{"rendered":"<ul>\n<li>Machine brevet\u00e9e avec double chariot sur le m\u00eame bras rotatif<\/li>\n<li>Augmentation de la productivit\u00e9 de 50 % par rapport \u00e0 une bobine simple<\/li>\n<li>Syst\u00e8me de coupe et de soudure unique pour les deux chariots<\/li>\n<li>La seule machine au monde avec double bobine sur un seul bras<\/li>\n<li>Gr\u00e2ce au bras unique, il est possible d&rsquo;ins\u00e9rer la partie sup\u00e9rieure \u00e0 l&rsquo;int\u00e9rieur de l&rsquo;option pour effectuer le cycle d&rsquo;\u00e9tanch\u00e9it\u00e9<\/li>\n<\/ul>\n","protected":false},"featured_media":17150,"comment_status":"open","ping_status":"closed","template":"","meta":{"_acf_changed":false,"_et_pb_use_builder":"off","_et_pb_old_content":"<h2>REVOLUTION DOUBLE \u00e8 un brevetto di ATLANTA STRETCH<\/h2>\r\nCon tutti i vantaggi delle macchine REVOLUTION LS \/ HS standard questo modello \u00e8 equipaggiato con due carrelli di prestiro (PRS o PS) garantendo cos\u00ec una capacit\u00e0 di almeno il 25% superiore a quella di una macchina standard.\r\n\r\nI carrelli sono sulla stessa parte della colonna e permettono di usare un UNICO sistema di pinzatura-taglio e saldatura del film. Anche le operazioni dell\u2019addetto al cambio film sono semplificate e solo su un lato della linea. La sicurezza dell\u2019ambiente di lavoro \u00e8 totalmente garantita.","_et_gb_content_width":"","_crsspst_to_wwwglobustapecom":false},"tecnologia":[],"product_cat":[82],"product_tag":[],"class_list":{"0":"post-7219","1":"product","2":"type-product","3":"status-publish","4":"has-post-thumbnail","6":"product_cat-machine-demballage-etirable-automatique","8":"first","9":"instock","10":"shipping-taxable","11":"product-type-simple"},"acf":[],"yoast_head":"<!-- This site is optimized with the Yoast SEO plugin v22.9 - https:\/\/yoast.com\/wordpress\/plugins\/seo\/ -->\n<title>Revolution Double - Atlanta Stretch<\/title>\n<meta name=\"description\" content=\"- Revolution Double - Atlanta Stretch %\" \/>\n<meta name=\"robots\" content=\"index, follow, max-snippet:-1, max-image-preview:large, max-video-preview:-1\" \/>\n<link rel=\"canonical\" href=\"https:\/\/www.atlantastretch.com\/fr\/product\/revolution-double\/\" \/>\n<meta property=\"og:locale\" content=\"fr_FR\" \/>\n<meta property=\"og:type\" content=\"article\" \/>\n<meta property=\"og:title\" content=\"Revolution Double - Atlanta Stretch\" \/>\n<meta property=\"og:description\" content=\"- Revolution Double - Atlanta Stretch %\" \/>\n<meta property=\"og:site_name\" content=\"Atlanta Stretch\" \/>\n<meta property=\"article:publisher\" content=\"https:\/\/www.facebook.com\/atlantastretchspa\" \/>\n<meta property=\"article:modified_time\" content=\"2024-06-12T09:52:31+00:00\" \/>\n<meta property=\"og:image\" content=\"https:\/\/www.atlantastretch.com\/wp-content\/uploads\/2024\/01\/revolution-double.png\" \/>\n\t<meta property=\"og:image:width\" content=\"1080\" \/>\n\t<meta property=\"og:image:height\" content=\"1080\" \/>\n\t<meta property=\"og:image:type\" content=\"image\/png\" \/>\n<meta name=\"twitter:card\" content=\"summary_large_image\" \/>\n<script type=\"application\/ld+json\" class=\"yoast-schema-graph\">{\"@context\":\"https:\/\/schema.org\",\"@graph\":[{\"@type\":\"WebPage\",\"@id\":\"https:\/\/www.atlantastretch.com\/fr\/product\/revolution-double\/\",\"url\":\"https:\/\/www.atlantastretch.com\/fr\/product\/revolution-double\/\",\"name\":\"Revolution Double - Atlanta Stretch\",\"isPartOf\":{\"@id\":\"https:\/\/www.atlantastretch.com\/fr\/#website\"},\"primaryImageOfPage\":{\"@id\":\"https:\/\/www.atlantastretch.com\/fr\/product\/revolution-double\/#primaryimage\"},\"image\":{\"@id\":\"https:\/\/www.atlantastretch.com\/fr\/product\/revolution-double\/#primaryimage\"},\"thumbnailUrl\":\"https:\/\/www.atlantastretch.com\/wp-content\/uploads\/2024\/01\/0025_lybra-easy-tot-left_1080x1080.png\",\"datePublished\":\"2024-01-26T14:02:03+00:00\",\"dateModified\":\"2024-06-12T09:52:31+00:00\",\"description\":\"- Revolution Double - Atlanta Stretch %\",\"breadcrumb\":{\"@id\":\"https:\/\/www.atlantastretch.com\/fr\/product\/revolution-double\/#breadcrumb\"},\"inLanguage\":\"fr-FR\",\"potentialAction\":[{\"@type\":\"ReadAction\",\"target\":[\"https:\/\/www.atlantastretch.com\/fr\/product\/revolution-double\/\"]}]},{\"@type\":\"ImageObject\",\"inLanguage\":\"fr-FR\",\"@id\":\"https:\/\/www.atlantastretch.com\/fr\/product\/revolution-double\/#primaryimage\",\"url\":\"https:\/\/www.atlantastretch.com\/wp-content\/uploads\/2024\/01\/0025_lybra-easy-tot-left_1080x1080.png\",\"contentUrl\":\"https:\/\/www.atlantastretch.com\/wp-content\/uploads\/2024\/01\/0025_lybra-easy-tot-left_1080x1080.png\",\"width\":1080,\"height\":1080},{\"@type\":\"BreadcrumbList\",\"@id\":\"https:\/\/www.atlantastretch.com\/fr\/product\/revolution-double\/#breadcrumb\",\"itemListElement\":[{\"@type\":\"ListItem\",\"position\":1,\"name\":\"Home\",\"item\":\"https:\/\/www.atlantastretch.com\/fr\/\"},{\"@type\":\"ListItem\",\"position\":2,\"name\":\"Boutique\",\"item\":\"https:\/\/www.atlantastretch.com\/fr\/boutique\/\"},{\"@type\":\"ListItem\",\"position\":3,\"name\":\"Revolution Double\"}]},{\"@type\":\"WebSite\",\"@id\":\"https:\/\/www.atlantastretch.com\/fr\/#website\",\"url\":\"https:\/\/www.atlantastretch.com\/fr\/\",\"name\":\"Atlanta Stretch\",\"description\":\"Macchine per imballaggio pallet con film\",\"publisher\":{\"@id\":\"https:\/\/www.atlantastretch.com\/fr\/#organization\"},\"alternateName\":\"Atlanta Stretch soluzioni per il finelinea\",\"potentialAction\":[{\"@type\":\"SearchAction\",\"target\":{\"@type\":\"EntryPoint\",\"urlTemplate\":\"https:\/\/www.atlantastretch.com\/fr\/?s={search_term_string}\"},\"query-input\":\"required name=search_term_string\"}],\"inLanguage\":\"fr-FR\"},{\"@type\":\"Organization\",\"@id\":\"https:\/\/www.atlantastretch.com\/fr\/#organization\",\"name\":\"Atlanta Stretch\",\"alternateName\":\"Atlanta Stretch soluzioni per il finelinea\",\"url\":\"https:\/\/www.atlantastretch.com\/fr\/\",\"logo\":{\"@type\":\"ImageObject\",\"inLanguage\":\"fr-FR\",\"@id\":\"https:\/\/www.atlantastretch.com\/fr\/#\/schema\/logo\/image\/\",\"url\":\"https:\/\/www.atlantastretch.com\/wp-content\/uploads\/2024\/01\/cropped-logotipo-rosso.png\",\"contentUrl\":\"https:\/\/www.atlantastretch.com\/wp-content\/uploads\/2024\/01\/cropped-logotipo-rosso.png\",\"width\":512,\"height\":512,\"caption\":\"Atlanta Stretch\"},\"image\":{\"@id\":\"https:\/\/www.atlantastretch.com\/fr\/#\/schema\/logo\/image\/\"},\"sameAs\":[\"https:\/\/www.facebook.com\/atlantastretchspa\",\"https:\/\/www.instagram.com\/atlantastretch_official\/\",\"https:\/\/www.linkedin.com\/company\/atlanta-stretch-spa\/\",\"https:\/\/www.youtube.com\/channel\/UCqNtlDqg_fw0AIH20Kfj04Q\"]}]}<\/script>\n<!-- \/ Yoast SEO plugin. -->","yoast_head_json":{"title":"Revolution Double - Atlanta Stretch","description":"- Revolution Double - Atlanta Stretch %","robots":{"index":"index","follow":"follow","max-snippet":"max-snippet:-1","max-image-preview":"max-image-preview:large","max-video-preview":"max-video-preview:-1"},"canonical":"https:\/\/www.atlantastretch.com\/fr\/product\/revolution-double\/","og_locale":"fr_FR","og_type":"article","og_title":"Revolution Double - Atlanta Stretch","og_description":"- Revolution Double - Atlanta Stretch %","og_site_name":"Atlanta Stretch","article_publisher":"https:\/\/www.facebook.com\/atlantastretchspa","article_modified_time":"2024-06-12T09:52:31+00:00","og_image":[{"width":1080,"height":1080,"url":"https:\/\/www.atlantastretch.com\/wp-content\/uploads\/2024\/01\/revolution-double.png","type":"image\/png"}],"twitter_card":"summary_large_image","schema":{"@context":"https:\/\/schema.org","@graph":[{"@type":"WebPage","@id":"https:\/\/www.atlantastretch.com\/fr\/product\/revolution-double\/","url":"https:\/\/www.atlantastretch.com\/fr\/product\/revolution-double\/","name":"Revolution Double - Atlanta Stretch","isPartOf":{"@id":"https:\/\/www.atlantastretch.com\/fr\/#website"},"primaryImageOfPage":{"@id":"https:\/\/www.atlantastretch.com\/fr\/product\/revolution-double\/#primaryimage"},"image":{"@id":"https:\/\/www.atlantastretch.com\/fr\/product\/revolution-double\/#primaryimage"},"thumbnailUrl":"https:\/\/www.atlantastretch.com\/wp-content\/uploads\/2024\/01\/0025_lybra-easy-tot-left_1080x1080.png","datePublished":"2024-01-26T14:02:03+00:00","dateModified":"2024-06-12T09:52:31+00:00","description":"- Revolution Double - Atlanta Stretch %","breadcrumb":{"@id":"https:\/\/www.atlantastretch.com\/fr\/product\/revolution-double\/#breadcrumb"},"inLanguage":"fr-FR","potentialAction":[{"@type":"ReadAction","target":["https:\/\/www.atlantastretch.com\/fr\/product\/revolution-double\/"]}]},{"@type":"ImageObject","inLanguage":"fr-FR","@id":"https:\/\/www.atlantastretch.com\/fr\/product\/revolution-double\/#primaryimage","url":"https:\/\/www.atlantastretch.com\/wp-content\/uploads\/2024\/01\/0025_lybra-easy-tot-left_1080x1080.png","contentUrl":"https:\/\/www.atlantastretch.com\/wp-content\/uploads\/2024\/01\/0025_lybra-easy-tot-left_1080x1080.png","width":1080,"height":1080},{"@type":"BreadcrumbList","@id":"https:\/\/www.atlantastretch.com\/fr\/product\/revolution-double\/#breadcrumb","itemListElement":[{"@type":"ListItem","position":1,"name":"Home","item":"https:\/\/www.atlantastretch.com\/fr\/"},{"@type":"ListItem","position":2,"name":"Boutique","item":"https:\/\/www.atlantastretch.com\/fr\/boutique\/"},{"@type":"ListItem","position":3,"name":"Revolution Double"}]},{"@type":"WebSite","@id":"https:\/\/www.atlantastretch.com\/fr\/#website","url":"https:\/\/www.atlantastretch.com\/fr\/","name":"Atlanta Stretch","description":"Macchine per imballaggio pallet con film","publisher":{"@id":"https:\/\/www.atlantastretch.com\/fr\/#organization"},"alternateName":"Atlanta Stretch soluzioni per il finelinea","potentialAction":[{"@type":"SearchAction","target":{"@type":"EntryPoint","urlTemplate":"https:\/\/www.atlantastretch.com\/fr\/?s={search_term_string}"},"query-input":"required name=search_term_string"}],"inLanguage":"fr-FR"},{"@type":"Organization","@id":"https:\/\/www.atlantastretch.com\/fr\/#organization","name":"Atlanta Stretch","alternateName":"Atlanta Stretch soluzioni per il finelinea","url":"https:\/\/www.atlantastretch.com\/fr\/","logo":{"@type":"ImageObject","inLanguage":"fr-FR","@id":"https:\/\/www.atlantastretch.com\/fr\/#\/schema\/logo\/image\/","url":"https:\/\/www.atlantastretch.com\/wp-content\/uploads\/2024\/01\/cropped-logotipo-rosso.png","contentUrl":"https:\/\/www.atlantastretch.com\/wp-content\/uploads\/2024\/01\/cropped-logotipo-rosso.png","width":512,"height":512,"caption":"Atlanta Stretch"},"image":{"@id":"https:\/\/www.atlantastretch.com\/fr\/#\/schema\/logo\/image\/"},"sameAs":["https:\/\/www.facebook.com\/atlantastretchspa","https:\/\/www.instagram.com\/atlantastretch_official\/","https:\/\/www.linkedin.com\/company\/atlanta-stretch-spa\/","https:\/\/www.youtube.com\/channel\/UCqNtlDqg_fw0AIH20Kfj04Q"]}]}},"_links":{"self":[{"href":"https:\/\/www.atlantastretch.com\/fr\/wp-json\/wp\/v2\/product\/7219","targetHints":{"allow":["GET"]}}],"collection":[{"href":"https:\/\/www.atlantastretch.com\/fr\/wp-json\/wp\/v2\/product"}],"about":[{"href":"https:\/\/www.atlantastretch.com\/fr\/wp-json\/wp\/v2\/types\/product"}],"replies":[{"embeddable":true,"href":"https:\/\/www.atlantastretch.com\/fr\/wp-json\/wp\/v2\/comments?post=7219"}],"wp:featuredmedia":[{"embeddable":true,"href":"https:\/\/www.atlantastretch.com\/fr\/wp-json\/wp\/v2\/media\/17150"}],"wp:attachment":[{"href":"https:\/\/www.atlantastretch.com\/fr\/wp-json\/wp\/v2\/media?parent=7219"}],"wp:term":[{"taxonomy":"tecnologia","embeddable":true,"href":"https:\/\/www.atlantastretch.com\/fr\/wp-json\/wp\/v2\/tecnologia?post=7219"},{"taxonomy":"product_cat","embeddable":true,"href":"https:\/\/www.atlantastretch.com\/fr\/wp-json\/wp\/v2\/product_cat?post=7219"},{"taxonomy":"product_tag","embeddable":true,"href":"https:\/\/www.atlantastretch.com\/fr\/wp-json\/wp\/v2\/product_tag?post=7219"}],"curies":[{"name":"wp","href":"https:\/\/api.w.org\/{rel}","templated":true}]}}