{"id":7400,"date":"2024-02-26T12:07:35","date_gmt":"2024-02-26T11:07:35","guid":{"rendered":"https:\/\/www.atlantastretch.com\/prodotto\/marathon\/"},"modified":"2026-03-20T15:19:54","modified_gmt":"2026-03-20T14:19:54","slug":"marathon","status":"publish","type":"product","link":"https:\/\/www.atlantastretch.com\/fr\/product\/marathon\/","title":{"rendered":"Marathon"},"content":{"rendered":"<h3>Marathon<\/h3>\n<ul>\n<li>Marathon se caract\u00e9rise pour l\u2019utilisation et l\u2019application\u00a0film pr\u00e9-\u00e9tir\u00e9 et par ses fonctions simples mais compl\u00e8tes.<\/li>\n<li>Robot pour banderoler des charges palettis\u00e9es aux formes, poids, et dimensions les plus\u00a0 diverses sous film \u00e9tirable.<\/li>\n<li>L\u2019unique robot au monde pour banderoler les palettes avec du film extensible.<\/li>\n<li>La Marathon remplace le banderolage pour un prix r\u00e9duit.<\/li>\n<li>Des mouvements facile et l\u00e9ger sans motorisation.<\/li>\n<li>La mont\u00e9e\/descente du chariot porte bobine se fait via une transmission des engrenages manuelle.<\/li>\n<\/ul>\n","protected":false},"excerpt":{"rendered":"<ul>\n<li>Altezza Standard di avvolgimento: 2000 mm<\/li>\n<li>Altezza linea alimentazione standard: da 450 a 500 mm<\/li>\n<li>Velocit\u00e0 rotazione braccio regolabile con inverter: max 30 giri al minuto<\/li>\n<li>Velocit\u00e0 di discesa del carrello: selezionabile liberamente<\/li>\n<\/ul>\n","protected":false},"featured_media":18309,"comment_status":"open","ping_status":"closed","template":"","meta":{"_acf_changed":false,"_et_pb_use_builder":"off","_et_pb_old_content":"<h2>REVOLUTION DOUBLE \u00e8 un brevetto di ATLANTA STRETCH<\/h2>\r\nCon tutti i vantaggi delle macchine REVOLUTION LS \/ HS standard questo modello \u00e8 equipaggiato con due carrelli di prestiro (PRS o PS) garantendo cos\u00ec una capacit\u00e0 di almeno il 25% superiore a quella di una macchina standard.\r\n\r\nI carrelli sono sulla stessa parte della colonna e permettono di usare un UNICO sistema di pinzatura-taglio e saldatura del film. Anche le operazioni dell\u2019addetto al cambio film sono semplificate e solo su un lato della linea. La sicurezza dell\u2019ambiente di lavoro \u00e8 totalmente garantita.","_et_gb_content_width":"","_crsspst_to_wwwglobustapecom":false},"tecnologia":[119],"product_cat":[93],"product_tag":[],"class_list":{"0":"post-7400","1":"product","2":"type-product","3":"status-publish","4":"has-post-thumbnail","6":"tecnologia-emballeuses-etirables-mobiles","7":"product_cat-machine-demballage-etirable-semi-automatique","9":"first","10":"instock","11":"shipping-taxable","12":"product-type-simple"},"acf":[],"yoast_head":"<!-- This site is optimized with the Yoast SEO plugin v22.9 - https:\/\/yoast.com\/wordpress\/plugins\/seo\/ -->\n<title>Marathon - Atlanta Stretch<\/title>\n<meta name=\"description\" content=\"- Marathon - Atlanta Stretch %\" \/>\n<meta name=\"robots\" content=\"index, follow, max-snippet:-1, max-image-preview:large, max-video-preview:-1\" \/>\n<link rel=\"canonical\" href=\"https:\/\/www.atlantastretch.com\/fr\/product\/marathon\/\" \/>\n<meta property=\"og:locale\" content=\"fr_FR\" \/>\n<meta property=\"og:type\" content=\"article\" \/>\n<meta property=\"og:title\" content=\"Marathon - Atlanta Stretch\" \/>\n<meta property=\"og:description\" content=\"- Marathon - Atlanta Stretch %\" \/>\n<meta property=\"og:site_name\" content=\"Atlanta Stretch\" \/>\n<meta property=\"article:publisher\" content=\"https:\/\/www.facebook.com\/atlantastretchspa\" \/>\n<meta property=\"article:modified_time\" content=\"2026-03-20T14:19:54+00:00\" \/>\n<meta property=\"og:image\" content=\"https:\/\/www.atlantastretch.com\/wp-content\/uploads\/2024\/02\/1080x1080_0045_MARATHON-1.png\" \/>\n\t<meta property=\"og:image:width\" content=\"1080\" \/>\n\t<meta property=\"og:image:height\" content=\"1080\" \/>\n\t<meta property=\"og:image:type\" content=\"image\/png\" \/>\n<meta name=\"twitter:card\" content=\"summary_large_image\" \/>\n<script type=\"application\/ld+json\" class=\"yoast-schema-graph\">{\"@context\":\"https:\/\/schema.org\",\"@graph\":[{\"@type\":\"WebPage\",\"@id\":\"https:\/\/www.atlantastretch.com\/fr\/product\/marathon\/\",\"url\":\"https:\/\/www.atlantastretch.com\/fr\/product\/marathon\/\",\"name\":\"Marathon - Atlanta Stretch\",\"isPartOf\":{\"@id\":\"https:\/\/www.atlantastretch.com\/fr\/#website\"},\"primaryImageOfPage\":{\"@id\":\"https:\/\/www.atlantastretch.com\/fr\/product\/marathon\/#primaryimage\"},\"image\":{\"@id\":\"https:\/\/www.atlantastretch.com\/fr\/product\/marathon\/#primaryimage\"},\"thumbnailUrl\":\"https:\/\/www.atlantastretch.com\/wp-content\/uploads\/2024\/02\/1080x1080_0045_MARATHON-1.png\",\"datePublished\":\"2024-02-26T11:07:35+00:00\",\"dateModified\":\"2026-03-20T14:19:54+00:00\",\"description\":\"- Marathon - Atlanta Stretch %\",\"breadcrumb\":{\"@id\":\"https:\/\/www.atlantastretch.com\/fr\/product\/marathon\/#breadcrumb\"},\"inLanguage\":\"fr-FR\",\"potentialAction\":[{\"@type\":\"ReadAction\",\"target\":[\"https:\/\/www.atlantastretch.com\/fr\/product\/marathon\/\"]}]},{\"@type\":\"ImageObject\",\"inLanguage\":\"fr-FR\",\"@id\":\"https:\/\/www.atlantastretch.com\/fr\/product\/marathon\/#primaryimage\",\"url\":\"https:\/\/www.atlantastretch.com\/wp-content\/uploads\/2024\/02\/1080x1080_0045_MARATHON-1.png\",\"contentUrl\":\"https:\/\/www.atlantastretch.com\/wp-content\/uploads\/2024\/02\/1080x1080_0045_MARATHON-1.png\",\"width\":1080,\"height\":1080},{\"@type\":\"BreadcrumbList\",\"@id\":\"https:\/\/www.atlantastretch.com\/fr\/product\/marathon\/#breadcrumb\",\"itemListElement\":[{\"@type\":\"ListItem\",\"position\":1,\"name\":\"Home\",\"item\":\"https:\/\/www.atlantastretch.com\/fr\/\"},{\"@type\":\"ListItem\",\"position\":2,\"name\":\"Boutique\",\"item\":\"https:\/\/www.atlantastretch.com\/fr\/boutique\/\"},{\"@type\":\"ListItem\",\"position\":3,\"name\":\"Marathon\"}]},{\"@type\":\"WebSite\",\"@id\":\"https:\/\/www.atlantastretch.com\/fr\/#website\",\"url\":\"https:\/\/www.atlantastretch.com\/fr\/\",\"name\":\"Atlanta Stretch\",\"description\":\"Macchine per imballaggio pallet con film\",\"publisher\":{\"@id\":\"https:\/\/www.atlantastretch.com\/fr\/#organization\"},\"alternateName\":\"Atlanta Stretch soluzioni per il finelinea\",\"potentialAction\":[{\"@type\":\"SearchAction\",\"target\":{\"@type\":\"EntryPoint\",\"urlTemplate\":\"https:\/\/www.atlantastretch.com\/fr\/?s={search_term_string}\"},\"query-input\":\"required name=search_term_string\"}],\"inLanguage\":\"fr-FR\"},{\"@type\":\"Organization\",\"@id\":\"https:\/\/www.atlantastretch.com\/fr\/#organization\",\"name\":\"Atlanta Stretch\",\"alternateName\":\"Atlanta Stretch soluzioni per il finelinea\",\"url\":\"https:\/\/www.atlantastretch.com\/fr\/\",\"logo\":{\"@type\":\"ImageObject\",\"inLanguage\":\"fr-FR\",\"@id\":\"https:\/\/www.atlantastretch.com\/fr\/#\/schema\/logo\/image\/\",\"url\":\"https:\/\/www.atlantastretch.com\/wp-content\/uploads\/2024\/01\/cropped-logotipo-rosso.png\",\"contentUrl\":\"https:\/\/www.atlantastretch.com\/wp-content\/uploads\/2024\/01\/cropped-logotipo-rosso.png\",\"width\":512,\"height\":512,\"caption\":\"Atlanta Stretch\"},\"image\":{\"@id\":\"https:\/\/www.atlantastretch.com\/fr\/#\/schema\/logo\/image\/\"},\"sameAs\":[\"https:\/\/www.facebook.com\/atlantastretchspa\",\"https:\/\/www.instagram.com\/atlantastretch_official\/\",\"https:\/\/www.linkedin.com\/company\/atlanta-stretch-spa\/\",\"https:\/\/www.youtube.com\/channel\/UCqNtlDqg_fw0AIH20Kfj04Q\"]}]}<\/script>\n<!-- \/ Yoast SEO plugin. -->","yoast_head_json":{"title":"Marathon - Atlanta Stretch","description":"- Marathon - Atlanta Stretch %","robots":{"index":"index","follow":"follow","max-snippet":"max-snippet:-1","max-image-preview":"max-image-preview:large","max-video-preview":"max-video-preview:-1"},"canonical":"https:\/\/www.atlantastretch.com\/fr\/product\/marathon\/","og_locale":"fr_FR","og_type":"article","og_title":"Marathon - Atlanta Stretch","og_description":"- Marathon - Atlanta Stretch %","og_site_name":"Atlanta Stretch","article_publisher":"https:\/\/www.facebook.com\/atlantastretchspa","article_modified_time":"2026-03-20T14:19:54+00:00","og_image":[{"width":1080,"height":1080,"url":"https:\/\/www.atlantastretch.com\/wp-content\/uploads\/2024\/02\/1080x1080_0045_MARATHON-1.png","type":"image\/png"}],"twitter_card":"summary_large_image","schema":{"@context":"https:\/\/schema.org","@graph":[{"@type":"WebPage","@id":"https:\/\/www.atlantastretch.com\/fr\/product\/marathon\/","url":"https:\/\/www.atlantastretch.com\/fr\/product\/marathon\/","name":"Marathon - Atlanta Stretch","isPartOf":{"@id":"https:\/\/www.atlantastretch.com\/fr\/#website"},"primaryImageOfPage":{"@id":"https:\/\/www.atlantastretch.com\/fr\/product\/marathon\/#primaryimage"},"image":{"@id":"https:\/\/www.atlantastretch.com\/fr\/product\/marathon\/#primaryimage"},"thumbnailUrl":"https:\/\/www.atlantastretch.com\/wp-content\/uploads\/2024\/02\/1080x1080_0045_MARATHON-1.png","datePublished":"2024-02-26T11:07:35+00:00","dateModified":"2026-03-20T14:19:54+00:00","description":"- Marathon - Atlanta Stretch %","breadcrumb":{"@id":"https:\/\/www.atlantastretch.com\/fr\/product\/marathon\/#breadcrumb"},"inLanguage":"fr-FR","potentialAction":[{"@type":"ReadAction","target":["https:\/\/www.atlantastretch.com\/fr\/product\/marathon\/"]}]},{"@type":"ImageObject","inLanguage":"fr-FR","@id":"https:\/\/www.atlantastretch.com\/fr\/product\/marathon\/#primaryimage","url":"https:\/\/www.atlantastretch.com\/wp-content\/uploads\/2024\/02\/1080x1080_0045_MARATHON-1.png","contentUrl":"https:\/\/www.atlantastretch.com\/wp-content\/uploads\/2024\/02\/1080x1080_0045_MARATHON-1.png","width":1080,"height":1080},{"@type":"BreadcrumbList","@id":"https:\/\/www.atlantastretch.com\/fr\/product\/marathon\/#breadcrumb","itemListElement":[{"@type":"ListItem","position":1,"name":"Home","item":"https:\/\/www.atlantastretch.com\/fr\/"},{"@type":"ListItem","position":2,"name":"Boutique","item":"https:\/\/www.atlantastretch.com\/fr\/boutique\/"},{"@type":"ListItem","position":3,"name":"Marathon"}]},{"@type":"WebSite","@id":"https:\/\/www.atlantastretch.com\/fr\/#website","url":"https:\/\/www.atlantastretch.com\/fr\/","name":"Atlanta Stretch","description":"Macchine per imballaggio pallet con film","publisher":{"@id":"https:\/\/www.atlantastretch.com\/fr\/#organization"},"alternateName":"Atlanta Stretch soluzioni per il finelinea","potentialAction":[{"@type":"SearchAction","target":{"@type":"EntryPoint","urlTemplate":"https:\/\/www.atlantastretch.com\/fr\/?s={search_term_string}"},"query-input":"required name=search_term_string"}],"inLanguage":"fr-FR"},{"@type":"Organization","@id":"https:\/\/www.atlantastretch.com\/fr\/#organization","name":"Atlanta Stretch","alternateName":"Atlanta Stretch soluzioni per il finelinea","url":"https:\/\/www.atlantastretch.com\/fr\/","logo":{"@type":"ImageObject","inLanguage":"fr-FR","@id":"https:\/\/www.atlantastretch.com\/fr\/#\/schema\/logo\/image\/","url":"https:\/\/www.atlantastretch.com\/wp-content\/uploads\/2024\/01\/cropped-logotipo-rosso.png","contentUrl":"https:\/\/www.atlantastretch.com\/wp-content\/uploads\/2024\/01\/cropped-logotipo-rosso.png","width":512,"height":512,"caption":"Atlanta Stretch"},"image":{"@id":"https:\/\/www.atlantastretch.com\/fr\/#\/schema\/logo\/image\/"},"sameAs":["https:\/\/www.facebook.com\/atlantastretchspa","https:\/\/www.instagram.com\/atlantastretch_official\/","https:\/\/www.linkedin.com\/company\/atlanta-stretch-spa\/","https:\/\/www.youtube.com\/channel\/UCqNtlDqg_fw0AIH20Kfj04Q"]}]}},"_links":{"self":[{"href":"https:\/\/www.atlantastretch.com\/fr\/wp-json\/wp\/v2\/product\/7400","targetHints":{"allow":["GET"]}}],"collection":[{"href":"https:\/\/www.atlantastretch.com\/fr\/wp-json\/wp\/v2\/product"}],"about":[{"href":"https:\/\/www.atlantastretch.com\/fr\/wp-json\/wp\/v2\/types\/product"}],"replies":[{"embeddable":true,"href":"https:\/\/www.atlantastretch.com\/fr\/wp-json\/wp\/v2\/comments?post=7400"}],"wp:featuredmedia":[{"embeddable":true,"href":"https:\/\/www.atlantastretch.com\/fr\/wp-json\/wp\/v2\/media\/18309"}],"wp:attachment":[{"href":"https:\/\/www.atlantastretch.com\/fr\/wp-json\/wp\/v2\/media?parent=7400"}],"wp:term":[{"taxonomy":"tecnologia","embeddable":true,"href":"https:\/\/www.atlantastretch.com\/fr\/wp-json\/wp\/v2\/tecnologia?post=7400"},{"taxonomy":"product_cat","embeddable":true,"href":"https:\/\/www.atlantastretch.com\/fr\/wp-json\/wp\/v2\/product_cat?post=7400"},{"taxonomy":"product_tag","embeddable":true,"href":"https:\/\/www.atlantastretch.com\/fr\/wp-json\/wp\/v2\/product_tag?post=7400"}],"curies":[{"name":"wp","href":"https:\/\/api.w.org\/{rel}","templated":true}]}}