{"id":7406,"date":"2024-02-27T09:07:34","date_gmt":"2024-02-27T08:07:34","guid":{"rendered":"https:\/\/www.atlantastretch.com\/prodotto\/mytho-s\/"},"modified":"2026-03-20T17:00:03","modified_gmt":"2026-03-20T16:00:03","slug":"mytho-s","status":"publish","type":"product","link":"https:\/\/www.atlantastretch.com\/fr\/product\/mytho-s\/","title":{"rendered":"Mytho S"},"content":{"rendered":"<p><strong>Mytho S<\/strong> est le fruit de la volont\u00e9 d&rsquo;Atlanta Stretch d&rsquo;ajouter un mod\u00e8le haut de gamme \u00e0 sa s\u00e9rie de banderoleuses semi-automatiques \u00e0 table tournante.<\/p>\n<p>Les nouveaux bo\u00eetiers de la colonne et du moteur qui donnent \u00e0 ce nouveau mod\u00e8le l&rsquo;apparence d&rsquo;une machine design cachent en fait une colonne aux guides renforc\u00e9s.<\/p>\n<p>Les LED indiquent l\u2019\u00e9tat de la machine.<\/p>\n<p>La principale caract\u00e9ristique du Mytho S r\u00e9side dans le fait qu&rsquo;il s&rsquo;agit de la seule banderoleuse \u00e0 table tournante pouvant \u00eatre \u00e9quip\u00e9e du syst\u00e8me ARYA : une nouvelle technologie brevet\u00e9e qui rend effectivement le processus de banderolage enti\u00e8rement automatique.<\/p>\n<p>Mytho S marque donc une v\u00e9ritable innovation dans le panorama des banderoleuses semi-automatiques, car c&rsquo;est le seul robot de banderolage qui ne demande pas l&rsquo;intervention d&rsquo;un op\u00e9rateur pour accrocher le film \u00e0 la palette, sans l&rsquo;aide d&rsquo;air comprim\u00e9 ou d&rsquo;options m\u00e9caniques qui tendent \u00e0 s&rsquo;user.<\/p>\n<p>Pour d\u00e9couvrir le syst\u00e8me brevet\u00e9 ARYA, cliquez ici.<\/p>\n<p>Ce mod\u00e8le pr\u00e9sente toutes les caract\u00e9ristiques et les options de la s\u00e9rie Sfera : il est possible de choisir entre les chariots FM, FE, PRS et PS et ils peuvent \u00eatre remplac\u00e9s m\u00eame apr\u00e8s l&rsquo;achat si les besoins du client \u00e9voluent au fur et \u00e0 mesure que son activit\u00e9 cro\u00eet.<\/p>\n<p>Dot\u00e9 d&rsquo;un chariot de pr\u00e9-\u00e9tirage PS \u00e0 deux moteurs, Neos est en mesure de garantir le plus bas niveau de consommation de film et la meilleure fiabilit\u00e9 fonctionnelle sur le march\u00e9 des banderoleuses.<\/p>\n<p>Gr\u00e2ce \u00e0 son chariot PS et au syst\u00e8me ARYA Mytho est la bobineuse semi-automatique la plus pointue du march\u00e9.<\/p>\n","protected":false},"excerpt":{"rendered":"<ul>\n<li>Notre syst\u00e8me brevet\u00e9 arya ex\u00e9cute le cycle d&#8217;emballage de mani\u00e8re enti\u00e8rement automatique<\/li>\n<li>La combinaison du syst\u00e8me arya et des chariots de pr\u00e9-\u00e9tirage permet d&rsquo;\u00e9conomiser du temps et de l&rsquo;argent<\/li>\n<li>Ergonomie maximale pour l&rsquo;op\u00e9rateur<\/li>\n<li>L&rsquo;\u00e9cran convivial permet de cr\u00e9er des cycles de banderolage sur mesure<\/li>\n<\/ul>\n","protected":false},"featured_media":17000,"comment_status":"open","ping_status":"closed","template":"","meta":{"_acf_changed":false,"_et_pb_use_builder":"off","_et_pb_old_content":"<h2>REVOLUTION DOUBLE \u00e8 un brevetto di ATLANTA STRETCH<\/h2>\r\nCon tutti i vantaggi delle macchine REVOLUTION LS \/ HS standard questo modello \u00e8 equipaggiato con due carrelli di prestiro (PRS o PS) garantendo cos\u00ec una capacit\u00e0 di almeno il 25% superiore a quella di una macchina standard.\r\n\r\nI carrelli sono sulla stessa parte della colonna e permettono di usare un UNICO sistema di pinzatura-taglio e saldatura del film. Anche le operazioni dell\u2019addetto al cambio film sono semplificate e solo su un lato della linea. La sicurezza dell\u2019ambiente di lavoro \u00e8 totalmente garantita.","_et_gb_content_width":"","_crsspst_to_wwwglobustapecom":false},"tecnologia":[110],"product_cat":[93],"product_tag":[],"class_list":{"0":"post-7406","1":"product","2":"type-product","3":"status-publish","4":"has-post-thumbnail","6":"tecnologia-emballages-etirables-a-plateau-tournant","7":"product_cat-machine-demballage-etirable-semi-automatique","9":"first","10":"instock","11":"shipping-taxable","12":"product-type-simple"},"acf":[],"yoast_head":"<!-- This site is optimized with the Yoast SEO plugin v22.9 - https:\/\/yoast.com\/wordpress\/plugins\/seo\/ -->\n<title>Mytho S - Atlanta Stretch<\/title>\n<meta name=\"description\" content=\"- Mytho S - Atlanta Stretch %\" \/>\n<meta name=\"robots\" content=\"index, follow, max-snippet:-1, max-image-preview:large, max-video-preview:-1\" \/>\n<link rel=\"canonical\" href=\"https:\/\/www.atlantastretch.com\/fr\/product\/mytho-s\/\" \/>\n<meta property=\"og:locale\" content=\"fr_FR\" \/>\n<meta property=\"og:type\" content=\"article\" \/>\n<meta property=\"og:title\" content=\"Mytho S - Atlanta Stretch\" \/>\n<meta property=\"og:description\" content=\"- Mytho S - Atlanta Stretch %\" \/>\n<meta property=\"og:site_name\" content=\"Atlanta Stretch\" \/>\n<meta property=\"article:publisher\" content=\"https:\/\/www.facebook.com\/atlantastretchspa\" \/>\n<meta property=\"article:modified_time\" content=\"2026-03-20T16:00:03+00:00\" \/>\n<meta property=\"og:image\" content=\"https:\/\/www.atlantastretch.com\/wp-content\/uploads\/2024\/02\/1080X1080-MYTHO-AUTO-1.png\" \/>\n\t<meta property=\"og:image:width\" content=\"1080\" \/>\n\t<meta property=\"og:image:height\" content=\"1080\" \/>\n\t<meta property=\"og:image:type\" content=\"image\/png\" \/>\n<meta name=\"twitter:card\" content=\"summary_large_image\" \/>\n<script type=\"application\/ld+json\" class=\"yoast-schema-graph\">{\"@context\":\"https:\/\/schema.org\",\"@graph\":[{\"@type\":\"WebPage\",\"@id\":\"https:\/\/www.atlantastretch.com\/fr\/product\/mytho-s\/\",\"url\":\"https:\/\/www.atlantastretch.com\/fr\/product\/mytho-s\/\",\"name\":\"Mytho S - Atlanta Stretch\",\"isPartOf\":{\"@id\":\"https:\/\/www.atlantastretch.com\/fr\/#website\"},\"primaryImageOfPage\":{\"@id\":\"https:\/\/www.atlantastretch.com\/fr\/product\/mytho-s\/#primaryimage\"},\"image\":{\"@id\":\"https:\/\/www.atlantastretch.com\/fr\/product\/mytho-s\/#primaryimage\"},\"thumbnailUrl\":\"https:\/\/www.atlantastretch.com\/wp-content\/uploads\/2024\/02\/1080X1080-MYTHO-AUTO-1.png\",\"datePublished\":\"2024-02-27T08:07:34+00:00\",\"dateModified\":\"2026-03-20T16:00:03+00:00\",\"description\":\"- Mytho S - Atlanta Stretch %\",\"breadcrumb\":{\"@id\":\"https:\/\/www.atlantastretch.com\/fr\/product\/mytho-s\/#breadcrumb\"},\"inLanguage\":\"fr-FR\",\"potentialAction\":[{\"@type\":\"ReadAction\",\"target\":[\"https:\/\/www.atlantastretch.com\/fr\/product\/mytho-s\/\"]}]},{\"@type\":\"ImageObject\",\"inLanguage\":\"fr-FR\",\"@id\":\"https:\/\/www.atlantastretch.com\/fr\/product\/mytho-s\/#primaryimage\",\"url\":\"https:\/\/www.atlantastretch.com\/wp-content\/uploads\/2024\/02\/1080X1080-MYTHO-AUTO-1.png\",\"contentUrl\":\"https:\/\/www.atlantastretch.com\/wp-content\/uploads\/2024\/02\/1080X1080-MYTHO-AUTO-1.png\",\"width\":1080,\"height\":1080},{\"@type\":\"BreadcrumbList\",\"@id\":\"https:\/\/www.atlantastretch.com\/fr\/product\/mytho-s\/#breadcrumb\",\"itemListElement\":[{\"@type\":\"ListItem\",\"position\":1,\"name\":\"Home\",\"item\":\"https:\/\/www.atlantastretch.com\/fr\/\"},{\"@type\":\"ListItem\",\"position\":2,\"name\":\"Boutique\",\"item\":\"https:\/\/www.atlantastretch.com\/fr\/boutique\/\"},{\"@type\":\"ListItem\",\"position\":3,\"name\":\"Mytho S\"}]},{\"@type\":\"WebSite\",\"@id\":\"https:\/\/www.atlantastretch.com\/fr\/#website\",\"url\":\"https:\/\/www.atlantastretch.com\/fr\/\",\"name\":\"Atlanta Stretch\",\"description\":\"Macchine per imballaggio pallet con film\",\"publisher\":{\"@id\":\"https:\/\/www.atlantastretch.com\/fr\/#organization\"},\"alternateName\":\"Atlanta Stretch soluzioni per il finelinea\",\"potentialAction\":[{\"@type\":\"SearchAction\",\"target\":{\"@type\":\"EntryPoint\",\"urlTemplate\":\"https:\/\/www.atlantastretch.com\/fr\/?s={search_term_string}\"},\"query-input\":\"required name=search_term_string\"}],\"inLanguage\":\"fr-FR\"},{\"@type\":\"Organization\",\"@id\":\"https:\/\/www.atlantastretch.com\/fr\/#organization\",\"name\":\"Atlanta Stretch\",\"alternateName\":\"Atlanta Stretch soluzioni per il finelinea\",\"url\":\"https:\/\/www.atlantastretch.com\/fr\/\",\"logo\":{\"@type\":\"ImageObject\",\"inLanguage\":\"fr-FR\",\"@id\":\"https:\/\/www.atlantastretch.com\/fr\/#\/schema\/logo\/image\/\",\"url\":\"https:\/\/www.atlantastretch.com\/wp-content\/uploads\/2024\/01\/cropped-logotipo-rosso.png\",\"contentUrl\":\"https:\/\/www.atlantastretch.com\/wp-content\/uploads\/2024\/01\/cropped-logotipo-rosso.png\",\"width\":512,\"height\":512,\"caption\":\"Atlanta Stretch\"},\"image\":{\"@id\":\"https:\/\/www.atlantastretch.com\/fr\/#\/schema\/logo\/image\/\"},\"sameAs\":[\"https:\/\/www.facebook.com\/atlantastretchspa\",\"https:\/\/www.instagram.com\/atlantastretch_official\/\",\"https:\/\/www.linkedin.com\/company\/atlanta-stretch-spa\/\",\"https:\/\/www.youtube.com\/channel\/UCqNtlDqg_fw0AIH20Kfj04Q\"]}]}<\/script>\n<!-- \/ Yoast SEO plugin. -->","yoast_head_json":{"title":"Mytho S - Atlanta Stretch","description":"- Mytho S - Atlanta Stretch %","robots":{"index":"index","follow":"follow","max-snippet":"max-snippet:-1","max-image-preview":"max-image-preview:large","max-video-preview":"max-video-preview:-1"},"canonical":"https:\/\/www.atlantastretch.com\/fr\/product\/mytho-s\/","og_locale":"fr_FR","og_type":"article","og_title":"Mytho S - Atlanta Stretch","og_description":"- Mytho S - Atlanta Stretch %","og_site_name":"Atlanta Stretch","article_publisher":"https:\/\/www.facebook.com\/atlantastretchspa","article_modified_time":"2026-03-20T16:00:03+00:00","og_image":[{"width":1080,"height":1080,"url":"https:\/\/www.atlantastretch.com\/wp-content\/uploads\/2024\/02\/1080X1080-MYTHO-AUTO-1.png","type":"image\/png"}],"twitter_card":"summary_large_image","schema":{"@context":"https:\/\/schema.org","@graph":[{"@type":"WebPage","@id":"https:\/\/www.atlantastretch.com\/fr\/product\/mytho-s\/","url":"https:\/\/www.atlantastretch.com\/fr\/product\/mytho-s\/","name":"Mytho S - Atlanta Stretch","isPartOf":{"@id":"https:\/\/www.atlantastretch.com\/fr\/#website"},"primaryImageOfPage":{"@id":"https:\/\/www.atlantastretch.com\/fr\/product\/mytho-s\/#primaryimage"},"image":{"@id":"https:\/\/www.atlantastretch.com\/fr\/product\/mytho-s\/#primaryimage"},"thumbnailUrl":"https:\/\/www.atlantastretch.com\/wp-content\/uploads\/2024\/02\/1080X1080-MYTHO-AUTO-1.png","datePublished":"2024-02-27T08:07:34+00:00","dateModified":"2026-03-20T16:00:03+00:00","description":"- Mytho S - Atlanta Stretch %","breadcrumb":{"@id":"https:\/\/www.atlantastretch.com\/fr\/product\/mytho-s\/#breadcrumb"},"inLanguage":"fr-FR","potentialAction":[{"@type":"ReadAction","target":["https:\/\/www.atlantastretch.com\/fr\/product\/mytho-s\/"]}]},{"@type":"ImageObject","inLanguage":"fr-FR","@id":"https:\/\/www.atlantastretch.com\/fr\/product\/mytho-s\/#primaryimage","url":"https:\/\/www.atlantastretch.com\/wp-content\/uploads\/2024\/02\/1080X1080-MYTHO-AUTO-1.png","contentUrl":"https:\/\/www.atlantastretch.com\/wp-content\/uploads\/2024\/02\/1080X1080-MYTHO-AUTO-1.png","width":1080,"height":1080},{"@type":"BreadcrumbList","@id":"https:\/\/www.atlantastretch.com\/fr\/product\/mytho-s\/#breadcrumb","itemListElement":[{"@type":"ListItem","position":1,"name":"Home","item":"https:\/\/www.atlantastretch.com\/fr\/"},{"@type":"ListItem","position":2,"name":"Boutique","item":"https:\/\/www.atlantastretch.com\/fr\/boutique\/"},{"@type":"ListItem","position":3,"name":"Mytho S"}]},{"@type":"WebSite","@id":"https:\/\/www.atlantastretch.com\/fr\/#website","url":"https:\/\/www.atlantastretch.com\/fr\/","name":"Atlanta Stretch","description":"Macchine per imballaggio pallet con film","publisher":{"@id":"https:\/\/www.atlantastretch.com\/fr\/#organization"},"alternateName":"Atlanta Stretch soluzioni per il finelinea","potentialAction":[{"@type":"SearchAction","target":{"@type":"EntryPoint","urlTemplate":"https:\/\/www.atlantastretch.com\/fr\/?s={search_term_string}"},"query-input":"required name=search_term_string"}],"inLanguage":"fr-FR"},{"@type":"Organization","@id":"https:\/\/www.atlantastretch.com\/fr\/#organization","name":"Atlanta Stretch","alternateName":"Atlanta Stretch soluzioni per il finelinea","url":"https:\/\/www.atlantastretch.com\/fr\/","logo":{"@type":"ImageObject","inLanguage":"fr-FR","@id":"https:\/\/www.atlantastretch.com\/fr\/#\/schema\/logo\/image\/","url":"https:\/\/www.atlantastretch.com\/wp-content\/uploads\/2024\/01\/cropped-logotipo-rosso.png","contentUrl":"https:\/\/www.atlantastretch.com\/wp-content\/uploads\/2024\/01\/cropped-logotipo-rosso.png","width":512,"height":512,"caption":"Atlanta Stretch"},"image":{"@id":"https:\/\/www.atlantastretch.com\/fr\/#\/schema\/logo\/image\/"},"sameAs":["https:\/\/www.facebook.com\/atlantastretchspa","https:\/\/www.instagram.com\/atlantastretch_official\/","https:\/\/www.linkedin.com\/company\/atlanta-stretch-spa\/","https:\/\/www.youtube.com\/channel\/UCqNtlDqg_fw0AIH20Kfj04Q"]}]}},"_links":{"self":[{"href":"https:\/\/www.atlantastretch.com\/fr\/wp-json\/wp\/v2\/product\/7406","targetHints":{"allow":["GET"]}}],"collection":[{"href":"https:\/\/www.atlantastretch.com\/fr\/wp-json\/wp\/v2\/product"}],"about":[{"href":"https:\/\/www.atlantastretch.com\/fr\/wp-json\/wp\/v2\/types\/product"}],"replies":[{"embeddable":true,"href":"https:\/\/www.atlantastretch.com\/fr\/wp-json\/wp\/v2\/comments?post=7406"}],"wp:featuredmedia":[{"embeddable":true,"href":"https:\/\/www.atlantastretch.com\/fr\/wp-json\/wp\/v2\/media\/17000"}],"wp:attachment":[{"href":"https:\/\/www.atlantastretch.com\/fr\/wp-json\/wp\/v2\/media?parent=7406"}],"wp:term":[{"taxonomy":"tecnologia","embeddable":true,"href":"https:\/\/www.atlantastretch.com\/fr\/wp-json\/wp\/v2\/tecnologia?post=7406"},{"taxonomy":"product_cat","embeddable":true,"href":"https:\/\/www.atlantastretch.com\/fr\/wp-json\/wp\/v2\/product_cat?post=7406"},{"taxonomy":"product_tag","embeddable":true,"href":"https:\/\/www.atlantastretch.com\/fr\/wp-json\/wp\/v2\/product_tag?post=7406"}],"curies":[{"name":"wp","href":"https:\/\/api.w.org\/{rel}","templated":true}]}}