{"id":3,"date":"2023-11-14T14:44:08","date_gmt":"2023-11-14T14:44:08","guid":{"rendered":"https:\/\/atlantastretch.com\/?page_id=3"},"modified":"2024-06-19T12:18:33","modified_gmt":"2024-06-19T10:18:33","slug":"privacy-policy","status":"publish","type":"page","link":"https:\/\/www.atlantastretch.com\/it\/privacy-policy\/","title":{"rendered":"Privacy Policy"},"content":{"rendered":"<div class=\"company-header pb_before\">\n<h2>Sono sotto riportate le informative per gli interessati ai trattamenti di dati personali.<\/h2>\n<h2>Per accedere ai documenti cliccare sul relativo link.<\/h2>\n<p>&nbsp;<\/p>\n<\/div>\n<ul>\n<li><a href=\"https:\/\/www.privacylab.it\/archive.php?id=2102231&amp;idDoc=51&amp;idTarget=408037&amp;output=html\" target=\"_blank\" rel=\"noopener\">NAVIGATORI SITO INTERNET<\/a><\/li>\n<\/ul>\n<ul>\n<li><a href=\"https:\/\/www.privacylab.it\/archive.php?id=2102236&amp;idDoc=51&amp;idTarget=408033&amp;output=html\" target=\"_blank\" rel=\"noopener\">POTENZIALI CLIENTI<\/a><\/li>\n<\/ul>\n<ul>\n<li><a href=\"https:\/\/www.privacylab.it\/archive.php?id=2102223&amp;idDoc=51&amp;idTarget=408029&amp;output=html\" target=\"_blank\" rel=\"noopener\">CLIENTI<\/a><\/li>\n<\/ul>\n<ul>\n<li><a href=\"https:\/\/www.privacylab.it\/archive.php?id=2102240&amp;idDoc=51&amp;idTarget=408041&amp;output=html\" target=\"_blank\" rel=\"noopener\">VISITATORI<\/a><\/li>\n<\/ul>\n<ul>\n<li><a href=\"https:\/\/www.privacylab.it\/informativa.php?14660453829.\">ISCRITTI ALLA NEWSLETTER<\/a><\/li>\n<\/ul>\n<ul>\n<li><a href=\"https:\/\/www.privacylab.it\/archive.php?id=2102221&amp;idDoc=51&amp;idTarget=408034&amp;output=html\" target=\"_blank\" rel=\"noopener\">CANDIDATI DA CONSIDERARSI PER L&#8217;INSTAURAZIONE DI UN RAPPORTO DI LAVORO<\/a><\/li>\n<\/ul>\n<ul>\n<li><a href=\"https:\/\/www.privacylab.it\/archive.php?id=2102228&amp;idDoc=51&amp;idTarget=408212&amp;output=html\" target=\"_blank\" rel=\"noopener\">INTERESSATI ALLE COMUNICAZIONI INTERAZIENDALI E INTRAZIENDALI<\/a><\/li>\n<\/ul>\n<ul>\n<li><a href=\"https:\/\/www.privacylab.it\/archive.php?id=2102233&amp;idDoc=51&amp;idTarget=408077&amp;output=html\" target=\"_blank\" rel=\"noopener\">PARTECIPANTI AGLI EVENTI AZIENDALI<\/a><\/li>\n<\/ul>\n<ul>\n<li><a href=\"https:\/\/www.privacylab.it\/archive.php?id=2102239&amp;idDoc=51&amp;idTarget=408042&amp;output=html\" target=\"_blank\" rel=\"noopener\">TECNICO MANUTENTORE IN TRASFERTA<\/a><\/li>\n<\/ul>\n<h2>UTILIZZO DEI COOKIE<\/h2>\n<p>Nel nostro sito web sono utilizzati dei cookie. I cookie sono piccoli file di testo inviati al browser dell\u2019utente, dove vengono memorizzati per essere poi ritrasmessi agli stessi siti alla successiva visita del medesimo utente. Nel corso della navigazione su un sito, l\u2019utente pu\u00f2 ricevere sul suo terminale anche cookie di siti o di web server diversi (c.d. cookie di \u201cterze parti\u201d); ci\u00f2 accade perch\u00e8 sul sito web visitato possono essere presenti elementi come, ad esempio, immagini, mappe, suoni, specifici link a pagine web di altri domini che risiedono su server diversi da quello sul quale si trova la pagina richiesta.<\/p>\n<p>Con la presente, il Titolare del trattamento dei dati la informa che nel proprio sito web sono presenti cookie di tre tipologie:<\/p>\n<ul>\n<li>cookie di sessione;<\/li>\n<li>cookie persistenti di terze parti<\/li>\n<li>cookie di profilazione<\/li>\n<\/ul>\n<h3>Cookie di tecnici e di sessione<\/h3>\n<p>L\u2019uso di c.d. cookies di sessione (che non vengono memorizzati in modo persistente sul computer dell\u2019utente e svaniscono con la chiusura del browser) \u00e8 strettamente limitato alla trasmissione di identificativi di sessione (costituiti da numeri casuali generati dal server) necessari per consentire l\u2019esplorazione sicura ed efficiente del sito.<\/p>\n<div class=\"_header\">\n<div class=\"name-wrap\">\n<ul class=\"services\">\n<li style=\"list-style-type: none;\">\n<ul class=\"services\">\n<li class=\"service\" data-service-id=\"hiCookie\">\n<div class=\"_header\">\n<div class=\"name-wrap\">\n<div class=\"_name\">Hi Cookie<\/div>\n<\/div>\n<div class=\"description-wrap\">\n<div class=\"_description\">Cookies necessari per il funzionamento della soluzione adottata da questo sito per essere in regola con la normativa GDPR<\/div>\n<\/div>\n<\/div>\n<table class=\"cookies\">\n<tbody>\n<tr>\n<td class=\"_label\">hicookie-*<\/td>\n<td class=\"_description\">Memorizza lo stato del consenso ai cookie dell&#8217;utente per il dominio corrente<\/td>\n<td class=\"_expiry\">6 mesi<\/td>\n<\/tr>\n<\/tbody>\n<\/table>\n<\/li>\n<li class=\"service\" data-service-id=\"PHP\">\n<div class=\"_header\">\n<div class=\"name-wrap\">\n<div class=\"_name\">PHP<\/div>\n<\/div>\n<div class=\"description-wrap\">\n<div class=\"_description\">Cookies necessari per il funzionamento del linguaggio PHP<\/div>\n<\/div>\n<\/div>\n<table class=\"cookies\">\n<tbody>\n<tr>\n<td class=\"_label\">PHPSESSID<\/td>\n<td class=\"_description\">Il cookie PHPSESSID \u00e8 un cookie nativo di PHP e consente ai siti Web di memorizzare dati sullo stato della sessione. Nel sito Web viene utilizzato per stabilire una sessione utente e per comunicare i dati sullo stato attraverso un cookie temporaneo, comunemente denominato cookie di sessione.<\/td>\n<td class=\"_expiry\">Sessione<\/td>\n<\/tr>\n<\/tbody>\n<\/table>\n<\/li>\n<li class=\"service\" data-service-id=\"Qtranslate\">\n<div class=\"_header\">\n<div class=\"name-wrap\">\n<div class=\"_name\">WPML<\/div>\n<\/div>\n<div class=\"description-wrap\">\n<div class=\"_description\">Gestione delle lingua del sito<\/div>\n<\/div>\n<\/div>\n<table class=\"cookies\">\n<tbody>\n<tr>\n<td class=\"_label\">wp-wpml_current_language<\/td>\n<td class=\"_description\">Wuesto cookie memorizza la lingua in uso dall&#8217;utente<\/td>\n<td class=\"_expiry\">\u00a0Sessione<\/td>\n<\/tr>\n<\/tbody>\n<\/table>\n<\/li>\n<li class=\"service\" data-service-id=\"wordpress\">\n<div class=\"_header\">\n<div class=\"name-wrap\">\n<div class=\"_name\">WordPress<\/div>\n<\/div>\n<div class=\"description-wrap\">\n<div class=\"_description\">Cookies necessari per il funzionamento di WordPress (es. login)<\/div>\n<\/div>\n<\/div>\n<table class=\"cookies\">\n<tbody>\n<tr>\n<td class=\"_label\">wordpress_*<\/td>\n<td class=\"_description\">Cookies necessari per il funzionamento di WordPress.<\/td>\n<td class=\"_expiry\">Sessione<\/td>\n<\/tr>\n<\/tbody>\n<\/table>\n<\/li>\n<li class=\"service\" data-service-id=\"wordpress\">\n<div class=\"_header\">\n<div class=\"name-wrap\">\n<div class=\"_name\">Google recaptcha<\/div>\n<\/div>\n<div class=\"description-wrap\">\n<div class=\"_description\">Questo cookie \u00e8 impostato da Google. La funzionalit\u00e0 \u00e8 quella di fornire protezione antispam.<\/div>\n<\/div>\n<\/div>\n<table class=\"cookies\">\n<tbody>\n<tr>\n<td class=\"_label\">_GRECAPTCHA<\/td>\n<td class=\"_description\">eCapthca imposta un cookie necessario, allo scopo di fornire la sua analisi dei rischi.<\/td>\n<td class=\"_expiry\">\u00a0Sei mesi<\/td>\n<\/tr>\n<\/tbody>\n<\/table>\n<\/li>\n<\/ul>\n<\/li>\n<\/ul>\n<\/div>\n<\/div>\n<h3>Cookie di terze parti<\/h3>\n<p>Cookie di Google Analytics. Il nostro sito web utilizza Google Analytics esclusivamente per scopi statistici. I cookie in questione raccolgono informazioni in forma aggregata al fine di monitorare e analizzare gli accessi a tutte le aree del sito. Le informazioni generate dal cookie sull\u2019utilizzo del sito web vengono comunicate a Google Inc. al cui sito web https:\/\/tools.google.com\/dlpage\/gaoptout espressamente si rimanda per maggiori dettagli e per disabilitare il loro salvataggio sul terminale dell\u2019utente giacch\u00e8 il loro utilizzo ai fini della navigazione sul nostro sito \u00e8 assolutamente facoltativo.<br \/>\nI dati personali eventualmente contenuti nei cookie presenti sul nostro sito non vengono diffusi e sono trattati con strumenti automatizzati per il tempo strettamente necessario a conseguire gli scopi per cui sono stati raccolti. Specifiche misure di sicurezza sono applicate per prevenire la perdita dei dati, usi illeciti o non corretti ed accessi non autorizzati o non conformi alle finalit\u00e0 della raccolta.<\/p>\n<div class=\"_header\">\n<div class=\"name-wrap\">\n<div class=\"_name\">Google Analyitics<\/div>\n<\/div>\n<div class=\"description-wrap\">\n<div class=\"_description\">\n<table class=\"cookies\">\n<tbody>\n<tr>\n<td class=\"_label\">_ga<\/td>\n<td class=\"_description\">Questo cookie \u00e8 installato da Google Analytics. Il cookie viene utilizzato per calcolare i dati di visitatori, sessioni, campagne e tenere traccia dell\u2019utilizzo del sito per il report di analisi del sito. I cookie memorizzano le informazioni in modo anonimo e assegnano un numero generato casualmente per identificare i visitatori unici.<\/td>\n<td class=\"_expiry\">400 giorni<\/td>\n<\/tr>\n<tr>\n<td class=\"_label\">_ga_96TXNP4B5L<\/td>\n<td class=\"_description\">Cookie installato da Google analytics, utilizzato per identificare i visitatori unici.<\/td>\n<td class=\"_expiry\">400 giorni<\/td>\n<\/tr>\n<\/tbody>\n<\/table>\n<\/div>\n<\/div>\n<\/div>\n<h3>Cookie di profilazione<\/h3>\n<p>Noi e i nostri fornitori di servizi potremmo usare Cookie di profilazione per pubblicare pubblicit\u00e0 che pensiamo possa interessanti. Possiamo condividere queste informazioni con altri soggetti, ad esempio, gli inserzionisti pubblicitari. Per maggiori informazioni in merito a questa tipologia di cookie e su come tu possa disabilitarli, puoi visitare i seguenti siti: http:\/\/www.youronlinechoices.com\/uk\/your-ad-choices e http:\/\/www.allaboutcookies.org\/manage-cookies\/index.html.<\/p>\n<ul class=\"services\">\n<li class=\"service\" data-service-id=\"youtube\">\n<div class=\"_header\">\n<div class=\"name-wrap\">\n<div class=\"_name\">Youtube<\/div>\n<\/div>\n<div class=\"description-wrap\">\n<div class=\"_description\">Cookies necessari per la profilazione sui canali Youtube<\/div>\n<\/div>\n<\/div>\n<table class=\"cookies\">\n<tbody>\n<tr>\n<td class=\"_label\">YSC<\/td>\n<td class=\"_description\">Questo cookie \u00e8 impostato da Youtube e viene utilizzato per tenere traccia delle visualizzazioni dei video incorporati.<\/td>\n<td class=\"_expiry\">Sessione<\/td>\n<\/tr>\n<tr>\n<td class=\"_label\">CONSENT<\/td>\n<td class=\"_description\">Questi cookie vengono impostati tramite video di YouTube incorporati. Registrano dati statistici anonimi su ad esempio quante volte viene visualizzato il video e quali impostazioni vengono utilizzate per la riproduzione. Nessun dato sensibile viene raccolto a meno che non accedi al tuo account google, in tal caso le tue scelte sono legate al tuo account, ad esempio se fai clic su &#8220;mi piace&#8221; su un video.<\/td>\n<td class=\"_expiry\">20 anni<\/td>\n<\/tr>\n<tr>\n<td class=\"_label\">VISITOR_INFO1_LIVE<\/td>\n<td class=\"_description\">Cerca di stimare la larghezza di banda degli utenti su pagine con video YouTube integrati.<\/td>\n<td class=\"_expiry\">179 giorni<\/td>\n<\/tr>\n<\/tbody>\n<\/table>\n<\/li>\n<li class=\"service\" data-service-id=\"doubleclick\">\n<div class=\"_header\">\n<div class=\"name-wrap\">\n<div class=\"_name\">IDE &#8211; doubleclick.net<\/div>\n<\/div>\n<div class=\"description-wrap\">\n<div class=\"_description\"><\/div>\n<\/div>\n<\/div>\n<table class=\"cookies\">\n<tbody>\n<tr>\n<td class=\"_label\">IDE<\/td>\n<td class=\"_description\">Questo cookie viene utilizzato per il targeting, l&#8217;analisi e l&#8217;ottimizzazione delle campagne pubblicitarie in DoubleClick\/Google Marketing Suite<\/td>\n<td class=\"_expiry\">2 anni<\/td>\n<\/tr>\n<\/tbody>\n<\/table>\n<\/li>\n<\/ul>\n<h3>Come gestire i cookie<\/h3>\n<p>Alla prima apertura del sito compare un banner dove \u00e8 possibile impostare le proprie preferenze sui cookie.<br \/>\nSuccessivamente potrete modificare le vostre preferenze sull\u2019uso dei cookie utilizzando il bottone \u201cRivedi il consenso ai cookie\u201d presente in tutte le pagine del sito internet.<\/p>\n<p>Puoi inoltre rifiutare di accettare i cookie da questo Sito in ogni momento semplicemente selezionando, sul tuo browser, le impostazioni che consentono di rifiutarli. Ulteriori informazioni in merito alle procedure da seguire per disabilitare i cookie possono essere trovate sul sito internet del fornitore del tuo browser o attraverso gli strumenti di \u201chelp\u201d disponibili nella guida del browser. Puoi fare riferimento a questa pagina http:\/\/www.allaboutcookies.org\/managecookies\/index.html per informazioni sui browser pi\u00f9 comunemente utilizzati. Ricordati che, se disabiliti i cookie, non tutte le funzioni del Sito potrebbero essere disponibili.<\/p>\n<p>&nbsp;<\/p>\n","protected":false},"excerpt":{"rendered":"<p>Sono sotto riportate le informative per gli interessati ai trattamenti di dati personali. Per accedere ai documenti cliccare sul relativo link. &nbsp; NAVIGATORI SITO INTERNET POTENZIALI CLIENTI CLIENTI VISITATORI ISCRITTI ALLA NEWSLETTER CANDIDATI DA CONSIDERARSI PER L&#8217;INSTAURAZIONE DI UN RAPPORTO DI LAVORO INTERESSATI ALLE COMUNICAZIONI INTERAZIENDALI E INTRAZIENDALI PARTECIPANTI AGLI EVENTI AZIENDALI TECNICO MANUTENTORE IN [&hellip;]<\/p>\n","protected":false},"author":514,"featured_media":0,"parent":0,"menu_order":0,"comment_status":"closed","ping_status":"open","template":"","meta":{"_acf_changed":false,"_et_pb_use_builder":"","_et_pb_old_content":"","_et_gb_content_width":"","_crsspst_to_wwwglobustapecom":false,"footnotes":""},"class_list":["post-3","page","type-page","status-publish","hentry"],"acf":[],"yoast_head":"<!-- This site is optimized with the Yoast SEO plugin v22.9 - https:\/\/yoast.com\/wordpress\/plugins\/seo\/ -->\n<title>Privacy Policy - Atlanta Stretch<\/title>\n<meta name=\"description\" content=\"- Privacy Policy - Atlanta Stretch\" \/>\n<meta name=\"robots\" content=\"index, follow, max-snippet:-1, max-image-preview:large, max-video-preview:-1\" \/>\n<link rel=\"canonical\" href=\"https:\/\/www.atlantastretch.com\/it\/privacy-policy\/\" \/>\n<meta property=\"og:locale\" content=\"it_IT\" \/>\n<meta property=\"og:type\" content=\"article\" \/>\n<meta property=\"og:title\" content=\"Privacy Policy - Atlanta Stretch\" \/>\n<meta property=\"og:description\" content=\"- Privacy Policy - Atlanta Stretch\" \/>\n<meta property=\"og:site_name\" content=\"Atlanta Stretch\" \/>\n<meta property=\"article:publisher\" content=\"https:\/\/www.facebook.com\/atlantastretchspa\" \/>\n<meta property=\"article:modified_time\" content=\"2024-06-19T10:18:33+00:00\" \/>\n<meta property=\"og:image\" content=\"https:\/\/www.atlantastretch.com\/wp-content\/uploads\/2024\/02\/DSC00073-scaled.jpg\" \/>\n\t<meta property=\"og:image:width\" content=\"2560\" \/>\n\t<meta property=\"og:image:height\" content=\"1440\" \/>\n\t<meta property=\"og:image:type\" content=\"image\/jpeg\" \/>\n<meta name=\"twitter:card\" content=\"summary_large_image\" \/>\n<script type=\"application\/ld+json\" class=\"yoast-schema-graph\">{\"@context\":\"https:\/\/schema.org\",\"@graph\":[{\"@type\":\"WebPage\",\"@id\":\"https:\/\/www.atlantastretch.com\/it\/privacy-policy\/\",\"url\":\"https:\/\/www.atlantastretch.com\/it\/privacy-policy\/\",\"name\":\"Privacy Policy - Atlanta Stretch\",\"isPartOf\":{\"@id\":\"https:\/\/www.atlantastretch.com\/it\/#website\"},\"datePublished\":\"2023-11-14T14:44:08+00:00\",\"dateModified\":\"2024-06-19T10:18:33+00:00\",\"description\":\"- Privacy Policy - Atlanta Stretch\",\"breadcrumb\":{\"@id\":\"https:\/\/www.atlantastretch.com\/it\/privacy-policy\/#breadcrumb\"},\"inLanguage\":\"it-IT\",\"potentialAction\":[{\"@type\":\"ReadAction\",\"target\":[\"https:\/\/www.atlantastretch.com\/it\/privacy-policy\/\"]}]},{\"@type\":\"BreadcrumbList\",\"@id\":\"https:\/\/www.atlantastretch.com\/it\/privacy-policy\/#breadcrumb\",\"itemListElement\":[{\"@type\":\"ListItem\",\"position\":1,\"name\":\"Home\",\"item\":\"https:\/\/www.atlantastretch.com\/it\/\"},{\"@type\":\"ListItem\",\"position\":2,\"name\":\"Privacy Policy\"}]},{\"@type\":\"WebSite\",\"@id\":\"https:\/\/www.atlantastretch.com\/it\/#website\",\"url\":\"https:\/\/www.atlantastretch.com\/it\/\",\"name\":\"Atlanta Stretch\",\"description\":\"Macchine per imballaggio pallet con film\",\"publisher\":{\"@id\":\"https:\/\/www.atlantastretch.com\/it\/#organization\"},\"alternateName\":\"Atlanta Stretch soluzioni per il finelinea\",\"potentialAction\":[{\"@type\":\"SearchAction\",\"target\":{\"@type\":\"EntryPoint\",\"urlTemplate\":\"https:\/\/www.atlantastretch.com\/it\/?s={search_term_string}\"},\"query-input\":\"required name=search_term_string\"}],\"inLanguage\":\"it-IT\"},{\"@type\":\"Organization\",\"@id\":\"https:\/\/www.atlantastretch.com\/it\/#organization\",\"name\":\"Atlanta Stretch\",\"alternateName\":\"Atlanta Stretch soluzioni per il finelinea\",\"url\":\"https:\/\/www.atlantastretch.com\/it\/\",\"logo\":{\"@type\":\"ImageObject\",\"inLanguage\":\"it-IT\",\"@id\":\"https:\/\/www.atlantastretch.com\/it\/#\/schema\/logo\/image\/\",\"url\":\"https:\/\/www.atlantastretch.com\/wp-content\/uploads\/2024\/01\/cropped-logotipo-rosso.png\",\"contentUrl\":\"https:\/\/www.atlantastretch.com\/wp-content\/uploads\/2024\/01\/cropped-logotipo-rosso.png\",\"width\":512,\"height\":512,\"caption\":\"Atlanta Stretch\"},\"image\":{\"@id\":\"https:\/\/www.atlantastretch.com\/it\/#\/schema\/logo\/image\/\"},\"sameAs\":[\"https:\/\/www.facebook.com\/atlantastretchspa\",\"https:\/\/www.instagram.com\/atlantastretch_official\/\",\"https:\/\/www.linkedin.com\/company\/atlanta-stretch-spa\/\",\"https:\/\/www.youtube.com\/channel\/UCqNtlDqg_fw0AIH20Kfj04Q\"]}]}<\/script>\n<!-- \/ Yoast SEO plugin. -->","yoast_head_json":{"title":"Privacy Policy - Atlanta Stretch","description":"- Privacy Policy - Atlanta Stretch","robots":{"index":"index","follow":"follow","max-snippet":"max-snippet:-1","max-image-preview":"max-image-preview:large","max-video-preview":"max-video-preview:-1"},"canonical":"https:\/\/www.atlantastretch.com\/it\/privacy-policy\/","og_locale":"it_IT","og_type":"article","og_title":"Privacy Policy - Atlanta Stretch","og_description":"- Privacy Policy - Atlanta Stretch","og_site_name":"Atlanta Stretch","article_publisher":"https:\/\/www.facebook.com\/atlantastretchspa","article_modified_time":"2024-06-19T10:18:33+00:00","og_image":[{"width":2560,"height":1440,"url":"https:\/\/www.atlantastretch.com\/wp-content\/uploads\/2024\/02\/DSC00073-scaled.jpg","type":"image\/jpeg"}],"twitter_card":"summary_large_image","schema":{"@context":"https:\/\/schema.org","@graph":[{"@type":"WebPage","@id":"https:\/\/www.atlantastretch.com\/it\/privacy-policy\/","url":"https:\/\/www.atlantastretch.com\/it\/privacy-policy\/","name":"Privacy Policy - Atlanta Stretch","isPartOf":{"@id":"https:\/\/www.atlantastretch.com\/it\/#website"},"datePublished":"2023-11-14T14:44:08+00:00","dateModified":"2024-06-19T10:18:33+00:00","description":"- Privacy Policy - Atlanta Stretch","breadcrumb":{"@id":"https:\/\/www.atlantastretch.com\/it\/privacy-policy\/#breadcrumb"},"inLanguage":"it-IT","potentialAction":[{"@type":"ReadAction","target":["https:\/\/www.atlantastretch.com\/it\/privacy-policy\/"]}]},{"@type":"BreadcrumbList","@id":"https:\/\/www.atlantastretch.com\/it\/privacy-policy\/#breadcrumb","itemListElement":[{"@type":"ListItem","position":1,"name":"Home","item":"https:\/\/www.atlantastretch.com\/it\/"},{"@type":"ListItem","position":2,"name":"Privacy Policy"}]},{"@type":"WebSite","@id":"https:\/\/www.atlantastretch.com\/it\/#website","url":"https:\/\/www.atlantastretch.com\/it\/","name":"Atlanta Stretch","description":"Macchine per imballaggio pallet con film","publisher":{"@id":"https:\/\/www.atlantastretch.com\/it\/#organization"},"alternateName":"Atlanta Stretch soluzioni per il finelinea","potentialAction":[{"@type":"SearchAction","target":{"@type":"EntryPoint","urlTemplate":"https:\/\/www.atlantastretch.com\/it\/?s={search_term_string}"},"query-input":"required name=search_term_string"}],"inLanguage":"it-IT"},{"@type":"Organization","@id":"https:\/\/www.atlantastretch.com\/it\/#organization","name":"Atlanta Stretch","alternateName":"Atlanta Stretch soluzioni per il finelinea","url":"https:\/\/www.atlantastretch.com\/it\/","logo":{"@type":"ImageObject","inLanguage":"it-IT","@id":"https:\/\/www.atlantastretch.com\/it\/#\/schema\/logo\/image\/","url":"https:\/\/www.atlantastretch.com\/wp-content\/uploads\/2024\/01\/cropped-logotipo-rosso.png","contentUrl":"https:\/\/www.atlantastretch.com\/wp-content\/uploads\/2024\/01\/cropped-logotipo-rosso.png","width":512,"height":512,"caption":"Atlanta Stretch"},"image":{"@id":"https:\/\/www.atlantastretch.com\/it\/#\/schema\/logo\/image\/"},"sameAs":["https:\/\/www.facebook.com\/atlantastretchspa","https:\/\/www.instagram.com\/atlantastretch_official\/","https:\/\/www.linkedin.com\/company\/atlanta-stretch-spa\/","https:\/\/www.youtube.com\/channel\/UCqNtlDqg_fw0AIH20Kfj04Q"]}]}},"_links":{"self":[{"href":"https:\/\/www.atlantastretch.com\/it\/wp-json\/wp\/v2\/pages\/3","targetHints":{"allow":["GET"]}}],"collection":[{"href":"https:\/\/www.atlantastretch.com\/it\/wp-json\/wp\/v2\/pages"}],"about":[{"href":"https:\/\/www.atlantastretch.com\/it\/wp-json\/wp\/v2\/types\/page"}],"author":[{"embeddable":true,"href":"https:\/\/www.atlantastretch.com\/it\/wp-json\/wp\/v2\/users\/514"}],"replies":[{"embeddable":true,"href":"https:\/\/www.atlantastretch.com\/it\/wp-json\/wp\/v2\/comments?post=3"}],"version-history":[{"count":4,"href":"https:\/\/www.atlantastretch.com\/it\/wp-json\/wp\/v2\/pages\/3\/revisions"}],"predecessor-version":[{"id":13837,"href":"https:\/\/www.atlantastretch.com\/it\/wp-json\/wp\/v2\/pages\/3\/revisions\/13837"}],"wp:attachment":[{"href":"https:\/\/www.atlantastretch.com\/it\/wp-json\/wp\/v2\/media?parent=3"}],"curies":[{"name":"wp","href":"https:\/\/api.w.org\/{rel}","templated":true}]}}