{"id":16077,"date":"2024-07-19T12:13:02","date_gmt":"2024-07-19T10:13:02","guid":{"rendered":"https:\/\/www.atlantastretch.com\/product\/top-inside-revolution\/"},"modified":"2024-07-29T10:10:22","modified_gmt":"2024-07-29T08:10:22","slug":"top-inside-revolution","status":"publish","type":"product","link":"https:\/\/www.atlantastretch.com\/it\/prodotto\/top-inside-revolution\/","title":{"rendered":"TOP INSIDE REVOLUTION"},"content":{"rendered":"<p>Il <strong>sistema di applicazione del foglio di copertura<\/strong> \u00e8 integrato nella struttura della macchina.<\/p>\n<p>Questo consente un notevole <strong>risparmio di spazio<\/strong> e la possibilit\u00e0 di installare questo optional anche in ambienti di lavoro in cui lo spazio \u00e8 limitato.<\/p>\n<p>Inoltre il sistema di copertura integrato consente una <strong>rapida e facile installazione<\/strong> del macchinario.<\/p>\n<p>Grazie a questo sistema si possono eseguire <strong>cicli anti polvere, cicli ermetici e anti acqua<\/strong>.<\/p>\n<p>Sul modello Revolution il sistema di copertura integrato \u00e8 disponibile anche per il modello a doppia bobina <a href=\"https:\/\/www.atlantastretch.com\/it\/prodotto\/revolution-double\/\" target=\"_blank\" rel=\"noopener\">Revolution double<\/a><\/p>\n<p>&nbsp;<\/p>\n","protected":false},"excerpt":{"rendered":"<p>Il sistema di applicazione del foglio di copertura \u00e8 integrato nella struttura della macchina. Questo consente un notevole risparmio di spazio e la possibilit\u00e0 di installare questo optional anche in ambienti di lavoro in cui lo spazio \u00e8 limitato. Inoltre il sistema di copertura integrato consente una rapida e facile installazione del macchinario. Grazie a [&hellip;]<\/p>\n","protected":false},"featured_media":13180,"comment_status":"open","ping_status":"closed","template":"","meta":{"_acf_changed":false,"_et_pb_use_builder":"","_et_pb_old_content":"","_et_gb_content_width":"","_crsspst_to_wwwglobustapecom":false},"tecnologia":[],"product_cat":[57],"product_tag":[],"class_list":{"0":"post-16077","1":"product","2":"type-product","3":"status-publish","4":"has-post-thumbnail","6":"product_cat-optional","8":"first","9":"instock","10":"shipping-taxable","11":"product-type-simple"},"acf":[],"yoast_head":"<!-- This site is optimized with the Yoast SEO plugin v22.9 - https:\/\/yoast.com\/wordpress\/plugins\/seo\/ -->\n<title>TOP INSIDE REVOLUTION - Atlanta Stretch<\/title>\n<meta name=\"description\" content=\"- TOP INSIDE REVOLUTION - Atlanta Stretch %\" \/>\n<meta name=\"robots\" content=\"index, follow, max-snippet:-1, max-image-preview:large, max-video-preview:-1\" \/>\n<link rel=\"canonical\" href=\"https:\/\/www.atlantastretch.com\/it\/prodotto\/top-inside-revolution\/\" \/>\n<meta property=\"og:locale\" content=\"it_IT\" \/>\n<meta property=\"og:type\" content=\"article\" \/>\n<meta property=\"og:title\" content=\"TOP INSIDE REVOLUTION - Atlanta Stretch\" \/>\n<meta property=\"og:description\" content=\"- TOP INSIDE REVOLUTION - Atlanta Stretch %\" \/>\n<meta property=\"og:site_name\" content=\"Atlanta Stretch\" \/>\n<meta property=\"article:publisher\" content=\"https:\/\/www.facebook.com\/atlantastretchspa\" \/>\n<meta property=\"article:modified_time\" content=\"2024-07-29T08:10:22+00:00\" \/>\n<meta property=\"og:image\" content=\"https:\/\/www.atlantastretch.com\/wp-content\/uploads\/2024\/02\/TOP-COVER.png\" \/>\n\t<meta property=\"og:image:width\" content=\"1080\" \/>\n\t<meta property=\"og:image:height\" content=\"1080\" \/>\n\t<meta property=\"og:image:type\" content=\"image\/png\" \/>\n<meta name=\"twitter:card\" content=\"summary_large_image\" \/>\n<script type=\"application\/ld+json\" class=\"yoast-schema-graph\">{\"@context\":\"https:\/\/schema.org\",\"@graph\":[{\"@type\":\"WebPage\",\"@id\":\"https:\/\/www.atlantastretch.com\/it\/prodotto\/top-inside-revolution\/\",\"url\":\"https:\/\/www.atlantastretch.com\/it\/prodotto\/top-inside-revolution\/\",\"name\":\"TOP INSIDE REVOLUTION - Atlanta Stretch\",\"isPartOf\":{\"@id\":\"https:\/\/www.atlantastretch.com\/it\/#website\"},\"primaryImageOfPage\":{\"@id\":\"https:\/\/www.atlantastretch.com\/it\/prodotto\/top-inside-revolution\/#primaryimage\"},\"image\":{\"@id\":\"https:\/\/www.atlantastretch.com\/it\/prodotto\/top-inside-revolution\/#primaryimage\"},\"thumbnailUrl\":\"https:\/\/www.atlantastretch.com\/wp-content\/uploads\/2024\/02\/TOP-COVER.png\",\"datePublished\":\"2024-07-19T10:13:02+00:00\",\"dateModified\":\"2024-07-29T08:10:22+00:00\",\"description\":\"- TOP INSIDE REVOLUTION - Atlanta Stretch %\",\"breadcrumb\":{\"@id\":\"https:\/\/www.atlantastretch.com\/it\/prodotto\/top-inside-revolution\/#breadcrumb\"},\"inLanguage\":\"it-IT\",\"potentialAction\":[{\"@type\":\"ReadAction\",\"target\":[\"https:\/\/www.atlantastretch.com\/it\/prodotto\/top-inside-revolution\/\"]}]},{\"@type\":\"ImageObject\",\"inLanguage\":\"it-IT\",\"@id\":\"https:\/\/www.atlantastretch.com\/it\/prodotto\/top-inside-revolution\/#primaryimage\",\"url\":\"https:\/\/www.atlantastretch.com\/wp-content\/uploads\/2024\/02\/TOP-COVER.png\",\"contentUrl\":\"https:\/\/www.atlantastretch.com\/wp-content\/uploads\/2024\/02\/TOP-COVER.png\",\"width\":1080,\"height\":1080},{\"@type\":\"BreadcrumbList\",\"@id\":\"https:\/\/www.atlantastretch.com\/it\/prodotto\/top-inside-revolution\/#breadcrumb\",\"itemListElement\":[{\"@type\":\"ListItem\",\"position\":1,\"name\":\"Home\",\"item\":\"https:\/\/www.atlantastretch.com\/it\/\"},{\"@type\":\"ListItem\",\"position\":2,\"name\":\"Catalogo\",\"item\":\"https:\/\/www.atlantastretch.com\/it\/catalogo\/\"},{\"@type\":\"ListItem\",\"position\":3,\"name\":\"TOP INSIDE REVOLUTION\"}]},{\"@type\":\"WebSite\",\"@id\":\"https:\/\/www.atlantastretch.com\/it\/#website\",\"url\":\"https:\/\/www.atlantastretch.com\/it\/\",\"name\":\"Atlanta Stretch\",\"description\":\"Macchine per imballaggio pallet con film\",\"publisher\":{\"@id\":\"https:\/\/www.atlantastretch.com\/it\/#organization\"},\"alternateName\":\"Atlanta Stretch soluzioni per il finelinea\",\"potentialAction\":[{\"@type\":\"SearchAction\",\"target\":{\"@type\":\"EntryPoint\",\"urlTemplate\":\"https:\/\/www.atlantastretch.com\/it\/?s={search_term_string}\"},\"query-input\":\"required name=search_term_string\"}],\"inLanguage\":\"it-IT\"},{\"@type\":\"Organization\",\"@id\":\"https:\/\/www.atlantastretch.com\/it\/#organization\",\"name\":\"Atlanta Stretch\",\"alternateName\":\"Atlanta Stretch soluzioni per il finelinea\",\"url\":\"https:\/\/www.atlantastretch.com\/it\/\",\"logo\":{\"@type\":\"ImageObject\",\"inLanguage\":\"it-IT\",\"@id\":\"https:\/\/www.atlantastretch.com\/it\/#\/schema\/logo\/image\/\",\"url\":\"https:\/\/www.atlantastretch.com\/wp-content\/uploads\/2024\/01\/cropped-logotipo-rosso.png\",\"contentUrl\":\"https:\/\/www.atlantastretch.com\/wp-content\/uploads\/2024\/01\/cropped-logotipo-rosso.png\",\"width\":512,\"height\":512,\"caption\":\"Atlanta Stretch\"},\"image\":{\"@id\":\"https:\/\/www.atlantastretch.com\/it\/#\/schema\/logo\/image\/\"},\"sameAs\":[\"https:\/\/www.facebook.com\/atlantastretchspa\",\"https:\/\/www.instagram.com\/atlantastretch_official\/\",\"https:\/\/www.linkedin.com\/company\/atlanta-stretch-spa\/\",\"https:\/\/www.youtube.com\/channel\/UCqNtlDqg_fw0AIH20Kfj04Q\"]}]}<\/script>\n<!-- \/ Yoast SEO plugin. -->","yoast_head_json":{"title":"TOP INSIDE REVOLUTION - Atlanta Stretch","description":"- TOP INSIDE REVOLUTION - Atlanta Stretch %","robots":{"index":"index","follow":"follow","max-snippet":"max-snippet:-1","max-image-preview":"max-image-preview:large","max-video-preview":"max-video-preview:-1"},"canonical":"https:\/\/www.atlantastretch.com\/it\/prodotto\/top-inside-revolution\/","og_locale":"it_IT","og_type":"article","og_title":"TOP INSIDE REVOLUTION - Atlanta Stretch","og_description":"- TOP INSIDE REVOLUTION - Atlanta Stretch %","og_site_name":"Atlanta Stretch","article_publisher":"https:\/\/www.facebook.com\/atlantastretchspa","article_modified_time":"2024-07-29T08:10:22+00:00","og_image":[{"width":1080,"height":1080,"url":"https:\/\/www.atlantastretch.com\/wp-content\/uploads\/2024\/02\/TOP-COVER.png","type":"image\/png"}],"twitter_card":"summary_large_image","schema":{"@context":"https:\/\/schema.org","@graph":[{"@type":"WebPage","@id":"https:\/\/www.atlantastretch.com\/it\/prodotto\/top-inside-revolution\/","url":"https:\/\/www.atlantastretch.com\/it\/prodotto\/top-inside-revolution\/","name":"TOP INSIDE REVOLUTION - Atlanta Stretch","isPartOf":{"@id":"https:\/\/www.atlantastretch.com\/it\/#website"},"primaryImageOfPage":{"@id":"https:\/\/www.atlantastretch.com\/it\/prodotto\/top-inside-revolution\/#primaryimage"},"image":{"@id":"https:\/\/www.atlantastretch.com\/it\/prodotto\/top-inside-revolution\/#primaryimage"},"thumbnailUrl":"https:\/\/www.atlantastretch.com\/wp-content\/uploads\/2024\/02\/TOP-COVER.png","datePublished":"2024-07-19T10:13:02+00:00","dateModified":"2024-07-29T08:10:22+00:00","description":"- TOP INSIDE REVOLUTION - Atlanta Stretch %","breadcrumb":{"@id":"https:\/\/www.atlantastretch.com\/it\/prodotto\/top-inside-revolution\/#breadcrumb"},"inLanguage":"it-IT","potentialAction":[{"@type":"ReadAction","target":["https:\/\/www.atlantastretch.com\/it\/prodotto\/top-inside-revolution\/"]}]},{"@type":"ImageObject","inLanguage":"it-IT","@id":"https:\/\/www.atlantastretch.com\/it\/prodotto\/top-inside-revolution\/#primaryimage","url":"https:\/\/www.atlantastretch.com\/wp-content\/uploads\/2024\/02\/TOP-COVER.png","contentUrl":"https:\/\/www.atlantastretch.com\/wp-content\/uploads\/2024\/02\/TOP-COVER.png","width":1080,"height":1080},{"@type":"BreadcrumbList","@id":"https:\/\/www.atlantastretch.com\/it\/prodotto\/top-inside-revolution\/#breadcrumb","itemListElement":[{"@type":"ListItem","position":1,"name":"Home","item":"https:\/\/www.atlantastretch.com\/it\/"},{"@type":"ListItem","position":2,"name":"Catalogo","item":"https:\/\/www.atlantastretch.com\/it\/catalogo\/"},{"@type":"ListItem","position":3,"name":"TOP INSIDE REVOLUTION"}]},{"@type":"WebSite","@id":"https:\/\/www.atlantastretch.com\/it\/#website","url":"https:\/\/www.atlantastretch.com\/it\/","name":"Atlanta Stretch","description":"Macchine per imballaggio pallet con film","publisher":{"@id":"https:\/\/www.atlantastretch.com\/it\/#organization"},"alternateName":"Atlanta Stretch soluzioni per il finelinea","potentialAction":[{"@type":"SearchAction","target":{"@type":"EntryPoint","urlTemplate":"https:\/\/www.atlantastretch.com\/it\/?s={search_term_string}"},"query-input":"required name=search_term_string"}],"inLanguage":"it-IT"},{"@type":"Organization","@id":"https:\/\/www.atlantastretch.com\/it\/#organization","name":"Atlanta Stretch","alternateName":"Atlanta Stretch soluzioni per il finelinea","url":"https:\/\/www.atlantastretch.com\/it\/","logo":{"@type":"ImageObject","inLanguage":"it-IT","@id":"https:\/\/www.atlantastretch.com\/it\/#\/schema\/logo\/image\/","url":"https:\/\/www.atlantastretch.com\/wp-content\/uploads\/2024\/01\/cropped-logotipo-rosso.png","contentUrl":"https:\/\/www.atlantastretch.com\/wp-content\/uploads\/2024\/01\/cropped-logotipo-rosso.png","width":512,"height":512,"caption":"Atlanta Stretch"},"image":{"@id":"https:\/\/www.atlantastretch.com\/it\/#\/schema\/logo\/image\/"},"sameAs":["https:\/\/www.facebook.com\/atlantastretchspa","https:\/\/www.instagram.com\/atlantastretch_official\/","https:\/\/www.linkedin.com\/company\/atlanta-stretch-spa\/","https:\/\/www.youtube.com\/channel\/UCqNtlDqg_fw0AIH20Kfj04Q"]}]}},"_links":{"self":[{"href":"https:\/\/www.atlantastretch.com\/it\/wp-json\/wp\/v2\/product\/16077","targetHints":{"allow":["GET"]}}],"collection":[{"href":"https:\/\/www.atlantastretch.com\/it\/wp-json\/wp\/v2\/product"}],"about":[{"href":"https:\/\/www.atlantastretch.com\/it\/wp-json\/wp\/v2\/types\/product"}],"replies":[{"embeddable":true,"href":"https:\/\/www.atlantastretch.com\/it\/wp-json\/wp\/v2\/comments?post=16077"}],"wp:featuredmedia":[{"embeddable":true,"href":"https:\/\/www.atlantastretch.com\/it\/wp-json\/wp\/v2\/media\/13180"}],"wp:attachment":[{"href":"https:\/\/www.atlantastretch.com\/it\/wp-json\/wp\/v2\/media?parent=16077"}],"wp:term":[{"taxonomy":"tecnologia","embeddable":true,"href":"https:\/\/www.atlantastretch.com\/it\/wp-json\/wp\/v2\/tecnologia?post=16077"},{"taxonomy":"product_cat","embeddable":true,"href":"https:\/\/www.atlantastretch.com\/it\/wp-json\/wp\/v2\/product_cat?post=16077"},{"taxonomy":"product_tag","embeddable":true,"href":"https:\/\/www.atlantastretch.com\/it\/wp-json\/wp\/v2\/product_tag?post=16077"}],"curies":[{"name":"wp","href":"https:\/\/api.w.org\/{rel}","templated":true}]}}