{"id":3780,"date":"2024-02-27T09:19:25","date_gmt":"2024-02-27T08:19:25","guid":{"rendered":"https:\/\/www.atlantastretch.com\/?post_type=product&#038;p=3780"},"modified":"2024-08-26T15:28:40","modified_gmt":"2024-08-26T13:28:40","slug":"mytho-auto-con-colonna","status":"publish","type":"product","link":"https:\/\/www.atlantastretch.com\/it\/prodotto\/mytho-auto-con-colonna\/","title":{"rendered":"Mytho Auto con colonna"},"content":{"rendered":"<h3>Macchina a tavola rotante flessibile<\/h3>\n<p>Il pannello Touch Screen da 11\u201d consente la scelta di un grande numero di parametri rendendo possibile la definizione del miglior programma di fasciatura. Il Top di gamma con PLC e con la possibilit\u00e0 di memorizzare 99 programmi rende questa macchina pronta per il 21\u00b0 secolo !<\/p>\n","protected":false},"excerpt":{"rendered":"<ul>\n<li>Altezza Standard di avvolgimento: 2000 mm<\/li>\n<li>Altezza linea alimentazione standard: da 450 a 500 mm<\/li>\n<li>Velocit\u00e0 rotazione braccio regolabile con inverter: max 30 giri al minuto<\/li>\n<li>Velocit\u00e0 di discesa del carrello: selezionabile liberamente<\/li>\n<\/ul>\n","protected":false},"featured_media":16991,"comment_status":"open","ping_status":"closed","template":"","meta":{"_acf_changed":false,"_et_pb_use_builder":"off","_et_pb_old_content":"<h2>REVOLUTION DOUBLE \u00e8 un brevetto di ATLANTA STRETCH<\/h2>\r\nCon tutti i vantaggi delle macchine REVOLUTION LS \/ HS standard questo modello \u00e8 equipaggiato con due carrelli di prestiro (PRS o PS) garantendo cos\u00ec una capacit\u00e0 di almeno il 25% superiore a quella di una macchina standard.\r\n\r\nI carrelli sono sulla stessa parte della colonna e permettono di usare un UNICO sistema di pinzatura-taglio e saldatura del film. Anche le operazioni dell\u2019addetto al cambio film sono semplificate e solo su un lato della linea. La sicurezza dell\u2019ambiente di lavoro \u00e8 totalmente garantita.","_et_gb_content_width":"","_crsspst_to_wwwglobustapecom":false},"tecnologia":[62],"product_cat":[59],"product_tag":[],"class_list":{"0":"post-3780","1":"product","2":"type-product","3":"status-publish","4":"has-post-thumbnail","6":"tecnologia-avvolgitrice-a-tavola-rotante","7":"product_cat-avvolgitrici-semi-automatiche","9":"first","10":"instock","11":"shipping-taxable","12":"product-type-simple"},"acf":[],"yoast_head":"<!-- This site is optimized with the Yoast SEO plugin v22.9 - https:\/\/yoast.com\/wordpress\/plugins\/seo\/ -->\n<title>Mytho Auto con colonna - Atlanta Stretch<\/title>\n<meta name=\"description\" content=\"- Mytho Auto con colonna - Atlanta Stretch %\" \/>\n<meta name=\"robots\" content=\"index, follow, max-snippet:-1, max-image-preview:large, max-video-preview:-1\" \/>\n<link rel=\"canonical\" href=\"https:\/\/www.atlantastretch.com\/it\/prodotto\/mytho-auto-con-colonna\/\" \/>\n<meta property=\"og:locale\" content=\"it_IT\" \/>\n<meta property=\"og:type\" content=\"article\" \/>\n<meta property=\"og:title\" content=\"Mytho Auto con colonna - Atlanta Stretch\" \/>\n<meta property=\"og:description\" content=\"- Mytho Auto con colonna - Atlanta Stretch %\" \/>\n<meta property=\"og:site_name\" content=\"Atlanta Stretch\" \/>\n<meta property=\"article:publisher\" content=\"https:\/\/www.facebook.com\/atlantastretchspa\" \/>\n<meta property=\"article:modified_time\" content=\"2024-08-26T13:28:40+00:00\" \/>\n<meta property=\"og:image\" content=\"https:\/\/www.atlantastretch.com\/wp-content\/uploads\/2024\/02\/1080X1080-MYTHO-AUTO.png\" \/>\n\t<meta property=\"og:image:width\" content=\"1080\" \/>\n\t<meta property=\"og:image:height\" content=\"1080\" \/>\n\t<meta property=\"og:image:type\" content=\"image\/png\" \/>\n<meta name=\"twitter:card\" content=\"summary_large_image\" \/>\n<script type=\"application\/ld+json\" class=\"yoast-schema-graph\">{\"@context\":\"https:\/\/schema.org\",\"@graph\":[{\"@type\":\"WebPage\",\"@id\":\"https:\/\/www.atlantastretch.com\/it\/prodotto\/mytho-auto-con-colonna\/\",\"url\":\"https:\/\/www.atlantastretch.com\/it\/prodotto\/mytho-auto-con-colonna\/\",\"name\":\"Mytho Auto con colonna - Atlanta Stretch\",\"isPartOf\":{\"@id\":\"https:\/\/www.atlantastretch.com\/it\/#website\"},\"primaryImageOfPage\":{\"@id\":\"https:\/\/www.atlantastretch.com\/it\/prodotto\/mytho-auto-con-colonna\/#primaryimage\"},\"image\":{\"@id\":\"https:\/\/www.atlantastretch.com\/it\/prodotto\/mytho-auto-con-colonna\/#primaryimage\"},\"thumbnailUrl\":\"https:\/\/www.atlantastretch.com\/wp-content\/uploads\/2024\/02\/1080X1080-MYTHO-AUTO.png\",\"datePublished\":\"2024-02-27T08:19:25+00:00\",\"dateModified\":\"2024-08-26T13:28:40+00:00\",\"description\":\"- Mytho Auto con colonna - Atlanta Stretch %\",\"breadcrumb\":{\"@id\":\"https:\/\/www.atlantastretch.com\/it\/prodotto\/mytho-auto-con-colonna\/#breadcrumb\"},\"inLanguage\":\"it-IT\",\"potentialAction\":[{\"@type\":\"ReadAction\",\"target\":[\"https:\/\/www.atlantastretch.com\/it\/prodotto\/mytho-auto-con-colonna\/\"]}]},{\"@type\":\"ImageObject\",\"inLanguage\":\"it-IT\",\"@id\":\"https:\/\/www.atlantastretch.com\/it\/prodotto\/mytho-auto-con-colonna\/#primaryimage\",\"url\":\"https:\/\/www.atlantastretch.com\/wp-content\/uploads\/2024\/02\/1080X1080-MYTHO-AUTO.png\",\"contentUrl\":\"https:\/\/www.atlantastretch.com\/wp-content\/uploads\/2024\/02\/1080X1080-MYTHO-AUTO.png\",\"width\":1080,\"height\":1080},{\"@type\":\"BreadcrumbList\",\"@id\":\"https:\/\/www.atlantastretch.com\/it\/prodotto\/mytho-auto-con-colonna\/#breadcrumb\",\"itemListElement\":[{\"@type\":\"ListItem\",\"position\":1,\"name\":\"Home\",\"item\":\"https:\/\/www.atlantastretch.com\/it\/\"},{\"@type\":\"ListItem\",\"position\":2,\"name\":\"Catalogo\",\"item\":\"https:\/\/www.atlantastretch.com\/it\/catalogo\/\"},{\"@type\":\"ListItem\",\"position\":3,\"name\":\"Mytho Auto con colonna\"}]},{\"@type\":\"WebSite\",\"@id\":\"https:\/\/www.atlantastretch.com\/it\/#website\",\"url\":\"https:\/\/www.atlantastretch.com\/it\/\",\"name\":\"Atlanta Stretch\",\"description\":\"Macchine per imballaggio pallet con film\",\"publisher\":{\"@id\":\"https:\/\/www.atlantastretch.com\/it\/#organization\"},\"alternateName\":\"Atlanta Stretch soluzioni per il finelinea\",\"potentialAction\":[{\"@type\":\"SearchAction\",\"target\":{\"@type\":\"EntryPoint\",\"urlTemplate\":\"https:\/\/www.atlantastretch.com\/it\/?s={search_term_string}\"},\"query-input\":\"required name=search_term_string\"}],\"inLanguage\":\"it-IT\"},{\"@type\":\"Organization\",\"@id\":\"https:\/\/www.atlantastretch.com\/it\/#organization\",\"name\":\"Atlanta Stretch\",\"alternateName\":\"Atlanta Stretch soluzioni per il finelinea\",\"url\":\"https:\/\/www.atlantastretch.com\/it\/\",\"logo\":{\"@type\":\"ImageObject\",\"inLanguage\":\"it-IT\",\"@id\":\"https:\/\/www.atlantastretch.com\/it\/#\/schema\/logo\/image\/\",\"url\":\"https:\/\/www.atlantastretch.com\/wp-content\/uploads\/2024\/01\/cropped-logotipo-rosso.png\",\"contentUrl\":\"https:\/\/www.atlantastretch.com\/wp-content\/uploads\/2024\/01\/cropped-logotipo-rosso.png\",\"width\":512,\"height\":512,\"caption\":\"Atlanta Stretch\"},\"image\":{\"@id\":\"https:\/\/www.atlantastretch.com\/it\/#\/schema\/logo\/image\/\"},\"sameAs\":[\"https:\/\/www.facebook.com\/atlantastretchspa\",\"https:\/\/www.instagram.com\/atlantastretch_official\/\",\"https:\/\/www.linkedin.com\/company\/atlanta-stretch-spa\/\",\"https:\/\/www.youtube.com\/channel\/UCqNtlDqg_fw0AIH20Kfj04Q\"]}]}<\/script>\n<!-- \/ Yoast SEO plugin. -->","yoast_head_json":{"title":"Mytho Auto con colonna - Atlanta Stretch","description":"- Mytho Auto con colonna - Atlanta Stretch %","robots":{"index":"index","follow":"follow","max-snippet":"max-snippet:-1","max-image-preview":"max-image-preview:large","max-video-preview":"max-video-preview:-1"},"canonical":"https:\/\/www.atlantastretch.com\/it\/prodotto\/mytho-auto-con-colonna\/","og_locale":"it_IT","og_type":"article","og_title":"Mytho Auto con colonna - Atlanta Stretch","og_description":"- Mytho Auto con colonna - Atlanta Stretch %","og_site_name":"Atlanta Stretch","article_publisher":"https:\/\/www.facebook.com\/atlantastretchspa","article_modified_time":"2024-08-26T13:28:40+00:00","og_image":[{"width":1080,"height":1080,"url":"https:\/\/www.atlantastretch.com\/wp-content\/uploads\/2024\/02\/1080X1080-MYTHO-AUTO.png","type":"image\/png"}],"twitter_card":"summary_large_image","schema":{"@context":"https:\/\/schema.org","@graph":[{"@type":"WebPage","@id":"https:\/\/www.atlantastretch.com\/it\/prodotto\/mytho-auto-con-colonna\/","url":"https:\/\/www.atlantastretch.com\/it\/prodotto\/mytho-auto-con-colonna\/","name":"Mytho Auto con colonna - Atlanta Stretch","isPartOf":{"@id":"https:\/\/www.atlantastretch.com\/it\/#website"},"primaryImageOfPage":{"@id":"https:\/\/www.atlantastretch.com\/it\/prodotto\/mytho-auto-con-colonna\/#primaryimage"},"image":{"@id":"https:\/\/www.atlantastretch.com\/it\/prodotto\/mytho-auto-con-colonna\/#primaryimage"},"thumbnailUrl":"https:\/\/www.atlantastretch.com\/wp-content\/uploads\/2024\/02\/1080X1080-MYTHO-AUTO.png","datePublished":"2024-02-27T08:19:25+00:00","dateModified":"2024-08-26T13:28:40+00:00","description":"- Mytho Auto con colonna - Atlanta Stretch %","breadcrumb":{"@id":"https:\/\/www.atlantastretch.com\/it\/prodotto\/mytho-auto-con-colonna\/#breadcrumb"},"inLanguage":"it-IT","potentialAction":[{"@type":"ReadAction","target":["https:\/\/www.atlantastretch.com\/it\/prodotto\/mytho-auto-con-colonna\/"]}]},{"@type":"ImageObject","inLanguage":"it-IT","@id":"https:\/\/www.atlantastretch.com\/it\/prodotto\/mytho-auto-con-colonna\/#primaryimage","url":"https:\/\/www.atlantastretch.com\/wp-content\/uploads\/2024\/02\/1080X1080-MYTHO-AUTO.png","contentUrl":"https:\/\/www.atlantastretch.com\/wp-content\/uploads\/2024\/02\/1080X1080-MYTHO-AUTO.png","width":1080,"height":1080},{"@type":"BreadcrumbList","@id":"https:\/\/www.atlantastretch.com\/it\/prodotto\/mytho-auto-con-colonna\/#breadcrumb","itemListElement":[{"@type":"ListItem","position":1,"name":"Home","item":"https:\/\/www.atlantastretch.com\/it\/"},{"@type":"ListItem","position":2,"name":"Catalogo","item":"https:\/\/www.atlantastretch.com\/it\/catalogo\/"},{"@type":"ListItem","position":3,"name":"Mytho Auto con colonna"}]},{"@type":"WebSite","@id":"https:\/\/www.atlantastretch.com\/it\/#website","url":"https:\/\/www.atlantastretch.com\/it\/","name":"Atlanta Stretch","description":"Macchine per imballaggio pallet con film","publisher":{"@id":"https:\/\/www.atlantastretch.com\/it\/#organization"},"alternateName":"Atlanta Stretch soluzioni per il finelinea","potentialAction":[{"@type":"SearchAction","target":{"@type":"EntryPoint","urlTemplate":"https:\/\/www.atlantastretch.com\/it\/?s={search_term_string}"},"query-input":"required name=search_term_string"}],"inLanguage":"it-IT"},{"@type":"Organization","@id":"https:\/\/www.atlantastretch.com\/it\/#organization","name":"Atlanta Stretch","alternateName":"Atlanta Stretch soluzioni per il finelinea","url":"https:\/\/www.atlantastretch.com\/it\/","logo":{"@type":"ImageObject","inLanguage":"it-IT","@id":"https:\/\/www.atlantastretch.com\/it\/#\/schema\/logo\/image\/","url":"https:\/\/www.atlantastretch.com\/wp-content\/uploads\/2024\/01\/cropped-logotipo-rosso.png","contentUrl":"https:\/\/www.atlantastretch.com\/wp-content\/uploads\/2024\/01\/cropped-logotipo-rosso.png","width":512,"height":512,"caption":"Atlanta Stretch"},"image":{"@id":"https:\/\/www.atlantastretch.com\/it\/#\/schema\/logo\/image\/"},"sameAs":["https:\/\/www.facebook.com\/atlantastretchspa","https:\/\/www.instagram.com\/atlantastretch_official\/","https:\/\/www.linkedin.com\/company\/atlanta-stretch-spa\/","https:\/\/www.youtube.com\/channel\/UCqNtlDqg_fw0AIH20Kfj04Q"]}]}},"_links":{"self":[{"href":"https:\/\/www.atlantastretch.com\/it\/wp-json\/wp\/v2\/product\/3780","targetHints":{"allow":["GET"]}}],"collection":[{"href":"https:\/\/www.atlantastretch.com\/it\/wp-json\/wp\/v2\/product"}],"about":[{"href":"https:\/\/www.atlantastretch.com\/it\/wp-json\/wp\/v2\/types\/product"}],"replies":[{"embeddable":true,"href":"https:\/\/www.atlantastretch.com\/it\/wp-json\/wp\/v2\/comments?post=3780"}],"wp:featuredmedia":[{"embeddable":true,"href":"https:\/\/www.atlantastretch.com\/it\/wp-json\/wp\/v2\/media\/16991"}],"wp:attachment":[{"href":"https:\/\/www.atlantastretch.com\/it\/wp-json\/wp\/v2\/media?parent=3780"}],"wp:term":[{"taxonomy":"tecnologia","embeddable":true,"href":"https:\/\/www.atlantastretch.com\/it\/wp-json\/wp\/v2\/tecnologia?post=3780"},{"taxonomy":"product_cat","embeddable":true,"href":"https:\/\/www.atlantastretch.com\/it\/wp-json\/wp\/v2\/product_cat?post=3780"},{"taxonomy":"product_tag","embeddable":true,"href":"https:\/\/www.atlantastretch.com\/it\/wp-json\/wp\/v2\/product_tag?post=3780"}],"curies":[{"name":"wp","href":"https:\/\/api.w.org\/{rel}","templated":true}]}}