{"id":3969,"date":"2024-02-27T09:46:00","date_gmt":"2024-02-27T08:46:00","guid":{"rendered":"https:\/\/www.atlantastretch.com\/?post_type=product&#038;p=3969"},"modified":"2025-04-28T12:35:15","modified_gmt":"2025-04-28T10:35:15","slug":"sfera-con-colonna","status":"publish","type":"product","link":"https:\/\/www.atlantastretch.com\/it\/prodotto\/sfera-con-colonna\/","title":{"rendered":"Sfera con colonna"},"content":{"rendered":"<h3>Macchina avvolgitrice semovente<\/h3>\n<p>Questo modello di macchina pu\u00f2 evolvere seguendo le necessit\u00e0 del cliente. Partendo da un modello base, la SFERA pu\u00f2 crescere fino a diventare una macchina in grado di minimizzare il consumo di film. Con il carrello di prestiro PS a doppio motore la macchina SFERA pu\u00f2 garantire il minimo consumo di film presente nel mercato e la massima affidabilit\u00e0 funzionale nel mercato delle macchine avvolgitrici.<br \/>\nCon l\u2019acquisto di una macchina SFERA con carrello FM ci si pu\u00f2 assicurare la successiva modifica con carrelli di prestiro motorizzati PRS o PS a singolo o doppio motore con la semplice sostituzione degli stessi.<br \/>\nIl pannello Touch Screen da 11\u201d consente la scelta di un grande numero di parametri rendendo possibile la definizione del miglior programma di fasciatura. Il Top di gamma con PLC e con la possibilit\u00e0 di memorizzare 99 programmi rende questa macchina pronta per il 21\u00b0 secolo !<\/p>\n","protected":false},"excerpt":{"rendered":"<ul>\n<li>Nessun limite di dimensione e altezza avvolgibili<\/li>\n<li>Pronta all&#8217;uso in pochi passaggi<\/li>\n<li>Facile programmazione grazie allo schermo touch<\/li>\n<li>Massima flessibilita&#8217; grazie ai molteplici optional diponibili<\/li>\n<\/ul>\n","protected":false},"featured_media":17009,"comment_status":"open","ping_status":"closed","template":"","meta":{"_acf_changed":false,"_et_pb_use_builder":"off","_et_pb_old_content":"<h2>REVOLUTION DOUBLE \u00e8 un brevetto di ATLANTA STRETCH<\/h2>\r\nCon tutti i vantaggi delle macchine REVOLUTION LS \/ HS standard questo modello \u00e8 equipaggiato con due carrelli di prestiro (PRS o PS) garantendo cos\u00ec una capacit\u00e0 di almeno il 25% superiore a quella di una macchina standard.\r\n\r\nI carrelli sono sulla stessa parte della colonna e permettono di usare un UNICO sistema di pinzatura-taglio e saldatura del film. Anche le operazioni dell\u2019addetto al cambio film sono semplificate e solo su un lato della linea. La sicurezza dell\u2019ambiente di lavoro \u00e8 totalmente garantita.","_et_gb_content_width":"","_crsspst_to_wwwglobustapecom":false},"tecnologia":[64],"product_cat":[59],"product_tag":[],"class_list":{"0":"post-3969","1":"product","2":"type-product","3":"status-publish","4":"has-post-thumbnail","6":"tecnologia-avvolgitrice-semovente","7":"product_cat-avvolgitrici-semi-automatiche","9":"first","10":"instock","11":"shipping-taxable","12":"product-type-simple"},"acf":[],"yoast_head":"<!-- This site is optimized with the Yoast SEO plugin v22.9 - https:\/\/yoast.com\/wordpress\/plugins\/seo\/ -->\n<title>Sfera con colonna - Atlanta Stretch<\/title>\n<meta name=\"description\" content=\"- Sfera con colonna - Atlanta Stretch %\" \/>\n<meta name=\"robots\" content=\"index, follow, max-snippet:-1, max-image-preview:large, max-video-preview:-1\" \/>\n<link rel=\"canonical\" href=\"https:\/\/www.atlantastretch.com\/it\/prodotto\/sfera-con-colonna\/\" \/>\n<meta property=\"og:locale\" content=\"it_IT\" \/>\n<meta property=\"og:type\" content=\"article\" \/>\n<meta property=\"og:title\" content=\"Sfera con colonna - Atlanta Stretch\" \/>\n<meta property=\"og:description\" content=\"- Sfera con colonna - Atlanta Stretch %\" \/>\n<meta property=\"og:site_name\" content=\"Atlanta Stretch\" \/>\n<meta property=\"article:publisher\" content=\"https:\/\/www.facebook.com\/atlantastretchspa\" \/>\n<meta property=\"article:modified_time\" content=\"2025-04-28T10:35:15+00:00\" \/>\n<meta property=\"og:image\" content=\"https:\/\/www.atlantastretch.com\/wp-content\/uploads\/2024\/02\/1080X1080-MYTHO-AUTO-3.png\" \/>\n\t<meta property=\"og:image:width\" content=\"1080\" \/>\n\t<meta property=\"og:image:height\" content=\"1080\" \/>\n\t<meta property=\"og:image:type\" content=\"image\/png\" \/>\n<meta name=\"twitter:card\" content=\"summary_large_image\" \/>\n<script type=\"application\/ld+json\" class=\"yoast-schema-graph\">{\"@context\":\"https:\/\/schema.org\",\"@graph\":[{\"@type\":\"WebPage\",\"@id\":\"https:\/\/www.atlantastretch.com\/it\/prodotto\/sfera-con-colonna\/\",\"url\":\"https:\/\/www.atlantastretch.com\/it\/prodotto\/sfera-con-colonna\/\",\"name\":\"Sfera con colonna - Atlanta Stretch\",\"isPartOf\":{\"@id\":\"https:\/\/www.atlantastretch.com\/it\/#website\"},\"primaryImageOfPage\":{\"@id\":\"https:\/\/www.atlantastretch.com\/it\/prodotto\/sfera-con-colonna\/#primaryimage\"},\"image\":{\"@id\":\"https:\/\/www.atlantastretch.com\/it\/prodotto\/sfera-con-colonna\/#primaryimage\"},\"thumbnailUrl\":\"https:\/\/www.atlantastretch.com\/wp-content\/uploads\/2024\/02\/1080X1080-MYTHO-AUTO-3.png\",\"datePublished\":\"2024-02-27T08:46:00+00:00\",\"dateModified\":\"2025-04-28T10:35:15+00:00\",\"description\":\"- Sfera con colonna - Atlanta Stretch %\",\"breadcrumb\":{\"@id\":\"https:\/\/www.atlantastretch.com\/it\/prodotto\/sfera-con-colonna\/#breadcrumb\"},\"inLanguage\":\"it-IT\",\"potentialAction\":[{\"@type\":\"ReadAction\",\"target\":[\"https:\/\/www.atlantastretch.com\/it\/prodotto\/sfera-con-colonna\/\"]}]},{\"@type\":\"ImageObject\",\"inLanguage\":\"it-IT\",\"@id\":\"https:\/\/www.atlantastretch.com\/it\/prodotto\/sfera-con-colonna\/#primaryimage\",\"url\":\"https:\/\/www.atlantastretch.com\/wp-content\/uploads\/2024\/02\/1080X1080-MYTHO-AUTO-3.png\",\"contentUrl\":\"https:\/\/www.atlantastretch.com\/wp-content\/uploads\/2024\/02\/1080X1080-MYTHO-AUTO-3.png\",\"width\":1080,\"height\":1080},{\"@type\":\"BreadcrumbList\",\"@id\":\"https:\/\/www.atlantastretch.com\/it\/prodotto\/sfera-con-colonna\/#breadcrumb\",\"itemListElement\":[{\"@type\":\"ListItem\",\"position\":1,\"name\":\"Home\",\"item\":\"https:\/\/www.atlantastretch.com\/it\/\"},{\"@type\":\"ListItem\",\"position\":2,\"name\":\"Catalogo\",\"item\":\"https:\/\/www.atlantastretch.com\/it\/catalogo\/\"},{\"@type\":\"ListItem\",\"position\":3,\"name\":\"Sfera con colonna\"}]},{\"@type\":\"WebSite\",\"@id\":\"https:\/\/www.atlantastretch.com\/it\/#website\",\"url\":\"https:\/\/www.atlantastretch.com\/it\/\",\"name\":\"Atlanta Stretch\",\"description\":\"Macchine per imballaggio pallet con film\",\"publisher\":{\"@id\":\"https:\/\/www.atlantastretch.com\/it\/#organization\"},\"alternateName\":\"Atlanta Stretch soluzioni per il finelinea\",\"potentialAction\":[{\"@type\":\"SearchAction\",\"target\":{\"@type\":\"EntryPoint\",\"urlTemplate\":\"https:\/\/www.atlantastretch.com\/it\/?s={search_term_string}\"},\"query-input\":\"required name=search_term_string\"}],\"inLanguage\":\"it-IT\"},{\"@type\":\"Organization\",\"@id\":\"https:\/\/www.atlantastretch.com\/it\/#organization\",\"name\":\"Atlanta Stretch\",\"alternateName\":\"Atlanta Stretch soluzioni per il finelinea\",\"url\":\"https:\/\/www.atlantastretch.com\/it\/\",\"logo\":{\"@type\":\"ImageObject\",\"inLanguage\":\"it-IT\",\"@id\":\"https:\/\/www.atlantastretch.com\/it\/#\/schema\/logo\/image\/\",\"url\":\"https:\/\/www.atlantastretch.com\/wp-content\/uploads\/2024\/01\/cropped-logotipo-rosso.png\",\"contentUrl\":\"https:\/\/www.atlantastretch.com\/wp-content\/uploads\/2024\/01\/cropped-logotipo-rosso.png\",\"width\":512,\"height\":512,\"caption\":\"Atlanta Stretch\"},\"image\":{\"@id\":\"https:\/\/www.atlantastretch.com\/it\/#\/schema\/logo\/image\/\"},\"sameAs\":[\"https:\/\/www.facebook.com\/atlantastretchspa\",\"https:\/\/www.instagram.com\/atlantastretch_official\/\",\"https:\/\/www.linkedin.com\/company\/atlanta-stretch-spa\/\",\"https:\/\/www.youtube.com\/channel\/UCqNtlDqg_fw0AIH20Kfj04Q\"]}]}<\/script>\n<!-- \/ Yoast SEO plugin. -->","yoast_head_json":{"title":"Sfera con colonna - Atlanta Stretch","description":"- Sfera con colonna - Atlanta Stretch %","robots":{"index":"index","follow":"follow","max-snippet":"max-snippet:-1","max-image-preview":"max-image-preview:large","max-video-preview":"max-video-preview:-1"},"canonical":"https:\/\/www.atlantastretch.com\/it\/prodotto\/sfera-con-colonna\/","og_locale":"it_IT","og_type":"article","og_title":"Sfera con colonna - Atlanta Stretch","og_description":"- Sfera con colonna - Atlanta Stretch %","og_site_name":"Atlanta Stretch","article_publisher":"https:\/\/www.facebook.com\/atlantastretchspa","article_modified_time":"2025-04-28T10:35:15+00:00","og_image":[{"width":1080,"height":1080,"url":"https:\/\/www.atlantastretch.com\/wp-content\/uploads\/2024\/02\/1080X1080-MYTHO-AUTO-3.png","type":"image\/png"}],"twitter_card":"summary_large_image","schema":{"@context":"https:\/\/schema.org","@graph":[{"@type":"WebPage","@id":"https:\/\/www.atlantastretch.com\/it\/prodotto\/sfera-con-colonna\/","url":"https:\/\/www.atlantastretch.com\/it\/prodotto\/sfera-con-colonna\/","name":"Sfera con colonna - Atlanta Stretch","isPartOf":{"@id":"https:\/\/www.atlantastretch.com\/it\/#website"},"primaryImageOfPage":{"@id":"https:\/\/www.atlantastretch.com\/it\/prodotto\/sfera-con-colonna\/#primaryimage"},"image":{"@id":"https:\/\/www.atlantastretch.com\/it\/prodotto\/sfera-con-colonna\/#primaryimage"},"thumbnailUrl":"https:\/\/www.atlantastretch.com\/wp-content\/uploads\/2024\/02\/1080X1080-MYTHO-AUTO-3.png","datePublished":"2024-02-27T08:46:00+00:00","dateModified":"2025-04-28T10:35:15+00:00","description":"- Sfera con colonna - Atlanta Stretch %","breadcrumb":{"@id":"https:\/\/www.atlantastretch.com\/it\/prodotto\/sfera-con-colonna\/#breadcrumb"},"inLanguage":"it-IT","potentialAction":[{"@type":"ReadAction","target":["https:\/\/www.atlantastretch.com\/it\/prodotto\/sfera-con-colonna\/"]}]},{"@type":"ImageObject","inLanguage":"it-IT","@id":"https:\/\/www.atlantastretch.com\/it\/prodotto\/sfera-con-colonna\/#primaryimage","url":"https:\/\/www.atlantastretch.com\/wp-content\/uploads\/2024\/02\/1080X1080-MYTHO-AUTO-3.png","contentUrl":"https:\/\/www.atlantastretch.com\/wp-content\/uploads\/2024\/02\/1080X1080-MYTHO-AUTO-3.png","width":1080,"height":1080},{"@type":"BreadcrumbList","@id":"https:\/\/www.atlantastretch.com\/it\/prodotto\/sfera-con-colonna\/#breadcrumb","itemListElement":[{"@type":"ListItem","position":1,"name":"Home","item":"https:\/\/www.atlantastretch.com\/it\/"},{"@type":"ListItem","position":2,"name":"Catalogo","item":"https:\/\/www.atlantastretch.com\/it\/catalogo\/"},{"@type":"ListItem","position":3,"name":"Sfera con colonna"}]},{"@type":"WebSite","@id":"https:\/\/www.atlantastretch.com\/it\/#website","url":"https:\/\/www.atlantastretch.com\/it\/","name":"Atlanta Stretch","description":"Macchine per imballaggio pallet con film","publisher":{"@id":"https:\/\/www.atlantastretch.com\/it\/#organization"},"alternateName":"Atlanta Stretch soluzioni per il finelinea","potentialAction":[{"@type":"SearchAction","target":{"@type":"EntryPoint","urlTemplate":"https:\/\/www.atlantastretch.com\/it\/?s={search_term_string}"},"query-input":"required name=search_term_string"}],"inLanguage":"it-IT"},{"@type":"Organization","@id":"https:\/\/www.atlantastretch.com\/it\/#organization","name":"Atlanta Stretch","alternateName":"Atlanta Stretch soluzioni per il finelinea","url":"https:\/\/www.atlantastretch.com\/it\/","logo":{"@type":"ImageObject","inLanguage":"it-IT","@id":"https:\/\/www.atlantastretch.com\/it\/#\/schema\/logo\/image\/","url":"https:\/\/www.atlantastretch.com\/wp-content\/uploads\/2024\/01\/cropped-logotipo-rosso.png","contentUrl":"https:\/\/www.atlantastretch.com\/wp-content\/uploads\/2024\/01\/cropped-logotipo-rosso.png","width":512,"height":512,"caption":"Atlanta Stretch"},"image":{"@id":"https:\/\/www.atlantastretch.com\/it\/#\/schema\/logo\/image\/"},"sameAs":["https:\/\/www.facebook.com\/atlantastretchspa","https:\/\/www.instagram.com\/atlantastretch_official\/","https:\/\/www.linkedin.com\/company\/atlanta-stretch-spa\/","https:\/\/www.youtube.com\/channel\/UCqNtlDqg_fw0AIH20Kfj04Q"]}]}},"_links":{"self":[{"href":"https:\/\/www.atlantastretch.com\/it\/wp-json\/wp\/v2\/product\/3969","targetHints":{"allow":["GET"]}}],"collection":[{"href":"https:\/\/www.atlantastretch.com\/it\/wp-json\/wp\/v2\/product"}],"about":[{"href":"https:\/\/www.atlantastretch.com\/it\/wp-json\/wp\/v2\/types\/product"}],"replies":[{"embeddable":true,"href":"https:\/\/www.atlantastretch.com\/it\/wp-json\/wp\/v2\/comments?post=3969"}],"wp:featuredmedia":[{"embeddable":true,"href":"https:\/\/www.atlantastretch.com\/it\/wp-json\/wp\/v2\/media\/17009"}],"wp:attachment":[{"href":"https:\/\/www.atlantastretch.com\/it\/wp-json\/wp\/v2\/media?parent=3969"}],"wp:term":[{"taxonomy":"tecnologia","embeddable":true,"href":"https:\/\/www.atlantastretch.com\/it\/wp-json\/wp\/v2\/tecnologia?post=3969"},{"taxonomy":"product_cat","embeddable":true,"href":"https:\/\/www.atlantastretch.com\/it\/wp-json\/wp\/v2\/product_cat?post=3969"},{"taxonomy":"product_tag","embeddable":true,"href":"https:\/\/www.atlantastretch.com\/it\/wp-json\/wp\/v2\/product_tag?post=3969"}],"curies":[{"name":"wp","href":"https:\/\/api.w.org\/{rel}","templated":true}]}}