{"id":20035,"date":"2026-03-06T16:16:42","date_gmt":"2026-03-06T15:16:42","guid":{"rendered":"https:\/\/www.atlantastretch.com\/?post_type=product&#038;p=20035"},"modified":"2026-03-09T11:59:12","modified_gmt":"2026-03-09T10:59:12","slug":"mira","status":"publish","type":"product","link":"https:\/\/www.atlantastretch.com\/nl\/product\/mira\/","title":{"rendered":"MIRA"},"content":{"rendered":"<h1><strong>MIRA: de toekomst van verpakkingen is vandaag al realiteit.<\/strong><\/h1>\n<h2><strong>De automatiseringsrevolutie in de verpakkingsindustrie.<\/strong><\/h2>\n<p>MIRA bereikt <strong>het hoogste automatiseringsniveau<\/strong> dat ooit door een verpakkingsrobot is bereikt, een machine die niet alleen een technologische sprong voorwaarts betekent, maar <strong>een echte revolutie in de verpakkingsindustrie<\/strong>.<\/p>\n<p>Dankzij een <strong>geavanceerd navigatiesysteem<\/strong> beweegt hij zich volledig autonoom binnen het werkgebied, van de ene pallet naar de andere, zonder ooit in contact te komen met het product.<\/p>\n<h3>Multistationmodus<\/h3>\n<p>Dit is de echte revolutie van MIRA: hij beweegt zich van het ene verpakkingsstation naar het andere, <strong>voert cycli uit zonder onderbreking en cre\u00ebert zo een werkelijk eindeloos proces<\/strong>. De verpakkingsfase verloopt volledig automatisch dankzij het <strong>ARYA-systeem<\/strong>.<\/p>\n<h3>Veiligheid voorop<\/h3>\n<p>MIRA is uitgerust met <strong>geavanceerde veiligheidssystemen<\/strong> die een betrouwbare werking garanderen, zelfs tijdens het rijden: het is voorzien van<strong> een blauw lichtboogsysteem<\/strong> dat operators waarschuwt voor zijn actieradius, activeert indien nodig een <strong>noodstop<\/strong> en is <strong>ook in staat om obstakels onderweg te herkennen en te vermijden<\/strong>.<\/p>\n<p>&nbsp;<\/p>\n","protected":false},"excerpt":{"rendered":"<ul>\n<li>Het beweegt <strong>volledig onafhankelijk<\/strong>.<\/li>\n<li>Het voert volledig automatische wikkelcycli uit dankzij het <strong>ARYA-patent<\/strong>.<\/li>\n<li><strong>Geen contact<\/strong> met het product.<\/li>\n<li><strong>Multistationmodus<\/strong> voor een<strong> eindeloos wikkelproces<\/strong>.<\/li>\n<li>De combinatie van het ARYA-systeem en voorrekwagens zorgt voor aanzienlijke besparingen in tijd en geld.<\/li>\n<li>Maximale <strong>ergonomie<\/strong> voor de operator.<\/li>\n<li>Met het gebruiksvriendelijke display kunt u onbeperkte wikkelcycli cre\u00ebren.<\/li>\n<li><strong>Geavanceerde veiligheidssystemen<\/strong>.<\/li>\n<li>V<strong>erkort<\/strong> de verpakkingstijden.<\/li>\n<\/ul>\n","protected":false},"featured_media":20300,"comment_status":"open","ping_status":"closed","template":"","meta":{"_acf_changed":false,"_et_pb_use_builder":"off","_et_pb_old_content":"<h2>REVOLUTION DOUBLE \u00e8 un brevetto di ATLANTA STRETCH<\/h2>\r\nCon tutti i vantaggi delle macchine REVOLUTION LS \/ HS standard questo modello \u00e8 equipaggiato con due carrelli di prestiro (PRS o PS) garantendo cos\u00ec una capacit\u00e0 di almeno il 25% superiore a quella di una macchina standard.\r\n\r\nI carrelli sono sulla stessa parte della colonna e permettono di usare un UNICO sistema di pinzatura-taglio e saldatura del film. Anche le operazioni dell\u2019addetto al cambio film sono semplificate e solo su un lato della linea. La sicurezza dell\u2019ambiente di lavoro \u00e8 totalmente garantita.","_et_gb_content_width":"","_crsspst_to_wwwglobustapecom":false},"tecnologia":[118],"product_cat":[92],"product_tag":[445],"class_list":{"0":"post-20035","1":"product","2":"type-product","3":"status-publish","4":"has-post-thumbnail","6":"tecnologia-selbstfahrende-verpackungsmaschine-2","7":"product_cat-semi-automatische-rekwikkelmachine","8":"product_tag-media-25-nl","10":"first","11":"instock","12":"shipping-taxable","13":"product-type-simple"},"acf":[],"yoast_head":"<!-- This site is optimized with the Yoast SEO plugin v22.9 - https:\/\/yoast.com\/wordpress\/plugins\/seo\/ -->\n<title>MIRA - Atlanta Stretch<\/title>\n<meta name=\"description\" content=\"- MIRA - Atlanta Stretch %\" \/>\n<meta name=\"robots\" content=\"index, follow, max-snippet:-1, max-image-preview:large, max-video-preview:-1\" \/>\n<link rel=\"canonical\" href=\"https:\/\/www.atlantastretch.com\/nl\/product\/mira\/\" \/>\n<meta property=\"og:locale\" content=\"nl_NL\" \/>\n<meta property=\"og:type\" content=\"article\" \/>\n<meta property=\"og:title\" content=\"MIRA - Atlanta Stretch\" \/>\n<meta property=\"og:description\" content=\"- MIRA - Atlanta Stretch %\" \/>\n<meta property=\"og:site_name\" content=\"Atlanta Stretch\" \/>\n<meta property=\"article:publisher\" content=\"https:\/\/www.facebook.com\/atlantastretchspa\" \/>\n<meta property=\"article:modified_time\" content=\"2026-03-09T10:59:12+00:00\" \/>\n<meta property=\"og:image\" content=\"https:\/\/www.atlantastretch.com\/wp-content\/uploads\/2026\/03\/Tiny_1080-x1080-1.png\" \/>\n\t<meta property=\"og:image:width\" content=\"1080\" \/>\n\t<meta property=\"og:image:height\" content=\"1080\" \/>\n\t<meta property=\"og:image:type\" content=\"image\/png\" \/>\n<meta name=\"twitter:card\" content=\"summary_large_image\" \/>\n<script type=\"application\/ld+json\" class=\"yoast-schema-graph\">{\"@context\":\"https:\/\/schema.org\",\"@graph\":[{\"@type\":\"WebPage\",\"@id\":\"https:\/\/www.atlantastretch.com\/nl\/product\/mira\/\",\"url\":\"https:\/\/www.atlantastretch.com\/nl\/product\/mira\/\",\"name\":\"MIRA - Atlanta Stretch\",\"isPartOf\":{\"@id\":\"https:\/\/www.atlantastretch.com\/nl\/#website\"},\"primaryImageOfPage\":{\"@id\":\"https:\/\/www.atlantastretch.com\/nl\/product\/mira\/#primaryimage\"},\"image\":{\"@id\":\"https:\/\/www.atlantastretch.com\/nl\/product\/mira\/#primaryimage\"},\"thumbnailUrl\":\"https:\/\/www.atlantastretch.com\/wp-content\/uploads\/2026\/03\/1080-x1080.png\",\"datePublished\":\"2026-03-06T15:16:42+00:00\",\"dateModified\":\"2026-03-09T10:59:12+00:00\",\"description\":\"- MIRA - Atlanta Stretch %\",\"breadcrumb\":{\"@id\":\"https:\/\/www.atlantastretch.com\/nl\/product\/mira\/#breadcrumb\"},\"inLanguage\":\"nl-NL\",\"potentialAction\":[{\"@type\":\"ReadAction\",\"target\":[\"https:\/\/www.atlantastretch.com\/nl\/product\/mira\/\"]}]},{\"@type\":\"ImageObject\",\"inLanguage\":\"nl-NL\",\"@id\":\"https:\/\/www.atlantastretch.com\/nl\/product\/mira\/#primaryimage\",\"url\":\"https:\/\/www.atlantastretch.com\/wp-content\/uploads\/2026\/03\/1080-x1080.png\",\"contentUrl\":\"https:\/\/www.atlantastretch.com\/wp-content\/uploads\/2026\/03\/1080-x1080.png\",\"width\":1080,\"height\":1080},{\"@type\":\"BreadcrumbList\",\"@id\":\"https:\/\/www.atlantastretch.com\/nl\/product\/mira\/#breadcrumb\",\"itemListElement\":[{\"@type\":\"ListItem\",\"position\":1,\"name\":\"Home\",\"item\":\"https:\/\/www.atlantastretch.com\/nl\/\"},{\"@type\":\"ListItem\",\"position\":2,\"name\":\"Catalogo\",\"item\":\"https:\/\/www.atlantastretch.com\/nl\/winkel\/\"},{\"@type\":\"ListItem\",\"position\":3,\"name\":\"MIRA\"}]},{\"@type\":\"WebSite\",\"@id\":\"https:\/\/www.atlantastretch.com\/nl\/#website\",\"url\":\"https:\/\/www.atlantastretch.com\/nl\/\",\"name\":\"Atlanta Stretch\",\"description\":\"Macchine per imballaggio pallet con film\",\"publisher\":{\"@id\":\"https:\/\/www.atlantastretch.com\/nl\/#organization\"},\"alternateName\":\"Atlanta Stretch soluzioni per il finelinea\",\"potentialAction\":[{\"@type\":\"SearchAction\",\"target\":{\"@type\":\"EntryPoint\",\"urlTemplate\":\"https:\/\/www.atlantastretch.com\/nl\/?s={search_term_string}\"},\"query-input\":\"required name=search_term_string\"}],\"inLanguage\":\"nl-NL\"},{\"@type\":\"Organization\",\"@id\":\"https:\/\/www.atlantastretch.com\/nl\/#organization\",\"name\":\"Atlanta Stretch\",\"alternateName\":\"Atlanta Stretch soluzioni per il finelinea\",\"url\":\"https:\/\/www.atlantastretch.com\/nl\/\",\"logo\":{\"@type\":\"ImageObject\",\"inLanguage\":\"nl-NL\",\"@id\":\"https:\/\/www.atlantastretch.com\/nl\/#\/schema\/logo\/image\/\",\"url\":\"https:\/\/www.atlantastretch.com\/wp-content\/uploads\/2024\/01\/cropped-logotipo-rosso.png\",\"contentUrl\":\"https:\/\/www.atlantastretch.com\/wp-content\/uploads\/2024\/01\/cropped-logotipo-rosso.png\",\"width\":512,\"height\":512,\"caption\":\"Atlanta Stretch\"},\"image\":{\"@id\":\"https:\/\/www.atlantastretch.com\/nl\/#\/schema\/logo\/image\/\"},\"sameAs\":[\"https:\/\/www.facebook.com\/atlantastretchspa\",\"https:\/\/www.instagram.com\/atlantastretch_official\/\",\"https:\/\/www.linkedin.com\/company\/atlanta-stretch-spa\/\",\"https:\/\/www.youtube.com\/channel\/UCqNtlDqg_fw0AIH20Kfj04Q\"]}]}<\/script>\n<!-- \/ Yoast SEO plugin. -->","yoast_head_json":{"title":"MIRA - Atlanta Stretch","description":"- MIRA - Atlanta Stretch %","robots":{"index":"index","follow":"follow","max-snippet":"max-snippet:-1","max-image-preview":"max-image-preview:large","max-video-preview":"max-video-preview:-1"},"canonical":"https:\/\/www.atlantastretch.com\/nl\/product\/mira\/","og_locale":"nl_NL","og_type":"article","og_title":"MIRA - Atlanta Stretch","og_description":"- MIRA - Atlanta Stretch %","og_site_name":"Atlanta Stretch","article_publisher":"https:\/\/www.facebook.com\/atlantastretchspa","article_modified_time":"2026-03-09T10:59:12+00:00","og_image":[{"width":1080,"height":1080,"url":"https:\/\/www.atlantastretch.com\/wp-content\/uploads\/2026\/03\/Tiny_1080-x1080-1.png","type":"image\/png"}],"twitter_card":"summary_large_image","schema":{"@context":"https:\/\/schema.org","@graph":[{"@type":"WebPage","@id":"https:\/\/www.atlantastretch.com\/nl\/product\/mira\/","url":"https:\/\/www.atlantastretch.com\/nl\/product\/mira\/","name":"MIRA - Atlanta Stretch","isPartOf":{"@id":"https:\/\/www.atlantastretch.com\/nl\/#website"},"primaryImageOfPage":{"@id":"https:\/\/www.atlantastretch.com\/nl\/product\/mira\/#primaryimage"},"image":{"@id":"https:\/\/www.atlantastretch.com\/nl\/product\/mira\/#primaryimage"},"thumbnailUrl":"https:\/\/www.atlantastretch.com\/wp-content\/uploads\/2026\/03\/1080-x1080.png","datePublished":"2026-03-06T15:16:42+00:00","dateModified":"2026-03-09T10:59:12+00:00","description":"- MIRA - Atlanta Stretch %","breadcrumb":{"@id":"https:\/\/www.atlantastretch.com\/nl\/product\/mira\/#breadcrumb"},"inLanguage":"nl-NL","potentialAction":[{"@type":"ReadAction","target":["https:\/\/www.atlantastretch.com\/nl\/product\/mira\/"]}]},{"@type":"ImageObject","inLanguage":"nl-NL","@id":"https:\/\/www.atlantastretch.com\/nl\/product\/mira\/#primaryimage","url":"https:\/\/www.atlantastretch.com\/wp-content\/uploads\/2026\/03\/1080-x1080.png","contentUrl":"https:\/\/www.atlantastretch.com\/wp-content\/uploads\/2026\/03\/1080-x1080.png","width":1080,"height":1080},{"@type":"BreadcrumbList","@id":"https:\/\/www.atlantastretch.com\/nl\/product\/mira\/#breadcrumb","itemListElement":[{"@type":"ListItem","position":1,"name":"Home","item":"https:\/\/www.atlantastretch.com\/nl\/"},{"@type":"ListItem","position":2,"name":"Catalogo","item":"https:\/\/www.atlantastretch.com\/nl\/winkel\/"},{"@type":"ListItem","position":3,"name":"MIRA"}]},{"@type":"WebSite","@id":"https:\/\/www.atlantastretch.com\/nl\/#website","url":"https:\/\/www.atlantastretch.com\/nl\/","name":"Atlanta Stretch","description":"Macchine per imballaggio pallet con film","publisher":{"@id":"https:\/\/www.atlantastretch.com\/nl\/#organization"},"alternateName":"Atlanta Stretch soluzioni per il finelinea","potentialAction":[{"@type":"SearchAction","target":{"@type":"EntryPoint","urlTemplate":"https:\/\/www.atlantastretch.com\/nl\/?s={search_term_string}"},"query-input":"required name=search_term_string"}],"inLanguage":"nl-NL"},{"@type":"Organization","@id":"https:\/\/www.atlantastretch.com\/nl\/#organization","name":"Atlanta Stretch","alternateName":"Atlanta Stretch soluzioni per il finelinea","url":"https:\/\/www.atlantastretch.com\/nl\/","logo":{"@type":"ImageObject","inLanguage":"nl-NL","@id":"https:\/\/www.atlantastretch.com\/nl\/#\/schema\/logo\/image\/","url":"https:\/\/www.atlantastretch.com\/wp-content\/uploads\/2024\/01\/cropped-logotipo-rosso.png","contentUrl":"https:\/\/www.atlantastretch.com\/wp-content\/uploads\/2024\/01\/cropped-logotipo-rosso.png","width":512,"height":512,"caption":"Atlanta Stretch"},"image":{"@id":"https:\/\/www.atlantastretch.com\/nl\/#\/schema\/logo\/image\/"},"sameAs":["https:\/\/www.facebook.com\/atlantastretchspa","https:\/\/www.instagram.com\/atlantastretch_official\/","https:\/\/www.linkedin.com\/company\/atlanta-stretch-spa\/","https:\/\/www.youtube.com\/channel\/UCqNtlDqg_fw0AIH20Kfj04Q"]}]}},"_links":{"self":[{"href":"https:\/\/www.atlantastretch.com\/nl\/wp-json\/wp\/v2\/product\/20035","targetHints":{"allow":["GET"]}}],"collection":[{"href":"https:\/\/www.atlantastretch.com\/nl\/wp-json\/wp\/v2\/product"}],"about":[{"href":"https:\/\/www.atlantastretch.com\/nl\/wp-json\/wp\/v2\/types\/product"}],"replies":[{"embeddable":true,"href":"https:\/\/www.atlantastretch.com\/nl\/wp-json\/wp\/v2\/comments?post=20035"}],"wp:featuredmedia":[{"embeddable":true,"href":"https:\/\/www.atlantastretch.com\/nl\/wp-json\/wp\/v2\/media\/20300"}],"wp:attachment":[{"href":"https:\/\/www.atlantastretch.com\/nl\/wp-json\/wp\/v2\/media?parent=20035"}],"wp:term":[{"taxonomy":"tecnologia","embeddable":true,"href":"https:\/\/www.atlantastretch.com\/nl\/wp-json\/wp\/v2\/tecnologia?post=20035"},{"taxonomy":"product_cat","embeddable":true,"href":"https:\/\/www.atlantastretch.com\/nl\/wp-json\/wp\/v2\/product_cat?post=20035"},{"taxonomy":"product_tag","embeddable":true,"href":"https:\/\/www.atlantastretch.com\/nl\/wp-json\/wp\/v2\/product_tag?post=20035"}],"curies":[{"name":"wp","href":"https:\/\/api.w.org\/{rel}","templated":true}]}}