{"id":7431,"date":"2024-02-26T17:26:17","date_gmt":"2024-02-26T16:26:17","guid":{"rendered":"https:\/\/www.atlantastretch.com\/prodotto\/synthesi\/"},"modified":"2024-03-20T12:34:03","modified_gmt":"2024-03-20T11:34:03","slug":"synthesi","status":"publish","type":"product","link":"https:\/\/www.atlantastretch.com\/nl\/product\/synthesi\/","title":{"rendered":"Synthesi"},"content":{"rendered":"<h3>Synthesi<\/h3>\n<p>SYNTHESI eenvoudige wikkelmachine, uitvoerbaar met drie verschillende foliewagens FM \/ FE &amp; OPRS en een reeks aan interesante opties. Dit instapmodel is met name geschikt voor de kleinere verbruiker van wikkelfolie, waarbij de kosten voor folieverbruik zo laag mogelijk moeten zijn. Opties zoals het wikkelen van hogere pallets, grotere palletformaten of het werken met een aandrukplaat worden ook bij dit model standaard aangeboden.<\/p>\n","protected":false},"excerpt":{"rendered":"<ul>\n<li>Altezza Standard di avvolgimento: 2000 mm<\/li>\n<li>Altezza linea alimentazione standard: da 450 a 500 mm<\/li>\n<li>Velocit\u00e0 rotazione braccio regolabile con inverter: max 30 giri al minuto<\/li>\n<li>Velocit\u00e0 di discesa del carrello: selezionabile liberamente<\/li>\n<\/ul>\n","protected":false},"featured_media":16564,"comment_status":"open","ping_status":"closed","template":"","meta":{"_acf_changed":false,"_et_pb_use_builder":"off","_et_pb_old_content":"<h2>REVOLUTION DOUBLE \u00e8 un brevetto di ATLANTA STRETCH<\/h2>\r\nCon tutti i vantaggi delle macchine REVOLUTION LS \/ HS standard questo modello \u00e8 equipaggiato con due carrelli di prestiro (PRS o PS) garantendo cos\u00ec una capacit\u00e0 di almeno il 25% superiore a quella di una macchina standard.\r\n\r\nI carrelli sono sulla stessa parte della colonna e permettono di usare un UNICO sistema di pinzatura-taglio e saldatura del film. Anche le operazioni dell\u2019addetto al cambio film sono semplificate e solo su un lato della linea. La sicurezza dell\u2019ambiente di lavoro \u00e8 totalmente garantita.","_et_gb_content_width":"","_crsspst_to_wwwglobustapecom":false},"tecnologia":[109],"product_cat":[92],"product_tag":[445],"class_list":{"0":"post-7431","1":"product","2":"type-product","3":"status-publish","4":"has-post-thumbnail","6":"tecnologia-verpackungsmaschine-mit-rotierendem-tisch-2","7":"product_cat-semi-automatische-rekwikkelmachine","8":"product_tag-media-25-nl","10":"first","11":"instock","12":"shipping-taxable","13":"product-type-simple"},"acf":[],"yoast_head":"<!-- This site is optimized with the Yoast SEO plugin v22.9 - https:\/\/yoast.com\/wordpress\/plugins\/seo\/ -->\n<title>Synthesi - Atlanta Stretch<\/title>\n<meta name=\"description\" content=\"- Synthesi - Atlanta Stretch %\" \/>\n<meta name=\"robots\" content=\"index, follow, max-snippet:-1, max-image-preview:large, max-video-preview:-1\" \/>\n<link rel=\"canonical\" href=\"https:\/\/www.atlantastretch.com\/nl\/product\/synthesi\/\" \/>\n<meta property=\"og:locale\" content=\"nl_NL\" \/>\n<meta property=\"og:type\" content=\"article\" \/>\n<meta property=\"og:title\" content=\"Synthesi - Atlanta Stretch\" \/>\n<meta property=\"og:description\" content=\"- Synthesi - Atlanta Stretch %\" \/>\n<meta property=\"og:site_name\" content=\"Atlanta Stretch\" \/>\n<meta property=\"article:publisher\" content=\"https:\/\/www.facebook.com\/atlantastretchspa\" \/>\n<meta property=\"article:modified_time\" content=\"2024-03-20T11:34:03+00:00\" \/>\n<meta property=\"og:image\" content=\"https:\/\/www.atlantastretch.com\/wp-content\/uploads\/2024\/02\/Synthesi-2.png\" \/>\n\t<meta property=\"og:image:width\" content=\"1080\" \/>\n\t<meta property=\"og:image:height\" content=\"1080\" \/>\n\t<meta property=\"og:image:type\" content=\"image\/png\" \/>\n<meta name=\"twitter:card\" content=\"summary_large_image\" \/>\n<script type=\"application\/ld+json\" class=\"yoast-schema-graph\">{\"@context\":\"https:\/\/schema.org\",\"@graph\":[{\"@type\":\"WebPage\",\"@id\":\"https:\/\/www.atlantastretch.com\/nl\/product\/synthesi\/\",\"url\":\"https:\/\/www.atlantastretch.com\/nl\/product\/synthesi\/\",\"name\":\"Synthesi - Atlanta Stretch\",\"isPartOf\":{\"@id\":\"https:\/\/www.atlantastretch.com\/nl\/#website\"},\"primaryImageOfPage\":{\"@id\":\"https:\/\/www.atlantastretch.com\/nl\/product\/synthesi\/#primaryimage\"},\"image\":{\"@id\":\"https:\/\/www.atlantastretch.com\/nl\/product\/synthesi\/#primaryimage\"},\"thumbnailUrl\":\"https:\/\/www.atlantastretch.com\/wp-content\/uploads\/2024\/02\/1080X1080_0005_SYNTHESI_FM.png\",\"datePublished\":\"2024-02-26T16:26:17+00:00\",\"dateModified\":\"2024-03-20T11:34:03+00:00\",\"description\":\"- Synthesi - Atlanta Stretch %\",\"breadcrumb\":{\"@id\":\"https:\/\/www.atlantastretch.com\/nl\/product\/synthesi\/#breadcrumb\"},\"inLanguage\":\"nl-NL\",\"potentialAction\":[{\"@type\":\"ReadAction\",\"target\":[\"https:\/\/www.atlantastretch.com\/nl\/product\/synthesi\/\"]}]},{\"@type\":\"ImageObject\",\"inLanguage\":\"nl-NL\",\"@id\":\"https:\/\/www.atlantastretch.com\/nl\/product\/synthesi\/#primaryimage\",\"url\":\"https:\/\/www.atlantastretch.com\/wp-content\/uploads\/2024\/02\/1080X1080_0005_SYNTHESI_FM.png\",\"contentUrl\":\"https:\/\/www.atlantastretch.com\/wp-content\/uploads\/2024\/02\/1080X1080_0005_SYNTHESI_FM.png\",\"width\":1080,\"height\":1080},{\"@type\":\"BreadcrumbList\",\"@id\":\"https:\/\/www.atlantastretch.com\/nl\/product\/synthesi\/#breadcrumb\",\"itemListElement\":[{\"@type\":\"ListItem\",\"position\":1,\"name\":\"Home\",\"item\":\"https:\/\/www.atlantastretch.com\/nl\/\"},{\"@type\":\"ListItem\",\"position\":2,\"name\":\"Catalogo\",\"item\":\"https:\/\/www.atlantastretch.com\/nl\/winkel\/\"},{\"@type\":\"ListItem\",\"position\":3,\"name\":\"Synthesi\"}]},{\"@type\":\"WebSite\",\"@id\":\"https:\/\/www.atlantastretch.com\/nl\/#website\",\"url\":\"https:\/\/www.atlantastretch.com\/nl\/\",\"name\":\"Atlanta Stretch\",\"description\":\"Macchine per imballaggio pallet con film\",\"publisher\":{\"@id\":\"https:\/\/www.atlantastretch.com\/nl\/#organization\"},\"alternateName\":\"Atlanta Stretch soluzioni per il finelinea\",\"potentialAction\":[{\"@type\":\"SearchAction\",\"target\":{\"@type\":\"EntryPoint\",\"urlTemplate\":\"https:\/\/www.atlantastretch.com\/nl\/?s={search_term_string}\"},\"query-input\":\"required name=search_term_string\"}],\"inLanguage\":\"nl-NL\"},{\"@type\":\"Organization\",\"@id\":\"https:\/\/www.atlantastretch.com\/nl\/#organization\",\"name\":\"Atlanta Stretch\",\"alternateName\":\"Atlanta Stretch soluzioni per il finelinea\",\"url\":\"https:\/\/www.atlantastretch.com\/nl\/\",\"logo\":{\"@type\":\"ImageObject\",\"inLanguage\":\"nl-NL\",\"@id\":\"https:\/\/www.atlantastretch.com\/nl\/#\/schema\/logo\/image\/\",\"url\":\"https:\/\/www.atlantastretch.com\/wp-content\/uploads\/2024\/01\/cropped-logotipo-rosso.png\",\"contentUrl\":\"https:\/\/www.atlantastretch.com\/wp-content\/uploads\/2024\/01\/cropped-logotipo-rosso.png\",\"width\":512,\"height\":512,\"caption\":\"Atlanta Stretch\"},\"image\":{\"@id\":\"https:\/\/www.atlantastretch.com\/nl\/#\/schema\/logo\/image\/\"},\"sameAs\":[\"https:\/\/www.facebook.com\/atlantastretchspa\",\"https:\/\/www.instagram.com\/atlantastretch_official\/\",\"https:\/\/www.linkedin.com\/company\/atlanta-stretch-spa\/\",\"https:\/\/www.youtube.com\/channel\/UCqNtlDqg_fw0AIH20Kfj04Q\"]}]}<\/script>\n<!-- \/ Yoast SEO plugin. -->","yoast_head_json":{"title":"Synthesi - Atlanta Stretch","description":"- Synthesi - Atlanta Stretch %","robots":{"index":"index","follow":"follow","max-snippet":"max-snippet:-1","max-image-preview":"max-image-preview:large","max-video-preview":"max-video-preview:-1"},"canonical":"https:\/\/www.atlantastretch.com\/nl\/product\/synthesi\/","og_locale":"nl_NL","og_type":"article","og_title":"Synthesi - Atlanta Stretch","og_description":"- Synthesi - Atlanta Stretch %","og_site_name":"Atlanta Stretch","article_publisher":"https:\/\/www.facebook.com\/atlantastretchspa","article_modified_time":"2024-03-20T11:34:03+00:00","og_image":[{"width":1080,"height":1080,"url":"https:\/\/www.atlantastretch.com\/wp-content\/uploads\/2024\/02\/Synthesi-2.png","type":"image\/png"}],"twitter_card":"summary_large_image","schema":{"@context":"https:\/\/schema.org","@graph":[{"@type":"WebPage","@id":"https:\/\/www.atlantastretch.com\/nl\/product\/synthesi\/","url":"https:\/\/www.atlantastretch.com\/nl\/product\/synthesi\/","name":"Synthesi - Atlanta Stretch","isPartOf":{"@id":"https:\/\/www.atlantastretch.com\/nl\/#website"},"primaryImageOfPage":{"@id":"https:\/\/www.atlantastretch.com\/nl\/product\/synthesi\/#primaryimage"},"image":{"@id":"https:\/\/www.atlantastretch.com\/nl\/product\/synthesi\/#primaryimage"},"thumbnailUrl":"https:\/\/www.atlantastretch.com\/wp-content\/uploads\/2024\/02\/1080X1080_0005_SYNTHESI_FM.png","datePublished":"2024-02-26T16:26:17+00:00","dateModified":"2024-03-20T11:34:03+00:00","description":"- Synthesi - Atlanta Stretch %","breadcrumb":{"@id":"https:\/\/www.atlantastretch.com\/nl\/product\/synthesi\/#breadcrumb"},"inLanguage":"nl-NL","potentialAction":[{"@type":"ReadAction","target":["https:\/\/www.atlantastretch.com\/nl\/product\/synthesi\/"]}]},{"@type":"ImageObject","inLanguage":"nl-NL","@id":"https:\/\/www.atlantastretch.com\/nl\/product\/synthesi\/#primaryimage","url":"https:\/\/www.atlantastretch.com\/wp-content\/uploads\/2024\/02\/1080X1080_0005_SYNTHESI_FM.png","contentUrl":"https:\/\/www.atlantastretch.com\/wp-content\/uploads\/2024\/02\/1080X1080_0005_SYNTHESI_FM.png","width":1080,"height":1080},{"@type":"BreadcrumbList","@id":"https:\/\/www.atlantastretch.com\/nl\/product\/synthesi\/#breadcrumb","itemListElement":[{"@type":"ListItem","position":1,"name":"Home","item":"https:\/\/www.atlantastretch.com\/nl\/"},{"@type":"ListItem","position":2,"name":"Catalogo","item":"https:\/\/www.atlantastretch.com\/nl\/winkel\/"},{"@type":"ListItem","position":3,"name":"Synthesi"}]},{"@type":"WebSite","@id":"https:\/\/www.atlantastretch.com\/nl\/#website","url":"https:\/\/www.atlantastretch.com\/nl\/","name":"Atlanta Stretch","description":"Macchine per imballaggio pallet con film","publisher":{"@id":"https:\/\/www.atlantastretch.com\/nl\/#organization"},"alternateName":"Atlanta Stretch soluzioni per il finelinea","potentialAction":[{"@type":"SearchAction","target":{"@type":"EntryPoint","urlTemplate":"https:\/\/www.atlantastretch.com\/nl\/?s={search_term_string}"},"query-input":"required name=search_term_string"}],"inLanguage":"nl-NL"},{"@type":"Organization","@id":"https:\/\/www.atlantastretch.com\/nl\/#organization","name":"Atlanta Stretch","alternateName":"Atlanta Stretch soluzioni per il finelinea","url":"https:\/\/www.atlantastretch.com\/nl\/","logo":{"@type":"ImageObject","inLanguage":"nl-NL","@id":"https:\/\/www.atlantastretch.com\/nl\/#\/schema\/logo\/image\/","url":"https:\/\/www.atlantastretch.com\/wp-content\/uploads\/2024\/01\/cropped-logotipo-rosso.png","contentUrl":"https:\/\/www.atlantastretch.com\/wp-content\/uploads\/2024\/01\/cropped-logotipo-rosso.png","width":512,"height":512,"caption":"Atlanta Stretch"},"image":{"@id":"https:\/\/www.atlantastretch.com\/nl\/#\/schema\/logo\/image\/"},"sameAs":["https:\/\/www.facebook.com\/atlantastretchspa","https:\/\/www.instagram.com\/atlantastretch_official\/","https:\/\/www.linkedin.com\/company\/atlanta-stretch-spa\/","https:\/\/www.youtube.com\/channel\/UCqNtlDqg_fw0AIH20Kfj04Q"]}]}},"_links":{"self":[{"href":"https:\/\/www.atlantastretch.com\/nl\/wp-json\/wp\/v2\/product\/7431","targetHints":{"allow":["GET"]}}],"collection":[{"href":"https:\/\/www.atlantastretch.com\/nl\/wp-json\/wp\/v2\/product"}],"about":[{"href":"https:\/\/www.atlantastretch.com\/nl\/wp-json\/wp\/v2\/types\/product"}],"replies":[{"embeddable":true,"href":"https:\/\/www.atlantastretch.com\/nl\/wp-json\/wp\/v2\/comments?post=7431"}],"wp:featuredmedia":[{"embeddable":true,"href":"https:\/\/www.atlantastretch.com\/nl\/wp-json\/wp\/v2\/media\/16564"}],"wp:attachment":[{"href":"https:\/\/www.atlantastretch.com\/nl\/wp-json\/wp\/v2\/media?parent=7431"}],"wp:term":[{"taxonomy":"tecnologia","embeddable":true,"href":"https:\/\/www.atlantastretch.com\/nl\/wp-json\/wp\/v2\/tecnologia?post=7431"},{"taxonomy":"product_cat","embeddable":true,"href":"https:\/\/www.atlantastretch.com\/nl\/wp-json\/wp\/v2\/product_cat?post=7431"},{"taxonomy":"product_tag","embeddable":true,"href":"https:\/\/www.atlantastretch.com\/nl\/wp-json\/wp\/v2\/product_tag?post=7431"}],"curies":[{"name":"wp","href":"https:\/\/api.w.org\/{rel}","templated":true}]}}