{"id":7455,"date":"2024-02-27T09:34:11","date_gmt":"2024-02-27T08:34:11","guid":{"rendered":"https:\/\/www.atlantastretch.com\/prodotto\/sfera-with-arm\/"},"modified":"2024-03-20T12:33:23","modified_gmt":"2024-03-20T11:33:23","slug":"sfera-with-arm","status":"publish","type":"product","link":"https:\/\/www.atlantastretch.com\/nl\/product\/sfera-with-arm\/","title":{"rendered":"Sfera with arm"},"content":{"rendered":"<h3>Mobiele wikkelaar<\/h3>\n<p>Dit model kan zich aanpassen aan uw behoeften. Het instapmodel SFERA kan uitgroeien tot een echte kostenbespaarder. Uitgevoerd met een PS Voorek system garandeerd deze machine de laagste gebruikskosten haalbaar, in vergelijk tot andere gelijkwaardige modellen in de markt.<\/p>\n<p>Vandaag kan worden besloten tot aankoop van een budgetmachine, die perfect zal aansluiten op een toekomstige behoefte die niet in overweging werd genomen bij de aankoop. De machine kan dus zeer eenvoudig worden uitbereid met een\u00a0 EEN of TWEE motorige voorrek installatie.<\/p>\n<p>Het eenvoudig in te stellen 11&#8243; TOUCH SCREEN bedieningspaneel bied de mogelijkheid tot het instellen van een aantal parameters. Deze maken het mogelijk maken om de machine optimaal te bedienen, resulterend in de hoogste kwaliteit en beste wikkelprocess voor de produkten.<\/p>\n<p>De combinatie met de zeer hoogwaardige PLC en de mogelijkheid om tot 99 programmas in te stellen maken deze machine klaar voor de 21ste eeuw.<\/p>\n","protected":false},"excerpt":{"rendered":"<ul>\n<li>Altezza Standard di avvolgimento: 2000 mm<\/li>\n<li>Altezza linea alimentazione standard: da 450 a 500 mm<\/li>\n<li>Velocit\u00e0 rotazione braccio regolabile con inverter: max 30 giri al minuto<\/li>\n<li>Velocit\u00e0 di discesa del carrello: selezionabile liberamente<\/li>\n<\/ul>\n","protected":false},"featured_media":18814,"comment_status":"open","ping_status":"closed","template":"","meta":{"_acf_changed":false,"_et_pb_use_builder":"off","_et_pb_old_content":"<h2>REVOLUTION DOUBLE \u00e8 un brevetto di ATLANTA STRETCH<\/h2>\r\nCon tutti i vantaggi delle macchine REVOLUTION LS \/ HS standard questo modello \u00e8 equipaggiato con due carrelli di prestiro (PRS o PS) garantendo cos\u00ec una capacit\u00e0 di almeno il 25% superiore a quella di una macchina standard.\r\n\r\nI carrelli sono sulla stessa parte della colonna e permettono di usare un UNICO sistema di pinzatura-taglio e saldatura del film. Anche le operazioni dell\u2019addetto al cambio film sono semplificate e solo su un lato della linea. La sicurezza dell\u2019ambiente di lavoro \u00e8 totalmente garantita.","_et_gb_content_width":"","_crsspst_to_wwwglobustapecom":false},"tecnologia":[118],"product_cat":[92],"product_tag":[445],"class_list":{"0":"post-7455","1":"product","2":"type-product","3":"status-publish","4":"has-post-thumbnail","6":"tecnologia-selbstfahrende-verpackungsmaschine-2","7":"product_cat-semi-automatische-rekwikkelmachine","8":"product_tag-media-25-nl","10":"first","11":"instock","12":"shipping-taxable","13":"product-type-simple"},"acf":[],"yoast_head":"<!-- This site is optimized with the Yoast SEO plugin v22.9 - https:\/\/yoast.com\/wordpress\/plugins\/seo\/ -->\n<title>Sfera with arm - Atlanta Stretch<\/title>\n<meta name=\"description\" content=\"- Sfera with arm - Atlanta Stretch %\" \/>\n<meta name=\"robots\" content=\"index, follow, max-snippet:-1, max-image-preview:large, max-video-preview:-1\" \/>\n<link rel=\"canonical\" href=\"https:\/\/www.atlantastretch.com\/nl\/product\/sfera-with-arm\/\" \/>\n<meta property=\"og:locale\" content=\"nl_NL\" \/>\n<meta property=\"og:type\" content=\"article\" \/>\n<meta property=\"og:title\" content=\"Sfera with arm - Atlanta Stretch\" \/>\n<meta property=\"og:description\" content=\"- Sfera with arm - Atlanta Stretch %\" \/>\n<meta property=\"og:site_name\" content=\"Atlanta Stretch\" \/>\n<meta property=\"article:publisher\" content=\"https:\/\/www.facebook.com\/atlantastretchspa\" \/>\n<meta property=\"article:modified_time\" content=\"2024-03-20T11:33:23+00:00\" \/>\n<meta property=\"og:image\" content=\"https:\/\/www.atlantastretch.com\/wp-content\/uploads\/2024\/02\/Sfera-con-braccio.png\" \/>\n\t<meta property=\"og:image:width\" content=\"1080\" \/>\n\t<meta property=\"og:image:height\" content=\"1080\" \/>\n\t<meta property=\"og:image:type\" content=\"image\/png\" \/>\n<meta name=\"twitter:card\" content=\"summary_large_image\" \/>\n<script type=\"application\/ld+json\" class=\"yoast-schema-graph\">{\"@context\":\"https:\/\/schema.org\",\"@graph\":[{\"@type\":\"WebPage\",\"@id\":\"https:\/\/www.atlantastretch.com\/nl\/product\/sfera-with-arm\/\",\"url\":\"https:\/\/www.atlantastretch.com\/nl\/product\/sfera-with-arm\/\",\"name\":\"Sfera with arm - Atlanta Stretch\",\"isPartOf\":{\"@id\":\"https:\/\/www.atlantastretch.com\/nl\/#website\"},\"primaryImageOfPage\":{\"@id\":\"https:\/\/www.atlantastretch.com\/nl\/product\/sfera-with-arm\/#primaryimage\"},\"image\":{\"@id\":\"https:\/\/www.atlantastretch.com\/nl\/product\/sfera-with-arm\/#primaryimage\"},\"thumbnailUrl\":\"https:\/\/www.atlantastretch.com\/wp-content\/uploads\/2024\/02\/1080x1080_SFERA-ARM.png\",\"datePublished\":\"2024-02-27T08:34:11+00:00\",\"dateModified\":\"2024-03-20T11:33:23+00:00\",\"description\":\"- Sfera with arm - Atlanta Stretch %\",\"breadcrumb\":{\"@id\":\"https:\/\/www.atlantastretch.com\/nl\/product\/sfera-with-arm\/#breadcrumb\"},\"inLanguage\":\"nl-NL\",\"potentialAction\":[{\"@type\":\"ReadAction\",\"target\":[\"https:\/\/www.atlantastretch.com\/nl\/product\/sfera-with-arm\/\"]}]},{\"@type\":\"ImageObject\",\"inLanguage\":\"nl-NL\",\"@id\":\"https:\/\/www.atlantastretch.com\/nl\/product\/sfera-with-arm\/#primaryimage\",\"url\":\"https:\/\/www.atlantastretch.com\/wp-content\/uploads\/2024\/02\/1080x1080_SFERA-ARM.png\",\"contentUrl\":\"https:\/\/www.atlantastretch.com\/wp-content\/uploads\/2024\/02\/1080x1080_SFERA-ARM.png\",\"width\":1080,\"height\":1080},{\"@type\":\"BreadcrumbList\",\"@id\":\"https:\/\/www.atlantastretch.com\/nl\/product\/sfera-with-arm\/#breadcrumb\",\"itemListElement\":[{\"@type\":\"ListItem\",\"position\":1,\"name\":\"Home\",\"item\":\"https:\/\/www.atlantastretch.com\/nl\/\"},{\"@type\":\"ListItem\",\"position\":2,\"name\":\"Catalogo\",\"item\":\"https:\/\/www.atlantastretch.com\/nl\/winkel\/\"},{\"@type\":\"ListItem\",\"position\":3,\"name\":\"Sfera with arm\"}]},{\"@type\":\"WebSite\",\"@id\":\"https:\/\/www.atlantastretch.com\/nl\/#website\",\"url\":\"https:\/\/www.atlantastretch.com\/nl\/\",\"name\":\"Atlanta Stretch\",\"description\":\"Macchine per imballaggio pallet con film\",\"publisher\":{\"@id\":\"https:\/\/www.atlantastretch.com\/nl\/#organization\"},\"alternateName\":\"Atlanta Stretch soluzioni per il finelinea\",\"potentialAction\":[{\"@type\":\"SearchAction\",\"target\":{\"@type\":\"EntryPoint\",\"urlTemplate\":\"https:\/\/www.atlantastretch.com\/nl\/?s={search_term_string}\"},\"query-input\":\"required name=search_term_string\"}],\"inLanguage\":\"nl-NL\"},{\"@type\":\"Organization\",\"@id\":\"https:\/\/www.atlantastretch.com\/nl\/#organization\",\"name\":\"Atlanta Stretch\",\"alternateName\":\"Atlanta Stretch soluzioni per il finelinea\",\"url\":\"https:\/\/www.atlantastretch.com\/nl\/\",\"logo\":{\"@type\":\"ImageObject\",\"inLanguage\":\"nl-NL\",\"@id\":\"https:\/\/www.atlantastretch.com\/nl\/#\/schema\/logo\/image\/\",\"url\":\"https:\/\/www.atlantastretch.com\/wp-content\/uploads\/2024\/01\/cropped-logotipo-rosso.png\",\"contentUrl\":\"https:\/\/www.atlantastretch.com\/wp-content\/uploads\/2024\/01\/cropped-logotipo-rosso.png\",\"width\":512,\"height\":512,\"caption\":\"Atlanta Stretch\"},\"image\":{\"@id\":\"https:\/\/www.atlantastretch.com\/nl\/#\/schema\/logo\/image\/\"},\"sameAs\":[\"https:\/\/www.facebook.com\/atlantastretchspa\",\"https:\/\/www.instagram.com\/atlantastretch_official\/\",\"https:\/\/www.linkedin.com\/company\/atlanta-stretch-spa\/\",\"https:\/\/www.youtube.com\/channel\/UCqNtlDqg_fw0AIH20Kfj04Q\"]}]}<\/script>\n<!-- \/ Yoast SEO plugin. -->","yoast_head_json":{"title":"Sfera with arm - Atlanta Stretch","description":"- Sfera with arm - Atlanta Stretch %","robots":{"index":"index","follow":"follow","max-snippet":"max-snippet:-1","max-image-preview":"max-image-preview:large","max-video-preview":"max-video-preview:-1"},"canonical":"https:\/\/www.atlantastretch.com\/nl\/product\/sfera-with-arm\/","og_locale":"nl_NL","og_type":"article","og_title":"Sfera with arm - Atlanta Stretch","og_description":"- Sfera with arm - Atlanta Stretch %","og_site_name":"Atlanta Stretch","article_publisher":"https:\/\/www.facebook.com\/atlantastretchspa","article_modified_time":"2024-03-20T11:33:23+00:00","og_image":[{"width":1080,"height":1080,"url":"https:\/\/www.atlantastretch.com\/wp-content\/uploads\/2024\/02\/Sfera-con-braccio.png","type":"image\/png"}],"twitter_card":"summary_large_image","schema":{"@context":"https:\/\/schema.org","@graph":[{"@type":"WebPage","@id":"https:\/\/www.atlantastretch.com\/nl\/product\/sfera-with-arm\/","url":"https:\/\/www.atlantastretch.com\/nl\/product\/sfera-with-arm\/","name":"Sfera with arm - Atlanta Stretch","isPartOf":{"@id":"https:\/\/www.atlantastretch.com\/nl\/#website"},"primaryImageOfPage":{"@id":"https:\/\/www.atlantastretch.com\/nl\/product\/sfera-with-arm\/#primaryimage"},"image":{"@id":"https:\/\/www.atlantastretch.com\/nl\/product\/sfera-with-arm\/#primaryimage"},"thumbnailUrl":"https:\/\/www.atlantastretch.com\/wp-content\/uploads\/2024\/02\/1080x1080_SFERA-ARM.png","datePublished":"2024-02-27T08:34:11+00:00","dateModified":"2024-03-20T11:33:23+00:00","description":"- Sfera with arm - Atlanta Stretch %","breadcrumb":{"@id":"https:\/\/www.atlantastretch.com\/nl\/product\/sfera-with-arm\/#breadcrumb"},"inLanguage":"nl-NL","potentialAction":[{"@type":"ReadAction","target":["https:\/\/www.atlantastretch.com\/nl\/product\/sfera-with-arm\/"]}]},{"@type":"ImageObject","inLanguage":"nl-NL","@id":"https:\/\/www.atlantastretch.com\/nl\/product\/sfera-with-arm\/#primaryimage","url":"https:\/\/www.atlantastretch.com\/wp-content\/uploads\/2024\/02\/1080x1080_SFERA-ARM.png","contentUrl":"https:\/\/www.atlantastretch.com\/wp-content\/uploads\/2024\/02\/1080x1080_SFERA-ARM.png","width":1080,"height":1080},{"@type":"BreadcrumbList","@id":"https:\/\/www.atlantastretch.com\/nl\/product\/sfera-with-arm\/#breadcrumb","itemListElement":[{"@type":"ListItem","position":1,"name":"Home","item":"https:\/\/www.atlantastretch.com\/nl\/"},{"@type":"ListItem","position":2,"name":"Catalogo","item":"https:\/\/www.atlantastretch.com\/nl\/winkel\/"},{"@type":"ListItem","position":3,"name":"Sfera with arm"}]},{"@type":"WebSite","@id":"https:\/\/www.atlantastretch.com\/nl\/#website","url":"https:\/\/www.atlantastretch.com\/nl\/","name":"Atlanta Stretch","description":"Macchine per imballaggio pallet con film","publisher":{"@id":"https:\/\/www.atlantastretch.com\/nl\/#organization"},"alternateName":"Atlanta Stretch soluzioni per il finelinea","potentialAction":[{"@type":"SearchAction","target":{"@type":"EntryPoint","urlTemplate":"https:\/\/www.atlantastretch.com\/nl\/?s={search_term_string}"},"query-input":"required name=search_term_string"}],"inLanguage":"nl-NL"},{"@type":"Organization","@id":"https:\/\/www.atlantastretch.com\/nl\/#organization","name":"Atlanta Stretch","alternateName":"Atlanta Stretch soluzioni per il finelinea","url":"https:\/\/www.atlantastretch.com\/nl\/","logo":{"@type":"ImageObject","inLanguage":"nl-NL","@id":"https:\/\/www.atlantastretch.com\/nl\/#\/schema\/logo\/image\/","url":"https:\/\/www.atlantastretch.com\/wp-content\/uploads\/2024\/01\/cropped-logotipo-rosso.png","contentUrl":"https:\/\/www.atlantastretch.com\/wp-content\/uploads\/2024\/01\/cropped-logotipo-rosso.png","width":512,"height":512,"caption":"Atlanta Stretch"},"image":{"@id":"https:\/\/www.atlantastretch.com\/nl\/#\/schema\/logo\/image\/"},"sameAs":["https:\/\/www.facebook.com\/atlantastretchspa","https:\/\/www.instagram.com\/atlantastretch_official\/","https:\/\/www.linkedin.com\/company\/atlanta-stretch-spa\/","https:\/\/www.youtube.com\/channel\/UCqNtlDqg_fw0AIH20Kfj04Q"]}]}},"_links":{"self":[{"href":"https:\/\/www.atlantastretch.com\/nl\/wp-json\/wp\/v2\/product\/7455","targetHints":{"allow":["GET"]}}],"collection":[{"href":"https:\/\/www.atlantastretch.com\/nl\/wp-json\/wp\/v2\/product"}],"about":[{"href":"https:\/\/www.atlantastretch.com\/nl\/wp-json\/wp\/v2\/types\/product"}],"replies":[{"embeddable":true,"href":"https:\/\/www.atlantastretch.com\/nl\/wp-json\/wp\/v2\/comments?post=7455"}],"wp:featuredmedia":[{"embeddable":true,"href":"https:\/\/www.atlantastretch.com\/nl\/wp-json\/wp\/v2\/media\/18814"}],"wp:attachment":[{"href":"https:\/\/www.atlantastretch.com\/nl\/wp-json\/wp\/v2\/media?parent=7455"}],"wp:term":[{"taxonomy":"tecnologia","embeddable":true,"href":"https:\/\/www.atlantastretch.com\/nl\/wp-json\/wp\/v2\/tecnologia?post=7455"},{"taxonomy":"product_cat","embeddable":true,"href":"https:\/\/www.atlantastretch.com\/nl\/wp-json\/wp\/v2\/product_cat?post=7455"},{"taxonomy":"product_tag","embeddable":true,"href":"https:\/\/www.atlantastretch.com\/nl\/wp-json\/wp\/v2\/product_tag?post=7455"}],"curies":[{"name":"wp","href":"https:\/\/api.w.org\/{rel}","templated":true}]}}